{"id":1290,"date":"2023-02-21T21:54:17","date_gmt":"2023-02-21T13:54:17","guid":{"rendered":"https:\/\/es.wzutechtires.com\/?post_type=product&#038;p=1290"},"modified":"2023-07-21T11:55:42","modified_gmt":"2023-07-21T03:55:42","slug":"reac-r05","status":"publish","type":"product","link":"https:\/\/es.wzutechtires.com\/index.php\/product\/reac-r05\/","title":{"rendered":"REAC R05"},"content":{"rendered":"<table width=\"467\">\n<tbody>\n<tr>\n<td width=\"113\">TAMA\u00d1O<\/td>\n<td width=\"94\">LI\/SS<\/td>\n<td width=\"96\">RANGO DE TAMA\u00d1O<\/td>\n<td width=\"94\">PARED LATERAL<\/td>\n<td width=\"70\">UTQG<\/td>\n<\/tr>\n<tr>\n<td>155\/65R13<\/td>\n<td>77H XL<\/td>\n<td>\u00a0HP<\/td>\n<td>NEGRO<\/td>\n<td>440AA<\/td>\n<\/tr>\n<tr>\n<td>155\/70R13<\/td>\n<td>75T<\/td>\n<td>HP<\/td>\n<td>NEGRO<\/td>\n<td>440AA<\/td>\n<\/tr>\n<tr>\n<td>165\/65R13<\/td>\n<td>77H<\/td>\n<td>HP<\/td>\n<td>NEGRO<\/td>\n<td>440AA<\/td>\n<\/tr>\n<tr>\n<td>165\/70R13<\/td>\n<td>79T<\/td>\n<td>HP<\/td>\n<td>NEGRO<\/td>\n<td>440AA<\/td>\n<\/tr>\n<tr>\n<td>175\/70R13<\/td>\n<td>82H<\/td>\n<td>HP<\/td>\n<td>NEGRO<\/td>\n<td>440AA<\/td>\n<\/tr>\n<tr>\n<td>185\/60R13<\/td>\n<td>80H<\/td>\n<td>HP<\/td>\n<td>NEGRO<\/td>\n<td>440AA<\/td>\n<\/tr>\n<tr>\n<td>185\/70R13<\/td>\n<td>86T<\/td>\n<td>HP<\/td>\n<td>NEGRO<\/td>\n<td>440AA<\/td>\n<\/tr>\n<tr>\n<td>155\/65R14<\/td>\n<td>79H XL<\/td>\n<td>HP<\/td>\n<td>NEGRO<\/td>\n<td>440AA<\/td>\n<\/tr>\n<tr>\n<td>155\/70R14<\/td>\n<td>77T<\/td>\n<td>HP<\/td>\n<td>NEGRO<\/td>\n<td>440AA<\/td>\n<\/tr>\n<tr>\n<td>165\/55R14<\/td>\n<td>72V<\/td>\n<td>HP<\/td>\n<td>NEGRO<\/td>\n<td>440AA<\/td>\n<\/tr>\n<tr>\n<td>175\/65R14<\/td>\n<td>82H<\/td>\n<td>HP<\/td>\n<td>NEGRO<\/td>\n<td>440AA<\/td>\n<\/tr>\n<tr>\n<td>175\/70R14<\/td>\n<td>84T<\/td>\n<td>HP<\/td>\n<td>NEGRO<\/td>\n<td>440AA<\/td>\n<\/tr>\n<tr>\n<td>185\/60R14<\/td>\n<td>82H<\/td>\n<td>HP<\/td>\n<td>NEGRO<\/td>\n<td>440AA<\/td>\n<\/tr>\n<tr>\n<td>185\/65R14<\/td>\n<td>86H<\/td>\n<td>HP<\/td>\n<td>NEGRO<\/td>\n<td>440AA<\/td>\n<\/tr>\n<tr>\n<td>185\/70R14<\/td>\n<td>88T<\/td>\n<td>HP<\/td>\n<td>NEGRO<\/td>\n<td>440AA<\/td>\n<\/tr>\n<tr>\n<td>195\/60R14<\/td>\n<td>86H<\/td>\n<td>HP<\/td>\n<td>NEGRO<\/td>\n<td>440AA<\/td>\n<\/tr>\n<tr>\n<td>195\/70R14<\/td>\n<td>91H<\/td>\n<td>HP<\/td>\n<td>NEGRO<\/td>\n<td>440AA<\/td>\n<\/tr>\n<tr>\n<td>165\/50R15<\/td>\n<td>72V<\/td>\n<td>HP<\/td>\n<td>NEGRO<\/td>\n<td>440AA<\/td>\n<\/tr>\n<tr>\n<td>165\/55R15<\/td>\n<td>75V<\/td>\n<td>HP<\/td>\n<td>NEGRO<\/td>\n<td>440AA<\/td>\n<\/tr>\n<tr>\n<td>175\/50R15<\/td>\n<td>75H<\/td>\n<td>HP<\/td>\n<td>NEGRO<\/td>\n<td>440AA<\/td>\n<\/tr>\n<tr>\n<td>185\/60R15<\/td>\n<td>88H XL<\/td>\n<td>HP<\/td>\n<td>NEGRO<\/td>\n<td>440AA<\/td>\n<\/tr>\n<tr>\n<td>185\/65R15<\/td>\n<td>88H<\/td>\n<td>HP<\/td>\n<td>NEGRO<\/td>\n<td>440AA<\/td>\n<\/tr>\n<tr>\n<td>195\/60R15<\/td>\n<td>88V<\/td>\n<td>HP<\/td>\n<td>NEGRO<\/td>\n<td>440AA<\/td>\n<\/tr>\n<tr>\n<td>195\/65R15<\/td>\n<td>91H<\/td>\n<td>HP<\/td>\n<td>NEGRO<\/td>\n<td>440AA<\/td>\n<\/tr>\n<tr>\n<td>205\/60R15<\/td>\n<td>91V<\/td>\n<td>HP<\/td>\n<td>NEGRO<\/td>\n<td>440AA<\/td>\n<\/tr>\n<tr>\n<td>205\/65R15<\/td>\n<td>94H<\/td>\n<td>HP<\/td>\n<td>NEGRO<\/td>\n<td>440AA<\/td>\n<\/tr>\n<tr>\n<td>215\/65R15<\/td>\n<td>100H XL<\/td>\n<td>HP<\/td>\n<td>NEGRO<\/td>\n<td>440AA<\/td>\n<\/tr>\n<tr>\n<td>195\/60R16<\/td>\n<td>91V<\/td>\n<td>HP<\/td>\n<td>NEGRO<\/td>\n<td>440AA<\/td>\n<\/tr>\n<tr>\n<td>205\/55R16<\/td>\n<td>94V XL<\/td>\n<td>HP<\/td>\n<td>NEGRO<\/td>\n<td>440AA<\/td>\n<\/tr>\n<tr>\n<td>205\/60R16<\/td>\n<td>92V<\/td>\n<td>HP<\/td>\n<td>NEGRO<\/td>\n<td>440AA<\/td>\n<\/tr>\n<tr>\n<td>215\/60R16<\/td>\n<td>95V<\/td>\n<td>HP<\/td>\n<td>NEGRO<\/td>\n<td>440AA<\/td>\n<\/tr>\n<tr>\n<td>205\/65R16<\/td>\n<td>95V<\/td>\n<td>HP<\/td>\n<td>NEGRO<\/td>\n<td>440AA<\/td>\n<\/tr>\n<tr>\n<td>215\/65R16<\/td>\n<td>98H<\/td>\n<td>HP<\/td>\n<td>NEGRO<\/td>\n<td>440AA<\/td>\n<\/tr>\n<tr>\n<td>225\/60R16<\/td>\n<td>102H XL<\/td>\n<td>HP<\/td>\n<td>NEGRO<\/td>\n<td>440AA<\/td>\n<\/tr>\n<tr>\n<td>215\/65R16<\/td>\n<td>98H<\/td>\n<td>HP<\/td>\n<td>NEGRO<\/td>\n<td>440AA<\/td>\n<\/tr>\n<tr>\n<td>225\/60R16<\/td>\n<td>102H XL<\/td>\n<td>HP<\/td>\n<td>NEGRO<\/td>\n<td>440AA<\/td>\n<\/tr>\n<\/tbody>\n<\/table>\n","protected":false},"excerpt":{"rendered":"<ul>\n<li>Hombro lateral de bloque grande dise\u00f1ado para proporcionar alta rigidez, manejo preciso y excelente estabilidad en las curvas.<\/li>\n<li>El dise\u00f1o de nervadura central ancha mejora la estabilidad en condiciones de alta velocidad.<\/li>\n<li>Disposici\u00f3n de intercepci\u00f3n antisim\u00e9trica, las ranuras escalonadas de la banda de rodadura reducen el ruido para garantizar un desgaste uniforme de la banda de rodadura.<\/li>\n<li>El dise\u00f1o de cuatro ranuras anchas proporciona un excelente rendimiento de drenaje y disipaci\u00f3n de calor.<\/li>\n<\/ul>\n","protected":false},"featured_media":1294,"template":"","meta":[],"product_cat":[34],"product_tag":[],"class_list":["post-1290","product","type-product","status-publish","has-post-thumbnail","hentry","product_cat-hp-tire"],"acf":[],"_links":{"self":[{"href":"https:\/\/es.wzutechtires.com\/index.php\/wp-json\/wp\/v2\/product\/1290","targetHints":{"allow":["GET"]}}],"collection":[{"href":"https:\/\/es.wzutechtires.com\/index.php\/wp-json\/wp\/v2\/product"}],"about":[{"href":"https:\/\/es.wzutechtires.com\/index.php\/wp-json\/wp\/v2\/types\/product"}],"wp:featuredmedia":[{"embeddable":true,"href":"https:\/\/es.wzutechtires.com\/index.php\/wp-json\/wp\/v2\/media\/1294"}],"wp:attachment":[{"href":"https:\/\/es.wzutechtires.com\/index.php\/wp-json\/wp\/v2\/media?parent=1290"}],"wp:term":[{"taxonomy":"product_cat","embeddable":true,"href":"https:\/\/es.wzutechtires.com\/index.php\/wp-json\/wp\/v2\/product_cat?post=1290"},{"taxonomy":"product_tag","embeddable":true,"href":"https:\/\/es.wzutechtires.com\/index.php\/wp-json\/wp\/v2\/product_tag?post=1290"}],"curies":[{"name":"wp","href":"https:\/\/api.w.org\/{rel}","templated":true}]}}