{"id":1319,"date":"2023-02-22T17:04:47","date_gmt":"2023-02-22T09:04:47","guid":{"rendered":"https:\/\/es.wzutechtires.com\/?post_type=product&#038;p=1319"},"modified":"2023-03-22T14:24:22","modified_gmt":"2023-03-22T06:24:22","slug":"revimax-r03","status":"publish","type":"product","link":"https:\/\/es.wzutechtires.com\/index.php\/product\/revimax-r03\/","title":{"rendered":"REVIMAX R03"},"content":{"rendered":"<table width=\"695\">\n<tbody>\n<tr>\n<td width=\"163\">TAMA\u00d1O<\/td>\n<td width=\"109\">LI\/SS<\/td>\n<td width=\"174\">RANGO DE TAMA\u00d1O<\/td>\n<td width=\"70\">PARED LATERAL<\/td>\n<td width=\"70\">UTQG<\/td>\n<\/tr>\n<tr>\n<td>215\/45ZR17<\/td>\n<td>91WXL<\/td>\n<td>PATR\u00d3N DIRECCIONAL<\/td>\n<td>NEGRO<\/td>\n<td>280AA<\/td>\n<\/tr>\n<tr>\n<td>225\/40ZR18<\/td>\n<td>92WXL<\/td>\n<td>PATR\u00d3N DIRECCIONAL<\/td>\n<td>NEGRO<\/td>\n<td>280AA<\/td>\n<\/tr>\n<tr>\n<td>255\/50R18<\/td>\n<td>102V<\/td>\n<td>PATR\u00d3N DIRECCIONAL<\/td>\n<td>NEGRO<\/td>\n<td>280AA<\/td>\n<\/tr>\n<tr>\n<td>255\/55R18<\/td>\n<td>109VXL<\/td>\n<td>PATR\u00d3N DIRECCIONAL<\/td>\n<td>NEGRO<\/td>\n<td>280AA<\/td>\n<\/tr>\n<tr>\n<td>235\/45R18<\/td>\n<td>98VXL<\/td>\n<td>PATR\u00d3N DIRECCIONAL<\/td>\n<td>NEGRO<\/td>\n<td>280AA<\/td>\n<\/tr>\n<tr>\n<td>245\/40ZR18<\/td>\n<td>97WXL<\/td>\n<td>PATR\u00d3N DIRECCIONAL<\/td>\n<td>NEGRO<\/td>\n<td>280AA<\/td>\n<\/tr>\n<tr>\n<td>265\/40R18<\/td>\n<td>101VXL<\/td>\n<td>PATR\u00d3N DIRECCIONAL<\/td>\n<td>NEGRO<\/td>\n<td>280AA<\/td>\n<\/tr>\n<tr>\n<td>275\/40ZR18<\/td>\n<td>103WXL<\/td>\n<td>PATR\u00d3N DIRECCIONAL<\/td>\n<td>NEGRO<\/td>\n<td>280AA<\/td>\n<\/tr>\n<\/tbody>\n<\/table>\n","protected":false},"excerpt":{"rendered":"<ul>\n<li>El dise\u00f1o de ranuras verticales anchas mejora efectivamente la capacidad de prevenci\u00f3n de deslizamiento lateral.<\/li>\n<li>La nervadura recta en el centro de la banda de rodadura garantiza la estabilidad del movimiento recto.<\/li>\n<li>La ranura direccional en forma de V ayuda a drenar y acortar la distancia de frenado, brindando un agarre excelente en condiciones de camino dif\u00edciles y mejorando el rendimiento de seguridad.<\/li>\n<li>El bloque de patr\u00f3n s\u00f3lido en el hombro garantiza una reacci\u00f3n r\u00e1pida y estabilidad durante los giros, mejorando el rendimiento del movimiento.<\/li>\n<\/ul>\n","protected":false},"featured_media":1322,"template":"","meta":[],"product_cat":[35],"product_tag":[],"class_list":["post-1319","product","type-product","status-publish","has-post-thumbnail","hentry","product_cat-uhp"],"acf":[],"_links":{"self":[{"href":"https:\/\/es.wzutechtires.com\/index.php\/wp-json\/wp\/v2\/product\/1319","targetHints":{"allow":["GET"]}}],"collection":[{"href":"https:\/\/es.wzutechtires.com\/index.php\/wp-json\/wp\/v2\/product"}],"about":[{"href":"https:\/\/es.wzutechtires.com\/index.php\/wp-json\/wp\/v2\/types\/product"}],"wp:featuredmedia":[{"embeddable":true,"href":"https:\/\/es.wzutechtires.com\/index.php\/wp-json\/wp\/v2\/media\/1322"}],"wp:attachment":[{"href":"https:\/\/es.wzutechtires.com\/index.php\/wp-json\/wp\/v2\/media?parent=1319"}],"wp:term":[{"taxonomy":"product_cat","embeddable":true,"href":"https:\/\/es.wzutechtires.com\/index.php\/wp-json\/wp\/v2\/product_cat?post=1319"},{"taxonomy":"product_tag","embeddable":true,"href":"https:\/\/es.wzutechtires.com\/index.php\/wp-json\/wp\/v2\/product_tag?post=1319"}],"curies":[{"name":"wp","href":"https:\/\/api.w.org\/{rel}","templated":true}]}}