{"id":1332,"date":"2023-02-23T15:00:15","date_gmt":"2023-02-23T07:00:15","guid":{"rendered":"https:\/\/es.wzutechtires.com\/?post_type=product&#038;p=1332"},"modified":"2023-07-21T10:45:27","modified_gmt":"2023-07-21T02:45:27","slug":"raptor-r09","status":"publish","type":"product","link":"https:\/\/es.wzutechtires.com\/index.php\/product\/raptor-r09\/","title":{"rendered":"RAPTOR R09"},"content":{"rendered":"<table style=\"width: 101.366%;\" border=\"0\" width=\"486\" cellspacing=\"0\" cellpadding=\"0\">\n<tbody>\n<tr>\n<td style=\"width: 34.6311%;\" width=\"169\" height=\"19\">TAMA\u00d1O<\/td>\n<td style=\"width: 25.6148%;\" width=\"125\">LI\/SS<\/td>\n<td style=\"width: 19.2623%;\" width=\"93\">RANGO DE TAMA\u00d1O<\/td>\n<td style=\"width: 200.615%;\" width=\"97\">PARED LATERAL<\/td>\n<\/tr>\n<tr>\n<td style=\"width: 34.6311%;\" height=\"19\">205\/70R14<\/td>\n<td style=\"width: 25.6148%;\">98TXL<\/td>\n<td style=\"width: 19.2623%;\">AT<\/td>\n<td style=\"width: 200.615%;\">NEGRO<\/td>\n<\/tr>\n<tr>\n<td style=\"width: 34.6311%;\" height=\"19\">205\/75R15<\/td>\n<td style=\"width: 25.6148%;\">99SXL<\/td>\n<td style=\"width: 19.2623%;\">AT<\/td>\n<td style=\"width: 200.615%;\">NEGRO<\/td>\n<\/tr>\n<tr>\n<td style=\"width: 34.6311%;\" height=\"19\">205\/60R15<\/td>\n<td style=\"width: 25.6148%;\">95HXL<\/td>\n<td style=\"width: 19.2623%;\">EN<\/td>\n<td style=\"width: 200.615%;\">NEGRO<\/td>\n<\/tr>\n<tr>\n<td style=\"width: 34.6311%;\" height=\"19\">235\/75R15<\/td>\n<td style=\"width: 25.6148%;\">109SXL<\/td>\n<td style=\"width: 19.2623%;\">AT<\/td>\n<td style=\"width: 200.615%;\">NEGRO<\/td>\n<\/tr>\n<tr>\n<td style=\"width: 34.6311%;\" height=\"19\">265\/70R15<\/td>\n<td style=\"width: 25.6148%;\">112S<\/td>\n<td style=\"width: 19.2623%;\">AT<\/td>\n<td style=\"width: 200.615%;\">NEGRO<\/td>\n<\/tr>\n<tr>\n<td style=\"width: 34.6311%;\" height=\"19\">215\/70R16<\/td>\n<td style=\"width: 25.6148%;\">100H<\/td>\n<td style=\"width: 19.2623%;\">AT<\/td>\n<td style=\"width: 200.615%;\">NEGRO<\/td>\n<\/tr>\n<tr>\n<td style=\"width: 34.6311%;\" height=\"19\">235\/70R16<\/td>\n<td style=\"width: 25.6148%;\">106T<\/td>\n<td style=\"width: 19.2623%;\">AT<\/td>\n<td style=\"width: 200.615%;\">NEGRO<\/td>\n<\/tr>\n<tr>\n<td style=\"width: 34.6311%;\" height=\"19\">245\/70R16<\/td>\n<td style=\"width: 25.6148%;\">111SXL<\/td>\n<td style=\"width: 19.2623%;\">AT<\/td>\n<td style=\"width: 200.615%;\">NEGRO<\/td>\n<\/tr>\n<tr>\n<td style=\"width: 34.6311%;\" height=\"19\">245\/75R16<\/td>\n<td style=\"width: 25.6148%;\">109S<\/td>\n<td style=\"width: 19.2623%;\">AT<\/td>\n<td style=\"width: 200.615%;\">NEGRO<\/td>\n<\/tr>\n<tr>\n<td style=\"width: 34.6311%;\" height=\"19\">255\/70R16<\/td>\n<td style=\"width: 25.6148%;\">111S<\/td>\n<td style=\"width: 19.2623%;\">AT<\/td>\n<td style=\"width: 200.615%;\">NEGRO<\/td>\n<\/tr>\n<tr>\n<td style=\"width: 34.6311%;\" height=\"19\">265\/70R16<\/td>\n<td style=\"width: 25.6148%;\">112S<\/td>\n<td style=\"width: 19.2623%;\">AT<\/td>\n<td style=\"width: 200.615%;\">NEGRO<\/td>\n<\/tr>\n<tr>\n<td style=\"width: 34.6311%;\" height=\"19\">265\/70R18<\/td>\n<td style=\"width: 25.6148%;\">116H<\/td>\n<td style=\"width: 19.2623%;\">AT<\/td>\n<td style=\"width: 200.615%;\">NEGRO<\/td>\n<\/tr>\n<tr>\n<td style=\"width: 34.6311%;\" height=\"19\">265\/75R16<\/td>\n<td style=\"width: 25.6148%;\">116S<\/td>\n<td style=\"width: 19.2623%;\">AT<\/td>\n<td style=\"width: 200.615%;\">NEGRO<\/td>\n<\/tr>\n<tr>\n<td style=\"width: 34.6311%;\" height=\"19\">235\/65R17<\/td>\n<td style=\"width: 25.6148%;\">108HXL<\/td>\n<td style=\"width: 19.2623%;\">AT<\/td>\n<td style=\"width: 200.615%;\">NEGRO<\/td>\n<\/tr>\n<tr>\n<td style=\"width: 34.6311%;\" height=\"19\">245\/65R17<\/td>\n<td style=\"width: 25.6148%;\">107H<\/td>\n<td style=\"width: 19.2623%;\">AT<\/td>\n<td style=\"width: 200.615%;\">NEGRO<\/td>\n<\/tr>\n<tr>\n<td style=\"width: 34.6311%;\" height=\"19\">265\/65R17<\/td>\n<td style=\"width: 25.6148%;\">112H<\/td>\n<td style=\"width: 19.2623%;\">AT<\/td>\n<td style=\"width: 200.615%;\">NEGRO<\/td>\n<\/tr>\n<tr>\n<td style=\"width: 34.6311%;\" height=\"19\">275\/60R17<\/td>\n<td style=\"width: 25.6148%;\">110H<\/td>\n<td style=\"width: 19.2623%;\">AT<\/td>\n<td style=\"width: 200.615%;\">NEGRO<\/td>\n<\/tr>\n<tr>\n<td style=\"width: 34.6311%;\" height=\"19\">275\/65R17<\/td>\n<td style=\"width: 25.6148%;\">115H<\/td>\n<td style=\"width: 19.2623%;\">AT<\/td>\n<td style=\"width: 200.615%;\">NEGRO<\/td>\n<\/tr>\n<tr>\n<td style=\"width: 34.6311%;\" height=\"19\">285\/60R18<\/td>\n<td style=\"width: 25.6148%;\">120HXL<\/td>\n<td style=\"width: 19.2623%;\">AT<\/td>\n<td style=\"width: 200.615%;\">NEGRO<\/td>\n<\/tr>\n<tr>\n<td style=\"width: 34.6311%;\" height=\"19\">265\/50R20<\/td>\n<td style=\"width: 25.6148%;\">111HXL<\/td>\n<td style=\"width: 19.2623%;\">AT<\/td>\n<td style=\"width: 200.615%;\">NEGRO<\/td>\n<\/tr>\n<tr>\n<td style=\"width: 34.6311%;\" height=\"19\">275\/60R20<\/td>\n<td style=\"width: 25.6148%;\">115H<\/td>\n<td style=\"width: 19.2623%;\">AT<\/td>\n<td style=\"width: 200.615%;\">NEGRO<\/td>\n<\/tr>\n<tr>\n<td style=\"width: 34.6311%;\" height=\"19\">LT215\/75R15<\/td>\n<td style=\"width: 25.6148%;\">100\/97S 6PR<\/td>\n<td style=\"width: 19.2623%;\">AT<\/td>\n<td style=\"width: 200.615%;\">NEGRO<\/td>\n<\/tr>\n<tr>\n<td style=\"width: 34.6311%;\" height=\"19\">LT235\/75R15<\/td>\n<td style=\"width: 25.6148%;\">110\/107S 8PR<\/td>\n<td style=\"width: 19.2623%;\">AT<\/td>\n<td style=\"width: 200.615%;\">NEGRO<\/td>\n<\/tr>\n<tr>\n<td style=\"width: 34.6311%;\" height=\"19\">LT235\/85R16<\/td>\n<td style=\"width: 25.6148%;\">120\/116S 10PR<\/td>\n<td style=\"width: 19.2623%;\">AT<\/td>\n<td style=\"width: 200.615%;\">NEGRO<\/td>\n<\/tr>\n<tr>\n<td style=\"width: 34.6311%;\" height=\"19\">LT245\/75R16<\/td>\n<td style=\"width: 25.6148%;\">120\/116Q 10PR<\/td>\n<td style=\"width: 19.2623%;\">AT<\/td>\n<td style=\"width: 200.615%;\">NEGRO<\/td>\n<\/tr>\n<tr>\n<td style=\"width: 34.6311%;\" height=\"19\">LT255\/70R15<\/td>\n<td style=\"width: 25.6148%;\">113\/110S 8PR<\/td>\n<td style=\"width: 19.2623%;\">AT<\/td>\n<td style=\"width: 200.615%;\">NEGRO<\/td>\n<\/tr>\n<tr>\n<td style=\"width: 34.6311%;\" height=\"19\">LT265\/75R16<\/td>\n<td style=\"width: 25.6148%;\">123\/120Q 10PR<\/td>\n<td style=\"width: 19.2623%;\">AT<\/td>\n<td style=\"width: 200.615%;\">NEGRO<\/td>\n<\/tr>\n<tr>\n<td style=\"width: 34.6311%;\" height=\"19\">LT285\/75R16<\/td>\n<td style=\"width: 25.6148%;\">126\/123R 10PR<\/td>\n<td style=\"width: 19.2623%;\">AT<\/td>\n<td style=\"width: 200.615%;\">NEGRO<\/td>\n<\/tr>\n<tr>\n<td style=\"width: 34.6311%;\" height=\"19\">LT245\/75R17<\/td>\n<td style=\"width: 25.6148%;\">121\/118S 10PR<\/td>\n<td style=\"width: 19.2623%;\">AT<\/td>\n<td style=\"width: 200.615%;\">NEGRO<\/td>\n<\/tr>\n<tr>\n<td style=\"width: 34.6311%;\" height=\"19\">LT265\/70R17<\/td>\n<td style=\"width: 25.6148%;\">121\/118S 10PR<\/td>\n<td style=\"width: 19.2623%;\">AT<\/td>\n<td style=\"width: 200.615%;\">NEGRO<\/td>\n<\/tr>\n<tr>\n<td style=\"width: 34.6311%;\" height=\"19\">LT285\/70R17<\/td>\n<td style=\"width: 25.6148%;\">121\/118S 10PR<\/td>\n<td style=\"width: 19.2623%;\">AT<\/td>\n<td style=\"width: 200.615%;\">NEGRO<\/td>\n<\/tr>\n<tr>\n<td style=\"width: 34.6311%;\" height=\"19\">LT285\/70R18<\/td>\n<td style=\"width: 25.6148%;\">127\/124Q<\/td>\n<td style=\"width: 19.2623%;\">AT<\/td>\n<td style=\"width: 200.615%;\">NEGRO<\/td>\n<\/tr>\n<tr>\n<td style=\"width: 34.6311%;\" height=\"19\">LT315\/70R17<\/td>\n<td style=\"width: 25.6148%;\">121\/118Q<\/td>\n<td style=\"width: 19.2623%;\">AT<\/td>\n<td style=\"width: 200.615%;\">NEGRO<\/td>\n<\/tr>\n<tr>\n<td style=\"width: 34.6311%;\" height=\"19\">30\u00d79.50R15LT<\/td>\n<td style=\"width: 25.6148%;\">104Q<\/td>\n<td style=\"width: 19.2623%;\">AT<\/td>\n<td style=\"width: 200.615%;\">NEGRO<\/td>\n<\/tr>\n<tr>\n<td style=\"width: 34.6311%;\" height=\"19\">31\u00d710.50R15LT<\/td>\n<td style=\"width: 25.6148%;\">109Q<\/td>\n<td style=\"width: 19.2623%;\">AT<\/td>\n<td style=\"width: 200.615%;\">NEGRO<\/td>\n<\/tr>\n<\/tbody>\n<\/table>\n","protected":false},"excerpt":{"rendered":"<ul>\n<li>El dise\u00f1o de cuatro ranuras principales a lo largo ofrece un excelente rendimiento de conducci\u00f3n en l\u00ednea recta. .<\/li>\n<li>El dise\u00f1o de ranura lateral proporciona un excelente drenaje y un rendimiento antideslizante.<\/li>\n<li>El fuerte bloque de hombro lateral dise\u00f1ado para veh\u00edculos con tracci\u00f3n en las cuatro ruedas garantiza el rendimiento de paso en carreteras complicadas.<\/li>\n<li>El dise\u00f1o especial de la pared de la ranura mejora el rendimiento de autolimpieza y garantiza el rendimiento todoterreno.<\/li>\n<\/ul>\n","protected":false},"featured_media":1333,"template":"","meta":[],"product_cat":[39],"product_tag":[],"class_list":["post-1332","product","type-product","status-publish","has-post-thumbnail","hentry","product_cat-at"],"acf":[],"_links":{"self":[{"href":"https:\/\/es.wzutechtires.com\/index.php\/wp-json\/wp\/v2\/product\/1332","targetHints":{"allow":["GET"]}}],"collection":[{"href":"https:\/\/es.wzutechtires.com\/index.php\/wp-json\/wp\/v2\/product"}],"about":[{"href":"https:\/\/es.wzutechtires.com\/index.php\/wp-json\/wp\/v2\/types\/product"}],"wp:featuredmedia":[{"embeddable":true,"href":"https:\/\/es.wzutechtires.com\/index.php\/wp-json\/wp\/v2\/media\/1333"}],"wp:attachment":[{"href":"https:\/\/es.wzutechtires.com\/index.php\/wp-json\/wp\/v2\/media?parent=1332"}],"wp:term":[{"taxonomy":"product_cat","embeddable":true,"href":"https:\/\/es.wzutechtires.com\/index.php\/wp-json\/wp\/v2\/product_cat?post=1332"},{"taxonomy":"product_tag","embeddable":true,"href":"https:\/\/es.wzutechtires.com\/index.php\/wp-json\/wp\/v2\/product_tag?post=1332"}],"curies":[{"name":"wp","href":"https:\/\/api.w.org\/{rel}","templated":true}]}}