{"id":1336,"date":"2023-02-23T15:05:44","date_gmt":"2023-02-23T07:05:44","guid":{"rendered":"https:\/\/es.wzutechtires.com\/?post_type=product&#038;p=1336"},"modified":"2023-03-22T14:13:37","modified_gmt":"2023-03-22T06:13:37","slug":"raxus-r07","status":"publish","type":"product","link":"https:\/\/es.wzutechtires.com\/index.php\/product\/raxus-r07\/","title":{"rendered":"RAXUS R07"},"content":{"rendered":"<table width=\"495\">\n<tbody>\n<tr>\n<td width=\"124\">TAMA\u00d1O<\/td>\n<td width=\"140\">LI\/SS<\/td>\n<td width=\"126\">RANGO DE TAMA\u00d1O<\/td>\n<td width=\"104\">PARED LATERAL<\/td>\n<\/tr>\n<tr>\n<td>185R14C<\/td>\n<td>102\/100S<\/td>\n<td>LTR<\/td>\n<td>NEGRO<\/td>\n<\/tr>\n<tr>\n<td>195R14C<\/td>\n<td>106\/104S<\/td>\n<td>LTR<\/td>\n<td>NEGRO<\/td>\n<\/tr>\n<tr>\n<td>175\/65R14C<\/td>\n<td>90\/88T<\/td>\n<td>LTR<\/td>\n<td>NEGRO<\/td>\n<\/tr>\n<tr>\n<td>195R15C<\/td>\n<td>106\/104S<\/td>\n<td>LTR<\/td>\n<td>NEGRO<\/td>\n<\/tr>\n<tr>\n<td>195\/70R15C<\/td>\n<td>104\/102S<\/td>\n<td>LTR<\/td>\n<td>NEGRO<\/td>\n<\/tr>\n<tr>\n<td>215\/65R15C<\/td>\n<td>104\/102T<\/td>\n<td>LTR<\/td>\n<td>NEGRO<\/td>\n<\/tr>\n<tr>\n<td>215\/70R15C<\/td>\n<td>109\/107S<\/td>\n<td>LTR<\/td>\n<td>NEGRO<\/td>\n<\/tr>\n<tr>\n<td>225\/70R15C<\/td>\n<td>112\/110S 8PR<\/td>\n<td>LTR<\/td>\n<td>NEGRO<\/td>\n<\/tr>\n<tr>\n<td>225\/70R15C<\/td>\n<td>115\/112S\u00a010PR<\/td>\n<td>LTR<\/td>\n<td>NEGRO<\/td>\n<\/tr>\n<tr>\n<td>195\/65R16C<\/td>\n<td>104\/102T<\/td>\n<td>LTR<\/td>\n<td>NEGRO<\/td>\n<\/tr>\n<tr>\n<td>215\/65R16C<\/td>\n<td>109\/107T<\/td>\n<td>LTR<\/td>\n<td>NEGRO<\/td>\n<\/tr>\n<tr>\n<td>225\/65R16C<\/td>\n<td>112\/110T<\/td>\n<td>LTR<\/td>\n<td>NEGRO<\/td>\n<\/tr>\n<tr>\n<td>235\/65R16C<\/td>\n<td>115\/113T<\/td>\n<td>LTR<\/td>\n<td>NEGRO<\/td>\n<\/tr>\n<tr>\n<td>185\/75R16C<\/td>\n<td>104\/102S<\/td>\n<td>LTR<\/td>\n<td>NEGRO<\/td>\n<\/tr>\n<tr>\n<td>195\/75R16C<\/td>\n<td>107\/105S<\/td>\n<td>LTR<\/td>\n<td>NEGRO<\/td>\n<\/tr>\n<tr>\n<td>215\/75R16C<\/td>\n<td>113\/111S<\/td>\n<td>LTR<\/td>\n<td>NEGRO<\/td>\n<\/tr>\n<\/tbody>\n<\/table>\n","protected":false},"excerpt":{"rendered":"<ul>\n<li>El dise\u00f1o de bloque de patr\u00f3n de banda de rodadura grande garantiza suficiente \u00e1rea de contacto de los neum\u00e1ticos y proporciona un excelente rendimiento de manejo en seco\/mojado. El material de la estructura de alta intensidad mejora la capacidad de carga de los neum\u00e1ticos, el compuesto de la banda de rodadura resistente al desgaste con dise\u00f1o de surcos profundos aumenta el kilometraje de los neum\u00e1ticos.<\/li>\n<li>El dise\u00f1o de 4 ranuras principales proporciona un excelente rendimiento de drenaje y estabilidad de conducci\u00f3n, el dise\u00f1o de ranuras en zigzag mejora el agarre en condiciones de carreteras mixtas.<\/li>\n<li>El dise\u00f1o de ranura lateral proporciona un excelente drenaje y un rendimiento antideslizante.<\/li>\n<\/ul>\n","protected":false},"featured_media":1337,"template":"","meta":[],"product_cat":[37],"product_tag":[],"class_list":["post-1336","product","type-product","status-publish","has-post-thumbnail","hentry","product_cat-ltr"],"acf":[],"_links":{"self":[{"href":"https:\/\/es.wzutechtires.com\/index.php\/wp-json\/wp\/v2\/product\/1336","targetHints":{"allow":["GET"]}}],"collection":[{"href":"https:\/\/es.wzutechtires.com\/index.php\/wp-json\/wp\/v2\/product"}],"about":[{"href":"https:\/\/es.wzutechtires.com\/index.php\/wp-json\/wp\/v2\/types\/product"}],"wp:featuredmedia":[{"embeddable":true,"href":"https:\/\/es.wzutechtires.com\/index.php\/wp-json\/wp\/v2\/media\/1337"}],"wp:attachment":[{"href":"https:\/\/es.wzutechtires.com\/index.php\/wp-json\/wp\/v2\/media?parent=1336"}],"wp:term":[{"taxonomy":"product_cat","embeddable":true,"href":"https:\/\/es.wzutechtires.com\/index.php\/wp-json\/wp\/v2\/product_cat?post=1336"},{"taxonomy":"product_tag","embeddable":true,"href":"https:\/\/es.wzutechtires.com\/index.php\/wp-json\/wp\/v2\/product_tag?post=1336"}],"curies":[{"name":"wp","href":"https:\/\/api.w.org\/{rel}","templated":true}]}}