{"id":1340,"date":"2023-02-23T15:36:50","date_gmt":"2023-02-23T07:36:50","guid":{"rendered":"https:\/\/es.wzutechtires.com\/?post_type=product&#038;p=1340"},"modified":"2023-07-21T10:46:02","modified_gmt":"2023-07-21T02:46:02","slug":"rammer-r08","status":"publish","type":"product","link":"https:\/\/es.wzutechtires.com\/index.php\/product\/rammer-r08\/","title":{"rendered":"RAMMER R08"},"content":{"rendered":"<table style=\"width: 101.205%;\" width=\"473\">\n<tbody>\n<tr>\n<td style=\"width: 31.8565%;\" width=\"158\">TAMA\u00d1O<\/td>\n<td style=\"width: 28.0591%;\" width=\"135\">LI\/SS<\/td>\n<td style=\"width: 20.8861%;\" width=\"103\">RANGO DE TAMA\u00d1O<\/td>\n<td style=\"width: 205.063%;\" width=\"76\">PARED LATERAL<\/td>\n<\/tr>\n<tr>\n<td style=\"width: 31.8565%;\">245\/75R16LT<\/td>\n<td style=\"width: 28.0591%;\">120\/116Q\u00a010PR<\/td>\n<td style=\"height: 24px; width: 20.8861%;\">MT<\/td>\n<td style=\"width: 205.063%;\">NEGRO<\/td>\n<\/tr>\n<tr>\n<td style=\"width: 31.8565%;\">265\/75R16LT<\/td>\n<td style=\"width: 28.0591%;\">123\/120Q\u00a010PR<\/td>\n<td style=\"height: 24px; width: 20.8861%;\">MT<\/td>\n<td style=\"width: 205.063%;\">NEGRO<\/td>\n<\/tr>\n<tr>\n<td style=\"width: 31.8565%;\">265\/70R17LT<\/td>\n<td style=\"width: 28.0591%;\">121\/118Q\u00a010PR<\/td>\n<td style=\"height: 24px; width: 20.8861%;\">MT<\/td>\n<td style=\"width: 205.063%;\">NEGRO<\/td>\n<\/tr>\n<tr>\n<td style=\"width: 31.8565%;\">285\/70R17LT<\/td>\n<td style=\"width: 28.0591%;\">121\/118Q\u00a010PR<\/td>\n<td style=\"height: 24px; width: 20.8861%;\">MT<\/td>\n<td style=\"width: 205.063%;\">NEGRO<\/td>\n<\/tr>\n<tr>\n<td style=\"width: 31.8565%;\">33*12.50R15LT<\/td>\n<td style=\"width: 28.0591%;\">108Q\u00a06PR<\/td>\n<td style=\"height: 24px; width: 20.8861%;\">MT<\/td>\n<td style=\"width: 205.063%;\">NEGRO<\/td>\n<\/tr>\n<tr>\n<td style=\"width: 31.8565%;\">35.12.50R17LT<\/td>\n<td style=\"width: 28.0591%;\">121Q\u00a010PR<\/td>\n<td style=\"height: 24px; width: 20.8861%;\">MT<\/td>\n<td style=\"width: 205.063%;\">NEGRO<\/td>\n<\/tr>\n<tr>\n<td style=\"width: 31.8565%;\">35.12.50R18LT<\/td>\n<td style=\"width: 28.0591%;\">123Q\u00a010PR<\/td>\n<td style=\"height: 24px; width: 20.8861%;\">MT<\/td>\n<td style=\"width: 205.063%;\">NEGRO<\/td>\n<\/tr>\n<tr>\n<td style=\"width: 31.8565%;\">33\u00d712.50R18LT<\/td>\n<td style=\"width: 28.0591%;\">118Q\u00a010PR<\/td>\n<td style=\"height: 24px; width: 20.8861%;\">MT<\/td>\n<td style=\"width: 205.063%;\">NEGRO<\/td>\n<\/tr>\n<tr>\n<td style=\"width: 31.8565%;\">33*12.50R20LT<\/td>\n<td style=\"width: 28.0591%;\">114Q\u00a010PR<\/td>\n<td style=\"height: 24px; width: 20.8861%;\">MT<\/td>\n<td style=\"width: 205.063%;\">NEGRO<\/td>\n<\/tr>\n<tr>\n<td style=\"width: 31.8565%;\">35\u00d712.50R20LT<\/td>\n<td style=\"width: 28.0591%;\">121Q\u00a010PR<\/td>\n<td style=\"height: 24px; width: 20.8861%;\">MT<\/td>\n<td style=\"width: 205.063%;\">NEGRO<\/td>\n<\/tr>\n<tr>\n<td style=\"width: 31.8565%;\">33\u00d712.50R22LT<\/td>\n<td style=\"width: 28.0591%;\">109Q\u00a010PR<\/td>\n<td style=\"height: 24px; width: 20.8861%;\">MT<\/td>\n<td style=\"width: 205.063%;\">NEGRO<\/td>\n<\/tr>\n<tr>\n<td style=\"width: 31.8565%;\">35\u00d712.50R22LT<\/td>\n<td style=\"width: 28.0591%;\">117Q\u00a010PR<\/td>\n<td style=\"height: 24px; width: 20.8861%;\">MT<\/td>\n<td style=\"width: 205.063%;\">NEGRO<\/td>\n<\/tr>\n<\/tbody>\n<\/table>\n","protected":false},"excerpt":{"rendered":"<ul>\n<li>El dise\u00f1o de la esquina de corte tridimensional en el hombro del neum\u00e1tico mejora la tracci\u00f3n y el rendimiento de manejo en la carretera sin pavimentar. .<\/li>\n<li>Ranura de disposici\u00f3n razonable en el bloque de patr\u00f3n, mejora el rendimiento y el manejo del neum\u00e1tico mojado.<\/li>\n<li>El dise\u00f1o de escal\u00f3n tridimensional y esquina de corte reduce efectivamente el desgaste de los neum\u00e1ticos.<\/li>\n<li>Muchos surcos en zigzag mejoran el agarre en la carretera sin asfaltar.<\/li>\n<\/ul>\n","protected":false},"featured_media":1341,"template":"","meta":[],"product_cat":[38],"product_tag":[],"class_list":["post-1340","product","type-product","status-publish","has-post-thumbnail","hentry","product_cat-mt"],"acf":[],"_links":{"self":[{"href":"https:\/\/es.wzutechtires.com\/index.php\/wp-json\/wp\/v2\/product\/1340","targetHints":{"allow":["GET"]}}],"collection":[{"href":"https:\/\/es.wzutechtires.com\/index.php\/wp-json\/wp\/v2\/product"}],"about":[{"href":"https:\/\/es.wzutechtires.com\/index.php\/wp-json\/wp\/v2\/types\/product"}],"wp:featuredmedia":[{"embeddable":true,"href":"https:\/\/es.wzutechtires.com\/index.php\/wp-json\/wp\/v2\/media\/1341"}],"wp:attachment":[{"href":"https:\/\/es.wzutechtires.com\/index.php\/wp-json\/wp\/v2\/media?parent=1340"}],"wp:term":[{"taxonomy":"product_cat","embeddable":true,"href":"https:\/\/es.wzutechtires.com\/index.php\/wp-json\/wp\/v2\/product_cat?post=1340"},{"taxonomy":"product_tag","embeddable":true,"href":"https:\/\/es.wzutechtires.com\/index.php\/wp-json\/wp\/v2\/product_tag?post=1340"}],"curies":[{"name":"wp","href":"https:\/\/api.w.org\/{rel}","templated":true}]}}