{"id":1349,"date":"2023-02-23T17:07:28","date_gmt":"2023-02-23T09:07:28","guid":{"rendered":"https:\/\/es.wzutechtires.com\/?post_type=product&#038;p=1349"},"modified":"2023-07-21T10:34:12","modified_gmt":"2023-07-21T02:34:12","slug":"revimax-r03s","status":"publish","type":"product","link":"https:\/\/es.wzutechtires.com\/index.php\/product\/revimax-r03s\/","title":{"rendered":"REVIMAX R03S"},"content":{"rendered":"<table style=\"width: 100.836%;\" border=\"0\" width=\"879\" cellspacing=\"0\" cellpadding=\"0\">\n<tbody>\n<tr>\n<td style=\"width: 14.6539%;\" width=\"140\" height=\"26\"><span style=\"font-size: 10pt;\">TAMA\u00d1O<\/span><\/td>\n<td style=\"width: 10.9336%;\" width=\"104\"><span style=\"font-size: 10pt;\">LI\/SS<\/span><\/td>\n<td style=\"width: 15.4438%;\" width=\"116\"><span style=\"font-size: 10pt;\">RANGO DE TAMA\u00d1O<\/span><\/td>\n<td style=\"width: 113.452%;\" colspan=\"7\" width=\"517\"><span style=\"font-size: 10pt;\">UTQG<\/span><\/td>\n<\/tr>\n<tr>\n<td style=\"width: 14.6539%;\" height=\"17\"><span style=\"font-size: 10pt;\">235\/40ZR18<\/span><\/td>\n<td style=\"width: 10.9336%;\"><span style=\"font-size: 10pt;\">95WXL<\/span><\/td>\n<td style=\"width: 15.4438%;\"><span style=\"font-size: 10pt;\">NEUM\u00c1TICO DE CARRERAS<\/span><\/td>\n<td style=\"width: 6.98237%;\"><span style=\"font-size: 10pt;\">80AA<\/span><\/td>\n<td style=\"width: 7.49149%;\"><span style=\"font-size: 10pt;\">140AA<\/span><\/td>\n<td style=\"width: 7.49149%;\"><span style=\"font-size: 10pt;\">180AA<\/span><\/td>\n<td style=\"width: 7.7185%;\"><span style=\"font-size: 10pt;\">240AA<\/span><\/td>\n<td style=\"width: 7.83201%;\"><span style=\"font-size: 10pt;\">200AA<\/span><\/td>\n<td style=\"width: 7.83201%;\"><span style=\"font-size: 10pt;\">280AA<\/span><\/td>\n<td style=\"width: 68.1044%;\"><span style=\"font-size: 10pt;\">380\/300AA<\/span><\/td>\n<\/tr>\n<tr>\n<td style=\"width: 14.6539%;\" height=\"17\"><span style=\"font-size: 10pt;\">265\/35ZR18<\/span><\/td>\n<td style=\"width: 10.9336%;\"><span style=\"font-size: 10pt;\">97WXL<\/span><\/td>\n<td style=\"width: 15.4438%;\"><span style=\"font-size: 10pt;\">NEUM\u00c1TICO DE CARRERAS<\/span><\/td>\n<td style=\"width: 6.98237%;\"><span style=\"font-size: 10pt;\">80AA<\/span><\/td>\n<td style=\"width: 7.49149%;\"><span style=\"font-size: 10pt;\">140AA<\/span><\/td>\n<td style=\"width: 7.49149%;\"><span style=\"font-size: 10pt;\">180AA<\/span><\/td>\n<td style=\"width: 7.7185%;\"><span style=\"font-size: 10pt;\">240AA<\/span><\/td>\n<td style=\"width: 7.83201%;\"><span style=\"font-size: 10pt;\">200AA<\/span><\/td>\n<td style=\"width: 7.83201%;\"><span style=\"font-size: 10pt;\">280AA<\/span><\/td>\n<td style=\"width: 68.1044%;\"><span style=\"font-size: 10pt;\">380\/300AA<\/span><\/td>\n<\/tr>\n<tr>\n<td style=\"width: 14.6539%;\" height=\"17\"><span style=\"font-size: 10pt;\">285\/35ZR18<\/span><\/td>\n<td style=\"width: 10.9336%;\"><span style=\"font-size: 10pt;\">101WXL<\/span><\/td>\n<td style=\"width: 15.4438%;\"><span style=\"font-size: 10pt;\">NEUM\u00c1TICO DE CARRERAS<\/span><\/td>\n<td style=\"width: 6.98237%;\"><span style=\"font-size: 10pt;\">80AA<\/span><\/td>\n<td style=\"width: 7.49149%;\"><span style=\"font-size: 10pt;\">140AA<\/span><\/td>\n<td style=\"width: 7.49149%;\"><span style=\"font-size: 10pt;\">180AA<\/span><\/td>\n<td style=\"width: 7.7185%;\"><span style=\"font-size: 10pt;\">240AA<\/span><\/td>\n<td style=\"width: 7.83201%;\"><span style=\"font-size: 10pt;\">200AA<\/span><\/td>\n<td style=\"width: 7.83201%;\"><span style=\"font-size: 10pt;\">280AA<\/span><\/td>\n<td style=\"width: 68.1044%;\"><span style=\"font-size: 10pt;\">380\/300AA<\/span><\/td>\n<\/tr>\n<\/tbody>\n<\/table>\n","protected":false},"excerpt":{"rendered":"<ul>\n<li>Dise\u00f1o de ranura tridimensional con cambio gradual de profundidad y \u00e1ngulo. Bueno para la emisi\u00f3n de gases, reduce el ruido y reduce la resistencia del aire a alta velocidad.<\/li>\n<\/ul>\n","protected":false},"featured_media":1431,"template":"","meta":[],"product_cat":[43],"product_tag":[],"class_list":["post-1349","product","type-product","status-publish","has-post-thumbnail","hentry","product_cat-racing-tire"],"acf":[],"_links":{"self":[{"href":"https:\/\/es.wzutechtires.com\/index.php\/wp-json\/wp\/v2\/product\/1349","targetHints":{"allow":["GET"]}}],"collection":[{"href":"https:\/\/es.wzutechtires.com\/index.php\/wp-json\/wp\/v2\/product"}],"about":[{"href":"https:\/\/es.wzutechtires.com\/index.php\/wp-json\/wp\/v2\/types\/product"}],"wp:featuredmedia":[{"embeddable":true,"href":"https:\/\/es.wzutechtires.com\/index.php\/wp-json\/wp\/v2\/media\/1431"}],"wp:attachment":[{"href":"https:\/\/es.wzutechtires.com\/index.php\/wp-json\/wp\/v2\/media?parent=1349"}],"wp:term":[{"taxonomy":"product_cat","embeddable":true,"href":"https:\/\/es.wzutechtires.com\/index.php\/wp-json\/wp\/v2\/product_cat?post=1349"},{"taxonomy":"product_tag","embeddable":true,"href":"https:\/\/es.wzutechtires.com\/index.php\/wp-json\/wp\/v2\/product_tag?post=1349"}],"curies":[{"name":"wp","href":"https:\/\/api.w.org\/{rel}","templated":true}]}}