{"id":1354,"date":"2023-02-23T17:19:59","date_gmt":"2023-02-23T09:19:59","guid":{"rendered":"https:\/\/es.wzutechtires.com\/?post_type=product&#038;p=1354"},"modified":"2023-06-19T11:53:38","modified_gmt":"2023-06-19T03:53:38","slug":"rf300","status":"publish","type":"product","link":"https:\/\/es.wzutechtires.com\/index.php\/product\/rf300\/","title":{"rendered":"RF300"},"content":{"rendered":"<table style=\"width: 101.24%;\" border=\"0\" width=\"822\" cellspacing=\"0\" cellpadding=\"0\">\n<tbody>\n<tr>\n<td style=\"width: 17.6542%;\" width=\"144\" height=\"26\"><span style=\"font-size: 10pt;\">TAMA\u00d1O<\/span><\/td>\n<td style=\"width: 17.7751%;\" width=\"145\"><span style=\"font-size: 10pt;\">RANGO DE TAMA\u00d1O<\/span><\/td>\n<td style=\"width: 129.383%;\" colspan=\"7\" width=\"532\"><span style=\"font-size: 10pt;\">UTQG<\/span><\/td>\n<\/tr>\n<tr>\n<td style=\"width: 17.6542%;\" height=\"15\"><span style=\"font-size: 10pt;\">190\/570R15<\/span><\/td>\n<td style=\"width: 17.7751%;\"><span style=\"font-size: 10pt;\">NEUM\u00c1TICO DE CARRERAS<\/span><\/td>\n<td style=\"width: 7.13422%;\"><span style=\"font-size: 10pt;\">80AA<\/span><\/td>\n<td style=\"width: 8.22249%;\"><span style=\"font-size: 10pt;\">140AA<\/span><\/td>\n<td style=\"width: 8.34341%;\"><span style=\"font-size: 10pt;\">180AA<\/span><\/td>\n<td style=\"width: 8.58525%;\"><span style=\"font-size: 10pt;\">240AA<\/span><\/td>\n<td style=\"width: 8.70617%;\"><span style=\"font-size: 10pt;\">200AA<\/span><\/td>\n<td style=\"width: 8.70617%;\"><span style=\"font-size: 10pt;\">280AA<\/span><\/td>\n<td style=\"width: 79.6856%;\"><span style=\"font-size: 10pt;\">380\/300AA<\/span><\/td>\n<\/tr>\n<tr>\n<td style=\"width: 17.6542%;\" height=\"15\"><span style=\"font-size: 10pt;\">240\/610R17<\/span><\/td>\n<td style=\"width: 17.7751%;\"><span style=\"font-size: 10pt;\">NEUM\u00c1TICO DE CARRERAS<\/span><\/td>\n<td style=\"width: 7.13422%;\"><span style=\"font-size: 10pt;\">80AA<\/span><\/td>\n<td style=\"width: 8.22249%;\"><span style=\"font-size: 10pt;\">140AA<\/span><\/td>\n<td style=\"width: 8.34341%;\"><span style=\"font-size: 10pt;\">180AA<\/span><\/td>\n<td style=\"width: 8.58525%;\"><span style=\"font-size: 10pt;\">240AA<\/span><\/td>\n<td style=\"width: 8.70617%;\"><span style=\"font-size: 10pt;\">200AA<\/span><\/td>\n<td style=\"width: 8.70617%;\"><span style=\"font-size: 10pt;\">280AA<\/span><\/td>\n<td style=\"width: 79.6856%;\"><span style=\"font-size: 10pt;\">380\/300AA<\/span><\/td>\n<\/tr>\n<tr>\n<td style=\"width: 17.6542%;\" height=\"15\"><span style=\"font-size: 10pt;\">250\/640R18<\/span><\/td>\n<td style=\"width: 17.7751%;\"><span style=\"font-size: 10pt;\">NEUM\u00c1TICO DE CARRERAS<\/span><\/td>\n<td style=\"width: 7.13422%;\"><span style=\"font-size: 10pt;\">80AA<\/span><\/td>\n<td style=\"width: 8.22249%;\"><span style=\"font-size: 10pt;\">140AA<\/span><\/td>\n<td style=\"width: 8.34341%;\"><span style=\"font-size: 10pt;\">180AA<\/span><\/td>\n<td style=\"width: 8.58525%;\"><span style=\"font-size: 10pt;\">240AA<\/span><\/td>\n<td style=\"width: 8.70617%;\"><span style=\"font-size: 10pt;\">200AA<\/span><\/td>\n<td style=\"width: 8.70617%;\"><span style=\"font-size: 10pt;\">280AA<\/span><\/td>\n<td style=\"width: 79.6856%;\"><span style=\"font-size: 10pt;\">380\/300AA<\/span><\/td>\n<\/tr>\n<\/tbody>\n<\/table>\n","protected":false},"excerpt":{"rendered":"<ul>\n<li>Dise\u00f1o de f\u00f3rmula de banda de rodadura de fusi\u00f3n en caliente, el neum\u00e1tico puede alcanzar la temperatura ideal m\u00e1s r\u00e1pido para adaptarse a la pista.<\/li>\n<li>La banda de rodadura le da al autom\u00f3vil el m\u00e1ximo agarre, y la curva redonda de la pared lateral proporciona al autom\u00f3vil una velocidad de giro y una velocidad de direcci\u00f3n sobresalientes al girar, as\u00ed como una espl\u00e9ndida estabilidad para la aceleraci\u00f3n en l\u00ednea recta.<\/li>\n<\/ul>\n","protected":false},"featured_media":1355,"template":"","meta":[],"product_cat":[43],"product_tag":[],"class_list":["post-1354","product","type-product","status-publish","has-post-thumbnail","hentry","product_cat-racing-tire"],"acf":[],"_links":{"self":[{"href":"https:\/\/es.wzutechtires.com\/index.php\/wp-json\/wp\/v2\/product\/1354","targetHints":{"allow":["GET"]}}],"collection":[{"href":"https:\/\/es.wzutechtires.com\/index.php\/wp-json\/wp\/v2\/product"}],"about":[{"href":"https:\/\/es.wzutechtires.com\/index.php\/wp-json\/wp\/v2\/types\/product"}],"wp:featuredmedia":[{"embeddable":true,"href":"https:\/\/es.wzutechtires.com\/index.php\/wp-json\/wp\/v2\/media\/1355"}],"wp:attachment":[{"href":"https:\/\/es.wzutechtires.com\/index.php\/wp-json\/wp\/v2\/media?parent=1354"}],"wp:term":[{"taxonomy":"product_cat","embeddable":true,"href":"https:\/\/es.wzutechtires.com\/index.php\/wp-json\/wp\/v2\/product_cat?post=1354"},{"taxonomy":"product_tag","embeddable":true,"href":"https:\/\/es.wzutechtires.com\/index.php\/wp-json\/wp\/v2\/product_tag?post=1354"}],"curies":[{"name":"wp","href":"https:\/\/api.w.org\/{rel}","templated":true}]}}