{"id":1358,"date":"2023-02-23T17:35:05","date_gmt":"2023-02-23T09:35:05","guid":{"rendered":"https:\/\/es.wzutechtires.com\/?post_type=product&#038;p=1358"},"modified":"2023-03-22T13:49:05","modified_gmt":"2023-03-22T05:49:05","slug":"rw300","status":"publish","type":"product","link":"https:\/\/es.wzutechtires.com\/index.php\/product\/rw300\/","title":{"rendered":"RW300"},"content":{"rendered":"<table style=\"width: 100%; height: 50px;\" border=\"0\" width=\"891\" cellspacing=\"0\" cellpadding=\"0\">\n<tbody>\n<tr style=\"height: 26px;\">\n<td style=\"width: 21.4126%; height: 26px;\" width=\"189\" height=\"26\"><span style=\"font-size: 10pt;\">TAMA\u00d1O<\/span><\/td>\n<td style=\"width: 21.4126%; height: 26px;\" width=\"189\"><span style=\"font-size: 10pt;\">RANGO DE TAMA\u00d1O<\/span><\/td>\n<td style=\"width: 57.0628%; height: 26px;\" colspan=\"7\" width=\"512\"><span style=\"font-size: 10pt;\">UTQG<\/span><\/td>\n<\/tr>\n<tr style=\"height: 24px;\">\n<td style=\"width: 21.4126%; height: 24px;\" height=\"15\"><span style=\"font-size: 10pt;\">240\/610R17<\/span><\/td>\n<td style=\"width: 21.4126%; height: 24px;\"><span style=\"font-size: 10pt;\">NEUM\u00c1TICO DE CARRERAS<\/span><\/td>\n<td style=\"width: 6.39013%; height: 24px;\"><span style=\"font-size: 10pt;\">80AA<\/span><\/td>\n<td style=\"width: 7.287%; height: 24px;\"><span style=\"font-size: 10pt;\">140AA<\/span><\/td>\n<td style=\"width: 7.3991%; height: 24px;\"><span style=\"font-size: 10pt;\">180AA<\/span><\/td>\n<td style=\"width: 7.62332%; height: 24px;\"><span style=\"font-size: 10pt;\">240AA<\/span><\/td>\n<td style=\"width: 7.73543%; height: 24px;\"><span style=\"font-size: 10pt;\">200AA<\/span><\/td>\n<td style=\"width: 7.62332%; height: 24px;\"><span style=\"font-size: 10pt;\">280AA<\/span><\/td>\n<td style=\"width: 13.0045%; height: 24px;\"><span style=\"font-size: 10pt;\">380\/300AA<\/span><\/td>\n<\/tr>\n<\/tbody>\n<\/table>\n","protected":false},"excerpt":{"rendered":"<ul>\n<li>Dise\u00f1o de f\u00f3rmula de banda de rodadura de fusi\u00f3n en caliente, el neum\u00e1tico puede alcanzar la temperatura ideal m\u00e1s r\u00e1pido para adaptarse a la pista.<\/li>\n<li>La banda de rodadura le da al autom\u00f3vil el m\u00e1ximo agarre, y la curva redonda de la pared lateral proporciona al autom\u00f3vil una velocidad de giro y una velocidad de direcci\u00f3n sobresalientes al girar, as\u00ed como una espl\u00e9ndida estabilidad para la aceleraci\u00f3n en l\u00ednea recta.<\/li>\n<\/ul>\n","protected":false},"featured_media":1360,"template":"","meta":[],"product_cat":[43],"product_tag":[],"class_list":["post-1358","product","type-product","status-publish","has-post-thumbnail","hentry","product_cat-racing-tire"],"acf":[],"_links":{"self":[{"href":"https:\/\/es.wzutechtires.com\/index.php\/wp-json\/wp\/v2\/product\/1358","targetHints":{"allow":["GET"]}}],"collection":[{"href":"https:\/\/es.wzutechtires.com\/index.php\/wp-json\/wp\/v2\/product"}],"about":[{"href":"https:\/\/es.wzutechtires.com\/index.php\/wp-json\/wp\/v2\/types\/product"}],"wp:featuredmedia":[{"embeddable":true,"href":"https:\/\/es.wzutechtires.com\/index.php\/wp-json\/wp\/v2\/media\/1360"}],"wp:attachment":[{"href":"https:\/\/es.wzutechtires.com\/index.php\/wp-json\/wp\/v2\/media?parent=1358"}],"wp:term":[{"taxonomy":"product_cat","embeddable":true,"href":"https:\/\/es.wzutechtires.com\/index.php\/wp-json\/wp\/v2\/product_cat?post=1358"},{"taxonomy":"product_tag","embeddable":true,"href":"https:\/\/es.wzutechtires.com\/index.php\/wp-json\/wp\/v2\/product_tag?post=1358"}],"curies":[{"name":"wp","href":"https:\/\/api.w.org\/{rel}","templated":true}]}}