{"id":1365,"date":"2023-02-24T09:54:56","date_gmt":"2023-02-24T01:54:56","guid":{"rendered":"https:\/\/es.wzutechtires.com\/?post_type=product&#038;p=1365"},"modified":"2023-08-02T11:59:42","modified_gmt":"2023-08-02T03:59:42","slug":"nordica-nr01-runflat","status":"publish","type":"product","link":"https:\/\/es.wzutechtires.com\/index.php\/product\/nordica-nr01-runflat\/","title":{"rendered":"NORDICA NR01 RUNFLAT"},"content":{"rendered":"<table style=\"width: 100.694%; height: 384px;\" border=\"0\" width=\"533\" cellspacing=\"0\" cellpadding=\"0\">\n<tbody>\n<tr style=\"height: 24px;\">\n<td style=\"width: 27.3408%; height: 24px;\" width=\"158\" height=\"19\">TAMA\u00d1O<\/td>\n<td style=\"width: 22.2846%; height: 24px;\" width=\"133\">LI\/SS<\/td>\n<td style=\"width: 21.161%; height: 24px;\" width=\"120\">RANGO DE TAMANO<\/td>\n<td style=\"width: 15.9176%; height: 24px;\" width=\"72\">PARED LATERAL<\/td>\n<td style=\"width: 39.9414%; height: 24px;\" width=\"72\">UTQG<\/td>\n<\/tr>\n<tr style=\"height: 24px;\">\n<td style=\"width: 27.3408%; height: 24px;\" height=\"19\">225\/40RF18 92V<\/td>\n<td style=\"width: 22.2846%; height: 24px;\">101WXL<\/td>\n<td style=\"width: 21.161%; height: 24px;\">RUEDA PINCHADA<\/td>\n<td style=\"width: 15.9176%; height: 24px;\">NEGRO<\/td>\n<td style=\"width: 39.9414%; height: 24px;\">440AA<\/td>\n<\/tr>\n<tr style=\"height: 24px;\">\n<td style=\"width: 27.3408%; height: 24px;\" height=\"19\">235\/50RF18 101V<\/td>\n<td style=\"width: 22.2846%; height: 24px;\">100V<\/td>\n<td style=\"width: 21.161%; height: 24px;\">RUEDA PINCHADA<\/td>\n<td style=\"width: 15.9176%; height: 24px;\">NEGRO<\/td>\n<td style=\"width: 39.9414%; height: 24px;\">440AA<\/td>\n<\/tr>\n<tr style=\"height: 24px;\">\n<td style=\"width: 27.3408%; height: 24px;\" height=\"19\">235\/55RF18 104V<\/td>\n<td style=\"width: 22.2846%; height: 24px;\">101V<\/td>\n<td style=\"width: 21.161%; height: 24px;\">RUEDA PINCHADA<\/td>\n<td style=\"width: 15.9176%; height: 24px;\">NEGRO<\/td>\n<td style=\"width: 39.9414%; height: 24px;\">440AA<\/td>\n<\/tr>\n<tr style=\"height: 24px;\">\n<td style=\"width: 27.3408%; height: 24px;\" height=\"19\">245\/40RF18 97V XL<\/td>\n<td style=\"width: 22.2846%; height: 24px;\">103W<\/td>\n<td style=\"width: 21.161%; height: 24px;\">RUEDA PINCHADA<\/td>\n<td style=\"width: 15.9176%; height: 24px;\">NEGRO<\/td>\n<td style=\"width: 39.9414%; height: 24px;\">440AA<\/td>\n<\/tr>\n<tr style=\"height: 24px;\">\n<td style=\"width: 27.3408%; height: 24px;\" height=\"19\">245\/45RF18 100V<\/td>\n<td style=\"width: 22.2846%; height: 24px;\">105V<\/td>\n<td style=\"width: 21.161%; height: 24px;\">RUEDA PINCHADA<\/td>\n<td style=\"width: 15.9176%; height: 24px;\">NEGRO<\/td>\n<td style=\"width: 39.9414%; height: 24px;\">440AA<\/td>\n<\/tr>\n<tr style=\"height: 24px;\">\n<td style=\"width: 27.3408%; height: 24px;\" height=\"19\">255\/55RF18 109V<\/td>\n<td style=\"width: 22.2846%; height: 24px;\">99W<\/td>\n<td style=\"width: 21.161%; height: 24px;\">RUEDA PINCHADA<\/td>\n<td style=\"width: 15.9176%; height: 24px;\">NEGRO<\/td>\n<td style=\"width: 39.9414%; height: 24px;\">440AA<\/td>\n<\/tr>\n<tr style=\"height: 24px;\">\n<td style=\"width: 27.3408%; height: 24px;\" height=\"19\">225\/45RF19 96V XL<\/td>\n<td style=\"width: 22.2846%; height: 24px;\">102W<\/td>\n<td style=\"width: 21.161%; height: 24px;\">RUEDA PINCHADA<\/td>\n<td style=\"width: 15.9176%; height: 24px;\">NEGRO<\/td>\n<td style=\"width: 39.9414%; height: 24px;\">440AA<\/td>\n<\/tr>\n<tr style=\"height: 24px;\">\n<td style=\"width: 27.3408%; height: 24px;\" height=\"19\">235\/55RF19 105V XL<\/td>\n<td style=\"width: 22.2846%; height: 24px;\">106W<\/td>\n<td style=\"width: 21.161%; height: 24px;\">RUEDA PINCHADA<\/td>\n<td style=\"width: 15.9176%; height: 24px;\">NEGRO<\/td>\n<td style=\"width: 39.9414%; height: 24px;\">440AA<\/td>\n<\/tr>\n<tr style=\"height: 24px;\">\n<td style=\"width: 27.3408%; height: 24px;\" height=\"19\">225\/45RF18<\/td>\n<td style=\"width: 22.2846%; height: 24px;\">91V<\/td>\n<td style=\"width: 21.161%; height: 24px;\">RUEDA PINCHADA<\/td>\n<td style=\"width: 15.9176%; height: 24px;\">NEGRO<\/td>\n<td style=\"width: 39.9414%; height: 24px;\">440AA<\/td>\n<\/tr>\n<tr style=\"height: 24px;\">\n<td style=\"width: 27.3408%; height: 24px;\" height=\"19\">255\/40RF18<\/td>\n<td style=\"width: 22.2846%; height: 24px;\">95V<\/td>\n<td style=\"width: 21.161%; height: 24px;\">RUEDA PINCHADA<\/td>\n<td style=\"width: 15.9176%; height: 24px;\">NEGRO<\/td>\n<td style=\"width: 39.9414%; height: 24px;\">440AA<\/td>\n<\/tr>\n<tr style=\"height: 24px;\">\n<td style=\"width: 27.3408%; height: 24px;\" height=\"19\">245\/50RF18<\/td>\n<td style=\"width: 22.2846%; height: 24px;\">100V<\/td>\n<td style=\"width: 21.161%; height: 24px;\">RUEDA PINCHADA<\/td>\n<td style=\"width: 15.9176%; height: 24px;\">NEGRO<\/td>\n<td style=\"width: 39.9414%; height: 24px;\">440AA<\/td>\n<\/tr>\n<tr style=\"height: 24px;\">\n<td style=\"width: 27.3408%; height: 24px;\" height=\"19\">245\/50RF19<\/td>\n<td style=\"width: 22.2846%; height: 24px;\">101V<\/td>\n<td style=\"width: 21.161%; height: 24px;\">RUEDA PINCHADA<\/td>\n<td style=\"width: 15.9176%; height: 24px;\">NEGRO<\/td>\n<td style=\"width: 39.9414%; height: 24px;\">440AA<\/td>\n<\/tr>\n<tr style=\"height: 24px;\">\n<td style=\"width: 27.3408%; height: 24px;\" height=\"19\">245\/45RF19<\/td>\n<td style=\"width: 22.2846%; height: 24px;\">98V<\/td>\n<td style=\"width: 21.161%; height: 24px;\">RUEDA PINCHADA<\/td>\n<td style=\"width: 15.9176%; height: 24px;\">NEGRO<\/td>\n<td style=\"width: 39.9414%; height: 24px;\">440AA<\/td>\n<\/tr>\n<tr style=\"height: 24px;\">\n<td style=\"width: 27.3408%; height: 24px;\" height=\"19\">255\/50RF19<\/td>\n<td style=\"width: 22.2846%; height: 24px;\">103V<\/td>\n<td style=\"width: 21.161%; height: 24px;\">RUEDA PINCHADA<\/td>\n<td style=\"width: 15.9176%; height: 24px;\">NEGRO<\/td>\n<td style=\"width: 39.9414%; height: 24px;\">440AA<\/td>\n<\/tr>\n<tr style=\"height: 24px;\">\n<td style=\"width: 27.3408%; height: 24px;\" height=\"19\">275\/40RF19<\/td>\n<td style=\"width: 22.2846%; height: 24px;\">101V<\/td>\n<td style=\"width: 21.161%; height: 24px;\">RUEDA PINCHADA<\/td>\n<td style=\"width: 15.9176%; height: 24px;\">NEGRO<\/td>\n<td style=\"width: 39.9414%; height: 24px;\">440AA<\/td>\n<\/tr>\n<\/tbody>\n<\/table>\n","protected":false},"excerpt":{"rendered":"<ul>\n<li>El caucho de refuerzo en la pared lateral es un elemento importante en el neum\u00e1tico RUN-FLAT. El car\u00e1cter suave puede ofrecer una conducci\u00f3n c\u00f3moda en tiempos normales. Pero en las fugas de aire, se vuelve dif\u00edcil.<\/li>\n<li>El uso de caucho de bajo poder calor\u00edfico aumenta la durabilidad al reducir el calor en presi\u00f3n cero.<\/li>\n<li>Evite que el neum\u00e1tico se separe de la rueda en condiciones de fugas de aire. El tal\u00f3n del neum\u00e1tico es m\u00e1s ancho que los comunes.<\/li>\n<\/ul>\n","protected":false},"featured_media":1461,"template":"","meta":[],"product_cat":[40],"product_tag":[],"class_list":["post-1365","product","type-product","status-publish","has-post-thumbnail","hentry","product_cat-runflat"],"acf":[],"_links":{"self":[{"href":"https:\/\/es.wzutechtires.com\/index.php\/wp-json\/wp\/v2\/product\/1365","targetHints":{"allow":["GET"]}}],"collection":[{"href":"https:\/\/es.wzutechtires.com\/index.php\/wp-json\/wp\/v2\/product"}],"about":[{"href":"https:\/\/es.wzutechtires.com\/index.php\/wp-json\/wp\/v2\/types\/product"}],"wp:featuredmedia":[{"embeddable":true,"href":"https:\/\/es.wzutechtires.com\/index.php\/wp-json\/wp\/v2\/media\/1461"}],"wp:attachment":[{"href":"https:\/\/es.wzutechtires.com\/index.php\/wp-json\/wp\/v2\/media?parent=1365"}],"wp:term":[{"taxonomy":"product_cat","embeddable":true,"href":"https:\/\/es.wzutechtires.com\/index.php\/wp-json\/wp\/v2\/product_cat?post=1365"},{"taxonomy":"product_tag","embeddable":true,"href":"https:\/\/es.wzutechtires.com\/index.php\/wp-json\/wp\/v2\/product_tag?post=1365"}],"curies":[{"name":"wp","href":"https:\/\/api.w.org\/{rel}","templated":true}]}}