{"id":1367,"date":"2023-02-24T09:59:13","date_gmt":"2023-02-24T01:59:13","guid":{"rendered":"https:\/\/es.wzutechtires.com\/?post_type=product&#038;p=1367"},"modified":"2023-07-21T10:46:50","modified_gmt":"2023-07-21T02:46:50","slug":"raleigh-r06","status":"publish","type":"product","link":"https:\/\/es.wzutechtires.com\/index.php\/product\/raleigh-r06\/","title":{"rendered":"RALEIGH R06"},"content":{"rendered":"<table style=\"width: 102.078%; height: 421px;\" border=\"0\" width=\"508\" cellspacing=\"0\" cellpadding=\"0\">\n<tbody>\n<tr>\n<td width=\"133\" height=\"19\">TAMA\u00d1O<\/td>\n<td width=\"133\">LI\/SS<\/td>\n<td width=\"97\">RUEDA PINCHADA<\/td>\n<td width=\"72\">PARED LATERAL<\/td>\n<td width=\"72\">UTQG<\/td>\n<\/tr>\n<tr>\n<td height=\"19\">235\/50ZRF18<\/td>\n<td>101WXL<\/td>\n<td>ANDAR-PINCHADO<\/td>\n<td>NEGRO<\/td>\n<td>380AA<\/td>\n<\/tr>\n<tr>\n<td height=\"19\">235\/55RF18<\/td>\n<td>100V<\/td>\n<td>ANDAR-PINCHADO<\/td>\n<td>NEGRO<\/td>\n<td>380AA<\/td>\n<\/tr>\n<tr>\n<td height=\"19\">235\/55RF19<\/td>\n<td>101V<\/td>\n<td>ANDAR-PINCHADO<\/td>\n<td>NEGRO<\/td>\n<td>440AA<\/td>\n<\/tr>\n<tr>\n<td height=\"19\">255\/50ZRF19<\/td>\n<td>103W<\/td>\n<td>ANDAR-PINCHADO<\/td>\n<td>NEGRO<\/td>\n<td>440AA<\/td>\n<\/tr>\n<tr>\n<td height=\"19\">255\/55RF18<\/td>\n<td>105V<\/td>\n<td>ANDAR-PINCHADO<\/td>\n<td>NEGRO<\/td>\n<td>440AA<\/td>\n<\/tr>\n<tr>\n<td height=\"19\">245\/45ZRF20<\/td>\n<td>99W<\/td>\n<td>ANDAR-PINCHADO<\/td>\n<td>NEGRO<\/td>\n<td>440AA<\/td>\n<\/tr>\n<tr>\n<td height=\"19\">275\/40ZRF20<\/td>\n<td>102W<\/td>\n<td>ANDAR-PINCHADO<\/td>\n<td>NEGRO<\/td>\n<td>440AA<\/td>\n<\/tr>\n<tr>\n<td height=\"19\">315\/35ZRF20<\/td>\n<td>106W<\/td>\n<td>ANDAR-PINCHADO<\/td>\n<td>NEGRO<\/td>\n<td>440AA<\/td>\n<\/tr>\n<\/tbody>\n<\/table>\n","protected":false},"excerpt":{"rendered":"<ul>\n<li>El caucho de refuerzo en la pared lateral es un elemento importante en el neum\u00e1tico RUN-FLAT. El car\u00e1cter suave puede ofrecer una conducci\u00f3n c\u00f3moda en tiempos normales. Pero en las fugas de aire, se vuelve dif\u00edcil.<\/li>\n<li>El uso de caucho de bajo poder calor\u00edfico aumenta la durabilidad al reducir el calor en presi\u00f3n cero.<\/li>\n<li>Evite que el neum\u00e1tico se separe de la rueda en condiciones de fugas de aire. El tal\u00f3n del neum\u00e1tico es m\u00e1s ancho que los comunes.<\/li>\n<\/ul>\n","protected":false},"featured_media":1449,"template":"","meta":[],"product_cat":[36],"product_tag":[],"class_list":["post-1367","product","type-product","status-publish","has-post-thumbnail","hentry","product_cat-suv"],"acf":[],"_links":{"self":[{"href":"https:\/\/es.wzutechtires.com\/index.php\/wp-json\/wp\/v2\/product\/1367","targetHints":{"allow":["GET"]}}],"collection":[{"href":"https:\/\/es.wzutechtires.com\/index.php\/wp-json\/wp\/v2\/product"}],"about":[{"href":"https:\/\/es.wzutechtires.com\/index.php\/wp-json\/wp\/v2\/types\/product"}],"wp:featuredmedia":[{"embeddable":true,"href":"https:\/\/es.wzutechtires.com\/index.php\/wp-json\/wp\/v2\/media\/1449"}],"wp:attachment":[{"href":"https:\/\/es.wzutechtires.com\/index.php\/wp-json\/wp\/v2\/media?parent=1367"}],"wp:term":[{"taxonomy":"product_cat","embeddable":true,"href":"https:\/\/es.wzutechtires.com\/index.php\/wp-json\/wp\/v2\/product_cat?post=1367"},{"taxonomy":"product_tag","embeddable":true,"href":"https:\/\/es.wzutechtires.com\/index.php\/wp-json\/wp\/v2\/product_tag?post=1367"}],"curies":[{"name":"wp","href":"https:\/\/api.w.org\/{rel}","templated":true}]}}