{"id":1371,"date":"2023-02-24T10:12:02","date_gmt":"2023-02-24T02:12:02","guid":{"rendered":"https:\/\/es.wzutechtires.com\/?post_type=product&#038;p=1371"},"modified":"2023-08-02T11:59:04","modified_gmt":"2023-08-02T03:59:04","slug":"roadster-r02s-runflat","status":"publish","type":"product","link":"https:\/\/es.wzutechtires.com\/index.php\/product\/roadster-r02s-runflat\/","title":{"rendered":"ROADSTER R02S RUNFLAT"},"content":{"rendered":"<table style=\"width: 101.709%;\" border=\"0\" width=\"455\" cellspacing=\"0\" cellpadding=\"0\">\n<tbody>\n<tr>\n<td style=\"width: 22.9225%;\" width=\"105\" height=\"19\">TAMA\u00d1O<\/td>\n<td style=\"width: 12.6429%;\" width=\"108\">LI\/SS<\/td>\n<td style=\"width: 31.5214%;\" width=\"300\">RANGO DE TAMANO<\/td>\n<td style=\"width: 13.5846%;\" width=\"72\">PARED LATERAL<\/td>\n<td style=\"width: 214.339%;\" width=\"72\">UTQG<\/td>\n<\/tr>\n<tr>\n<td style=\"width: 22.9225%;\" height=\"19\">275\/30ZRF20<\/td>\n<td style=\"width: 12.6429%;\">93W<\/td>\n<td style=\"width: 31.5214%;\">RUEDA PINCHADA<\/td>\n<td style=\"width: 13.5846%;\">NEGRO<\/td>\n<td style=\"width: 214.339%;\">380AA<\/td>\n<\/tr>\n<tr>\n<td style=\"width: 22.9225%;\" height=\"19\">265\/35ZRF18<\/td>\n<td style=\"width: 12.6429%;\">97WXL<\/td>\n<td style=\"width: 31.5214%;\">RUEDA PINCHADA<\/td>\n<td style=\"width: 13.5846%;\">NEGRO<\/td>\n<td style=\"width: 214.339%;\">380AA<\/td>\n<\/tr>\n<tr>\n<td style=\"width: 22.9225%;\" height=\"19\">275\/35ZRF19<\/td>\n<td style=\"width: 12.6429%;\">96W<\/td>\n<td style=\"width: 31.5214%;\">RUEDA PINCHADA<\/td>\n<td style=\"width: 13.5846%;\">NEGRO<\/td>\n<td style=\"width: 214.339%;\">380AA<\/td>\n<\/tr>\n<tr>\n<td style=\"width: 22.9225%;\" height=\"19\">245\/45ZRF19<\/td>\n<td style=\"width: 12.6429%;\">98W<\/td>\n<td style=\"width: 31.5214%;\">RUEDA PINCHADA<\/td>\n<td style=\"width: 13.5846%;\">NEGRO<\/td>\n<td style=\"width: 214.339%;\">380AA<\/td>\n<\/tr>\n<tr>\n<td style=\"width: 22.9225%;\" height=\"19\">275\/40ZRF19<\/td>\n<td style=\"width: 12.6429%;\">101Y<\/td>\n<td style=\"width: 31.5214%;\">RUEDA PINCHADA<\/td>\n<td style=\"width: 13.5846%;\">NEGRO<\/td>\n<td style=\"width: 214.339%;\">380AA<\/td>\n<\/tr>\n<\/tbody>\n<\/table>\n","protected":false},"excerpt":{"rendered":"<ul>\n<li>El caucho de refuerzo en la pared lateral es un elemento importante en el neum\u00e1tico RUN-FLAT. El car\u00e1cter suave puede ofrecer una conducci\u00f3n c\u00f3moda en tiempos normales. Pero en las fugas de aire, se vuelve dif\u00edcil.<\/li>\n<li>El uso de caucho de bajo poder calor\u00edfico aumenta la durabilidad al reducir el calor en presi\u00f3n cero.<\/li>\n<li>Evite que el neum\u00e1tico se separe de la rueda en condiciones de fugas de aire. El tal\u00f3n del neum\u00e1tico es m\u00e1s ancho que los comunes.<\/li>\n<\/ul>\n","protected":false},"featured_media":1467,"template":"","meta":[],"product_cat":[40],"product_tag":[],"class_list":["post-1371","product","type-product","status-publish","has-post-thumbnail","hentry","product_cat-runflat"],"acf":[],"_links":{"self":[{"href":"https:\/\/es.wzutechtires.com\/index.php\/wp-json\/wp\/v2\/product\/1371","targetHints":{"allow":["GET"]}}],"collection":[{"href":"https:\/\/es.wzutechtires.com\/index.php\/wp-json\/wp\/v2\/product"}],"about":[{"href":"https:\/\/es.wzutechtires.com\/index.php\/wp-json\/wp\/v2\/types\/product"}],"wp:featuredmedia":[{"embeddable":true,"href":"https:\/\/es.wzutechtires.com\/index.php\/wp-json\/wp\/v2\/media\/1467"}],"wp:attachment":[{"href":"https:\/\/es.wzutechtires.com\/index.php\/wp-json\/wp\/v2\/media?parent=1371"}],"wp:term":[{"taxonomy":"product_cat","embeddable":true,"href":"https:\/\/es.wzutechtires.com\/index.php\/wp-json\/wp\/v2\/product_cat?post=1371"},{"taxonomy":"product_tag","embeddable":true,"href":"https:\/\/es.wzutechtires.com\/index.php\/wp-json\/wp\/v2\/product_tag?post=1371"}],"curies":[{"name":"wp","href":"https:\/\/api.w.org\/{rel}","templated":true}]}}