{"id":1373,"date":"2023-02-24T10:28:33","date_gmt":"2023-02-24T02:28:33","guid":{"rendered":"https:\/\/es.wzutechtires.com\/?post_type=product&#038;p=1373"},"modified":"2023-06-19T11:49:03","modified_gmt":"2023-06-19T03:49:03","slug":"nordica-nr01-2","status":"publish","type":"product","link":"https:\/\/es.wzutechtires.com\/index.php\/product\/nordica-nr01-2\/","title":{"rendered":"N\u00d3RDICA NR01"},"content":{"rendered":"<table style=\"width: 100.6%;\" border=\"0\" width=\"493\" cellspacing=\"0\" cellpadding=\"0\">\n<tbody>\n<tr>\n<td style=\"width: 20.8925%;\" width=\"102\" height=\"19\">TAMA\u00d1O<\/td>\n<td style=\"width: 29.6146%;\" width=\"148\">LI\/SS<\/td>\n<td style=\"width: 26.3692%;\" width=\"129\">RANGO DE TAMA\u00d1O<\/td>\n<td style=\"width: 60.3949%;\" width=\"112\">PARED LATERAL<\/td>\n<\/tr>\n<tr>\n<td style=\"width: 20.8925%;\" height=\"19\">165\/70R13<\/td>\n<td style=\"width: 29.6146%;\">79T<\/td>\n<td style=\"width: 26.3692%;\">NEUM\u00c1TICO DE NIEVE<\/td>\n<td style=\"width: 60.3949%;\">NEGRO<\/td>\n<\/tr>\n<tr>\n<td style=\"width: 20.8925%;\" height=\"19\">175\/70R13<\/td>\n<td style=\"width: 29.6146%;\">82T<\/td>\n<td style=\"width: 26.3692%;\">NEUM\u00c1TICO DE NIEVE<\/td>\n<td style=\"width: 60.3949%;\">NEGRO<\/td>\n<\/tr>\n<tr>\n<td style=\"width: 20.8925%;\" height=\"19\">175\/70R14<\/td>\n<td style=\"width: 29.6146%;\">84T<\/td>\n<td style=\"width: 26.3692%;\">NEUM\u00c1TICO DE NIEVE<\/td>\n<td style=\"width: 60.3949%;\">NEGRO<\/td>\n<\/tr>\n<tr>\n<td style=\"width: 20.8925%;\" height=\"19\">175\/65R14<\/td>\n<td style=\"width: 29.6146%;\">82H<\/td>\n<td style=\"width: 26.3692%;\">NEUM\u00c1TICO DE NIEVE<\/td>\n<td style=\"width: 60.3949%;\">NEGRO<\/td>\n<\/tr>\n<tr>\n<td style=\"width: 20.8925%;\" height=\"19\">185\/60R14<\/td>\n<td style=\"width: 29.6146%;\">82H<\/td>\n<td style=\"width: 26.3692%;\">NEUM\u00c1TICO DE NIEVE<\/td>\n<td style=\"width: 60.3949%;\">NEGRO<\/td>\n<\/tr>\n<tr>\n<td style=\"width: 20.8925%;\" height=\"19\">185\/65R14<\/td>\n<td style=\"width: 29.6146%;\">86H<\/td>\n<td style=\"width: 26.3692%;\">NEUM\u00c1TICO DE NIEVE<\/td>\n<td style=\"width: 60.3949%;\">NEGRO<\/td>\n<\/tr>\n<tr>\n<td style=\"width: 20.8925%;\" height=\"19\">195\/55R15<\/td>\n<td style=\"width: 29.6146%;\">89HXL<\/td>\n<td style=\"width: 26.3692%;\">NEUM\u00c1TICO DE NIEVE<\/td>\n<td style=\"width: 60.3949%;\">NEGRO<\/td>\n<\/tr>\n<tr>\n<td style=\"width: 20.8925%;\" height=\"19\">195\/60R15<\/td>\n<td style=\"width: 29.6146%;\">88H<\/td>\n<td style=\"width: 26.3692%;\">NEUM\u00c1TICO DE NIEVE<\/td>\n<td style=\"width: 60.3949%;\">NEGRO<\/td>\n<\/tr>\n<tr>\n<td style=\"width: 20.8925%;\" height=\"19\">185\/60R15<\/td>\n<td style=\"width: 29.6146%;\">88TXL<\/td>\n<td style=\"width: 26.3692%;\">NEUM\u00c1TICO DE NIEVE<\/td>\n<td style=\"width: 60.3949%;\">NEGRO<\/td>\n<\/tr>\n<tr>\n<td style=\"width: 20.8925%;\" height=\"19\">185\/65R15<\/td>\n<td style=\"width: 29.6146%;\">92TXL<\/td>\n<td style=\"width: 26.3692%;\">NEUM\u00c1TICO DE NIEVE<\/td>\n<td style=\"width: 60.3949%;\">NEGRO<\/td>\n<\/tr>\n<tr>\n<td style=\"width: 20.8925%;\" height=\"19\">195\/65R15<\/td>\n<td style=\"width: 29.6146%;\">91H<\/td>\n<td style=\"width: 26.3692%;\">NEUM\u00c1TICO DE NIEVE<\/td>\n<td style=\"width: 60.3949%;\">NEGRO<\/td>\n<\/tr>\n<tr>\n<td style=\"width: 20.8925%;\" height=\"19\">205\/65R15<\/td>\n<td style=\"width: 29.6146%;\">94H<\/td>\n<td style=\"width: 26.3692%;\">NEUM\u00c1TICO DE NIEVE<\/td>\n<td style=\"width: 60.3949%;\">NEGRO<\/td>\n<\/tr>\n<tr>\n<td style=\"width: 20.8925%;\" height=\"19\">215\/75R15<\/td>\n<td style=\"width: 29.6146%;\">100T<\/td>\n<td style=\"width: 26.3692%;\">NEUM\u00c1TICO DE NIEVE<\/td>\n<td style=\"width: 60.3949%;\">NEGRO<\/td>\n<\/tr>\n<tr>\n<td style=\"width: 20.8925%;\" height=\"19\">195\/55R16<\/td>\n<td style=\"width: 29.6146%;\">91HXL<\/td>\n<td style=\"width: 26.3692%;\">NEUM\u00c1TICO DE NIEVE<\/td>\n<td style=\"width: 60.3949%;\">NEGRO<\/td>\n<\/tr>\n<tr>\n<td style=\"width: 20.8925%;\" height=\"19\">205\/55R16<\/td>\n<td style=\"width: 29.6146%;\">94HXL<\/td>\n<td style=\"width: 26.3692%;\">NEUM\u00c1TICO DE NIEVE<\/td>\n<td style=\"width: 60.3949%;\">NEGRO<\/td>\n<\/tr>\n<tr>\n<td style=\"width: 20.8925%;\" height=\"19\">215\/55R16<\/td>\n<td style=\"width: 29.6146%;\">97VXL<\/td>\n<td style=\"width: 26.3692%;\">NEUM\u00c1TICO DE NIEVE<\/td>\n<td style=\"width: 60.3949%;\">NEGRO<\/td>\n<\/tr>\n<tr>\n<td style=\"width: 20.8925%;\" height=\"19\">205\/60R16<\/td>\n<td style=\"width: 29.6146%;\">96HXL<\/td>\n<td style=\"width: 26.3692%;\">NEUM\u00c1TICO DE NIEVE<\/td>\n<td style=\"width: 60.3949%;\">NEGRO<\/td>\n<\/tr>\n<tr>\n<td style=\"width: 20.8925%;\" height=\"19\">215\/60R16<\/td>\n<td style=\"width: 29.6146%;\">99HXL<\/td>\n<td style=\"width: 26.3692%;\">NEUM\u00c1TICO DE NIEVE<\/td>\n<td style=\"width: 60.3949%;\">NEGRO<\/td>\n<\/tr>\n<tr>\n<td style=\"width: 20.8925%;\" height=\"19\">235\/60R16<\/td>\n<td style=\"width: 29.6146%;\">104HXL<\/td>\n<td style=\"width: 26.3692%;\">NEUM\u00c1TICO DE NIEVE<\/td>\n<td style=\"width: 60.3949%;\">NEGRO<\/td>\n<\/tr>\n<tr>\n<td style=\"width: 20.8925%;\" height=\"19\">215\/65R16<\/td>\n<td style=\"width: 29.6146%;\">102HXL<\/td>\n<td style=\"width: 26.3692%;\">NEUM\u00c1TICO DE NIEVE<\/td>\n<td style=\"width: 60.3949%;\">NEGRO<\/td>\n<\/tr>\n<tr>\n<td style=\"width: 20.8925%;\" height=\"19\">235\/70R16<\/td>\n<td style=\"width: 29.6146%;\">109TXL<\/td>\n<td style=\"width: 26.3692%;\">NEUM\u00c1TICO DE NIEVE<\/td>\n<td style=\"width: 60.3949%;\">NEGRO<\/td>\n<\/tr>\n<tr>\n<td style=\"width: 20.8925%;\" height=\"19\">225\/45R17<\/td>\n<td style=\"width: 29.6146%;\">94VXL<\/td>\n<td style=\"width: 26.3692%;\">NEUM\u00c1TICO DE NIEVE<\/td>\n<td style=\"width: 60.3949%;\">NEGRO<\/td>\n<\/tr>\n<tr>\n<td style=\"width: 20.8925%;\" height=\"19\">235\/45R17<\/td>\n<td style=\"width: 29.6146%;\">97VXL<\/td>\n<td style=\"width: 26.3692%;\">NEUM\u00c1TICO DE NIEVE<\/td>\n<td style=\"width: 60.3949%;\">NEGRO<\/td>\n<\/tr>\n<tr>\n<td style=\"width: 20.8925%;\" height=\"19\">205\/50R17<\/td>\n<td style=\"width: 29.6146%;\">93VXL<\/td>\n<td style=\"width: 26.3692%;\">NEUM\u00c1TICO DE NIEVE<\/td>\n<td style=\"width: 60.3949%;\">NEGRO<\/td>\n<\/tr>\n<tr>\n<td style=\"width: 20.8925%;\" height=\"19\">215\/50R17<\/td>\n<td style=\"width: 29.6146%;\">95VXL<\/td>\n<td style=\"width: 26.3692%;\">NEUM\u00c1TICO DE NIEVE<\/td>\n<td style=\"width: 60.3949%;\">NEGRO<\/td>\n<\/tr>\n<tr>\n<td style=\"width: 20.8925%;\" height=\"19\">225\/50R17<\/td>\n<td style=\"width: 29.6146%;\">98VXL<\/td>\n<td style=\"width: 26.3692%;\">NEUM\u00c1TICO DE NIEVE<\/td>\n<td style=\"width: 60.3949%;\">NEGRO<\/td>\n<\/tr>\n<tr>\n<td style=\"width: 20.8925%;\" height=\"19\">215\/55R17<\/td>\n<td style=\"width: 29.6146%;\">98VXL<\/td>\n<td style=\"width: 26.3692%;\">NEUM\u00c1TICO DE NIEVE<\/td>\n<td style=\"width: 60.3949%;\">NEGRO<\/td>\n<\/tr>\n<tr>\n<td style=\"width: 20.8925%;\" height=\"19\">225\/55R17<\/td>\n<td style=\"width: 29.6146%;\">101VXL<\/td>\n<td style=\"width: 26.3692%;\">NEUM\u00c1TICO DE NIEVE<\/td>\n<td style=\"width: 60.3949%;\">NEGRO<\/td>\n<\/tr>\n<tr>\n<td style=\"width: 20.8925%;\" height=\"19\">235\/55R17<\/td>\n<td style=\"width: 29.6146%;\">103VXL<\/td>\n<td style=\"width: 26.3692%;\">NEUM\u00c1TICO DE NIEVE<\/td>\n<td style=\"width: 60.3949%;\">NEGRO<\/td>\n<\/tr>\n<tr>\n<td style=\"width: 20.8925%;\" height=\"19\">215\/60R17<\/td>\n<td style=\"width: 29.6146%;\">100HXL<\/td>\n<td style=\"width: 26.3692%;\">NEUM\u00c1TICO DE NIEVE<\/td>\n<td style=\"width: 60.3949%;\">NEGRO<\/td>\n<\/tr>\n<tr>\n<td style=\"width: 20.8925%;\" height=\"19\">225\/60R17<\/td>\n<td style=\"width: 29.6146%;\">99H<\/td>\n<td style=\"width: 26.3692%;\">NEUM\u00c1TICO DE NIEVE<\/td>\n<td style=\"width: 60.3949%;\">NEGRO<\/td>\n<\/tr>\n<tr>\n<td style=\"width: 20.8925%;\" height=\"19\">225\/65R17<\/td>\n<td style=\"width: 29.6146%;\">102H<\/td>\n<td style=\"width: 26.3692%;\">NEUM\u00c1TICO DE NIEVE<\/td>\n<td style=\"width: 60.3949%;\">NEGRO<\/td>\n<\/tr>\n<tr>\n<td style=\"width: 20.8925%;\" height=\"19\">235\/65R17<\/td>\n<td style=\"width: 29.6146%;\">108HXL<\/td>\n<td style=\"width: 26.3692%;\">NEUM\u00c1TICO DE NIEVE<\/td>\n<td style=\"width: 60.3949%;\">NEGRO<\/td>\n<\/tr>\n<tr>\n<td style=\"width: 20.8925%;\" height=\"19\">265\/65R17<\/td>\n<td style=\"width: 29.6146%;\">112H<\/td>\n<td style=\"width: 26.3692%;\">NEUM\u00c1TICO DE NIEVE<\/td>\n<td style=\"width: 60.3949%;\">NEGRO<\/td>\n<\/tr>\n<tr>\n<td style=\"width: 20.8925%;\" height=\"19\">225\/40R18<\/td>\n<td style=\"width: 29.6146%;\">92VXL<\/td>\n<td style=\"width: 26.3692%;\">NEUM\u00c1TICO DE NIEVE<\/td>\n<td style=\"width: 60.3949%;\">NEGRO<\/td>\n<\/tr>\n<tr>\n<td style=\"width: 20.8925%;\" height=\"19\">245\/40R18<\/td>\n<td style=\"width: 29.6146%;\">97VXL<\/td>\n<td style=\"width: 26.3692%;\">NEUM\u00c1TICO DE NIEVE<\/td>\n<td style=\"width: 60.3949%;\">NEGRO<\/td>\n<\/tr>\n<tr>\n<td style=\"width: 20.8925%;\" height=\"19\">255\/40R18<\/td>\n<td style=\"width: 29.6146%;\">99VXL<\/td>\n<td style=\"width: 26.3692%;\">NEUM\u00c1TICO DE NIEVE<\/td>\n<td style=\"width: 60.3949%;\">NEGRO<\/td>\n<\/tr>\n<tr>\n<td style=\"width: 20.8925%;\" height=\"19\">225\/45R18<\/td>\n<td style=\"width: 29.6146%;\">95VXL<\/td>\n<td style=\"width: 26.3692%;\">NEUM\u00c1TICO DE NIEVE<\/td>\n<td style=\"width: 60.3949%;\">NEGRO<\/td>\n<\/tr>\n<tr>\n<td style=\"width: 20.8925%;\" height=\"19\">235\/45R18<\/td>\n<td style=\"width: 29.6146%;\">98VXL<\/td>\n<td style=\"width: 26.3692%;\">NEUM\u00c1TICO DE NIEVE<\/td>\n<td style=\"width: 60.3949%;\">NEGRO<\/td>\n<\/tr>\n<tr>\n<td style=\"width: 20.8925%;\" height=\"19\">245\/45R18<\/td>\n<td style=\"width: 29.6146%;\">100VXL<\/td>\n<td style=\"width: 26.3692%;\">NEUM\u00c1TICO DE NIEVE<\/td>\n<td style=\"width: 60.3949%;\">NEGRO<\/td>\n<\/tr>\n<tr>\n<td style=\"width: 20.8925%;\" height=\"19\">235\/50R18<\/td>\n<td style=\"width: 29.6146%;\">101VXL<\/td>\n<td style=\"width: 26.3692%;\">NEUM\u00c1TICO DE NIEVE<\/td>\n<td style=\"width: 60.3949%;\">NEGRO<\/td>\n<\/tr>\n<tr>\n<td style=\"width: 20.8925%;\" height=\"19\">245\/50R18<\/td>\n<td style=\"width: 29.6146%;\">104VXL<\/td>\n<td style=\"width: 26.3692%;\">NEUM\u00c1TICO DE NIEVE<\/td>\n<td style=\"width: 60.3949%;\">NEGRO<\/td>\n<\/tr>\n<tr>\n<td style=\"width: 20.8925%;\" height=\"19\">215\/55R18<\/td>\n<td style=\"width: 29.6146%;\">99VXL<\/td>\n<td style=\"width: 26.3692%;\">NEUM\u00c1TICO DE NIEVE<\/td>\n<td style=\"width: 60.3949%;\">NEGRO<\/td>\n<\/tr>\n<tr>\n<td style=\"width: 20.8925%;\" height=\"19\">225\/55R18<\/td>\n<td style=\"width: 29.6146%;\">98V<\/td>\n<td style=\"width: 26.3692%;\">NEUM\u00c1TICO DE NIEVE<\/td>\n<td style=\"width: 60.3949%;\">NEGRO<\/td>\n<\/tr>\n<tr>\n<td style=\"width: 20.8925%;\" height=\"19\">235\/55R18<\/td>\n<td style=\"width: 29.6146%;\">104VXL<\/td>\n<td style=\"width: 26.3692%;\">NEUM\u00c1TICO DE NIEVE<\/td>\n<td style=\"width: 60.3949%;\">NEGRO<\/td>\n<\/tr>\n<tr>\n<td style=\"width: 20.8925%;\" height=\"19\">255\/55R18<\/td>\n<td style=\"width: 29.6146%;\">109VXL<\/td>\n<td style=\"width: 26.3692%;\">NEUM\u00c1TICO DE NIEVE<\/td>\n<td style=\"width: 60.3949%;\">NEGRO<\/td>\n<\/tr>\n<tr>\n<td style=\"width: 20.8925%;\" height=\"19\">225\/60R18<\/td>\n<td style=\"width: 29.6146%;\">104HXL<\/td>\n<td style=\"width: 26.3692%;\">NEUM\u00c1TICO DE NIEVE<\/td>\n<td style=\"width: 60.3949%;\">NEGRO<\/td>\n<\/tr>\n<tr>\n<td style=\"width: 20.8925%;\" height=\"19\">235\/60R18<\/td>\n<td style=\"width: 29.6146%;\">107HXL<\/td>\n<td style=\"width: 26.3692%;\">NEUM\u00c1TICO DE NIEVE<\/td>\n<td style=\"width: 60.3949%;\">NEGRO<\/td>\n<\/tr>\n<tr>\n<td style=\"width: 20.8925%;\" height=\"19\">275\/40R19<\/td>\n<td style=\"width: 29.6146%;\">101V<\/td>\n<td style=\"width: 26.3692%;\">NEUM\u00c1TICO DE NIEVE<\/td>\n<td style=\"width: 60.3949%;\">NEGRO<\/td>\n<\/tr>\n<tr>\n<td style=\"width: 20.8925%;\" height=\"19\">225\/45R19<\/td>\n<td style=\"width: 29.6146%;\">96VXL<\/td>\n<td style=\"width: 26.3692%;\">NEUM\u00c1TICO DE NIEVE<\/td>\n<td style=\"width: 60.3949%;\">NEGRO<\/td>\n<\/tr>\n<tr>\n<td style=\"width: 20.8925%;\" height=\"19\">245\/45R19<\/td>\n<td style=\"width: 29.6146%;\">98V<\/td>\n<td style=\"width: 26.3692%;\">NEUM\u00c1TICO DE NIEVE<\/td>\n<td style=\"width: 60.3949%;\">NEGRO<\/td>\n<\/tr>\n<tr>\n<td style=\"width: 20.8925%;\" height=\"19\">245\/50R19<\/td>\n<td style=\"width: 29.6146%;\">105VXL<\/td>\n<td style=\"width: 26.3692%;\">NEUM\u00c1TICO DE NIEVE<\/td>\n<td style=\"width: 60.3949%;\">NEGRO<\/td>\n<\/tr>\n<tr>\n<td style=\"width: 20.8925%;\" height=\"19\">255\/50R19<\/td>\n<td style=\"width: 29.6146%;\">107VXL<\/td>\n<td style=\"width: 26.3692%;\">NEUM\u00c1TICO DE NIEVE<\/td>\n<td style=\"width: 60.3949%;\">NEGRO<\/td>\n<\/tr>\n<tr>\n<td style=\"width: 20.8925%;\" height=\"19\">235\/55R19<\/td>\n<td style=\"width: 29.6146%;\">105VXL<\/td>\n<td style=\"width: 26.3692%;\">NEUM\u00c1TICO DE NIEVE<\/td>\n<td style=\"width: 60.3949%;\">NEGRO<\/td>\n<\/tr>\n<tr>\n<td style=\"width: 20.8925%;\" height=\"19\">245\/55R19<\/td>\n<td style=\"width: 29.6146%;\">103V<\/td>\n<td style=\"width: 26.3692%;\">NEUM\u00c1TICO DE NIEVE<\/td>\n<td style=\"width: 60.3949%;\">NEGRO<\/td>\n<\/tr>\n<tr>\n<td style=\"width: 20.8925%;\" height=\"19\">255\/40R20<\/td>\n<td style=\"width: 29.6146%;\">101VXL<\/td>\n<td style=\"width: 26.3692%;\">NEUM\u00c1TICO DE NIEVE<\/td>\n<td style=\"width: 60.3949%;\">NEGRO<\/td>\n<\/tr>\n<tr>\n<td style=\"width: 20.8925%;\" height=\"19\">245\/45R20<\/td>\n<td style=\"width: 29.6146%;\">103VXL<\/td>\n<td style=\"width: 26.3692%;\">NEUM\u00c1TICO DE NIEVE<\/td>\n<td style=\"width: 60.3949%;\">NEGRO<\/td>\n<\/tr>\n<tr>\n<td style=\"width: 20.8925%;\" height=\"19\">275\/45R20<\/td>\n<td style=\"width: 29.6146%;\">110VXL<\/td>\n<td style=\"width: 26.3692%;\">NEUM\u00c1TICO DE NIEVE<\/td>\n<td style=\"width: 60.3949%;\">NEGRO<\/td>\n<\/tr>\n<\/tbody>\n<\/table>\n","protected":false},"excerpt":{"rendered":"<ul>\n<li>El dise\u00f1o de surcos asistidos fortalece el agarre, el drenaje y el rendimiento de frenado. El dise\u00f1o del patr\u00f3n de la banda de rodadura consecutivo central garantiza la estabilidad de la conducci\u00f3n recta. El disco de acero tridimensional lateral mejora la banda de rodadura, mejora el agarre y el rendimiento de manejo seguro en carreteras con hielo y nieve.<\/li>\n<li>El dise\u00f1o de ranuras en forma de V mejora el excelente manejo, el agarre en seco\/mojado, el drenaje y el rendimiento en la nieve.<\/li>\n<li>El dise\u00f1o de disco de acero tridimensional en el hombro mejora la fricci\u00f3n entre la banda de rodadura y la carretera de hielo, mientras que reduce el ruido. Por lo tanto, se proporciona un mejor rendimiento de comodidad y seguridad.<\/li>\n<\/ul>\n","protected":false},"featured_media":1423,"template":"","meta":[],"product_cat":[41],"product_tag":[],"class_list":["post-1373","product","type-product","status-publish","has-post-thumbnail","hentry","product_cat-snow-tyre"],"acf":[],"_links":{"self":[{"href":"https:\/\/es.wzutechtires.com\/index.php\/wp-json\/wp\/v2\/product\/1373","targetHints":{"allow":["GET"]}}],"collection":[{"href":"https:\/\/es.wzutechtires.com\/index.php\/wp-json\/wp\/v2\/product"}],"about":[{"href":"https:\/\/es.wzutechtires.com\/index.php\/wp-json\/wp\/v2\/types\/product"}],"wp:featuredmedia":[{"embeddable":true,"href":"https:\/\/es.wzutechtires.com\/index.php\/wp-json\/wp\/v2\/media\/1423"}],"wp:attachment":[{"href":"https:\/\/es.wzutechtires.com\/index.php\/wp-json\/wp\/v2\/media?parent=1373"}],"wp:term":[{"taxonomy":"product_cat","embeddable":true,"href":"https:\/\/es.wzutechtires.com\/index.php\/wp-json\/wp\/v2\/product_cat?post=1373"},{"taxonomy":"product_tag","embeddable":true,"href":"https:\/\/es.wzutechtires.com\/index.php\/wp-json\/wp\/v2\/product_tag?post=1373"}],"curies":[{"name":"wp","href":"https:\/\/api.w.org\/{rel}","templated":true}]}}