{"id":1383,"date":"2023-02-24T10:35:01","date_gmt":"2023-02-24T02:35:01","guid":{"rendered":"https:\/\/es.wzutechtires.com\/?post_type=product&#038;p=1383"},"modified":"2023-06-19T11:49:38","modified_gmt":"2023-06-19T03:49:38","slug":"nordica-nr11","status":"publish","type":"product","link":"https:\/\/es.wzutechtires.com\/index.php\/product\/nordica-nr11\/","title":{"rendered":"N\u00d3RDICA NR11"},"content":{"rendered":"<table style=\"width: 100.476%; height: 1512px;\" border=\"0\" width=\"444\" cellspacing=\"0\" cellpadding=\"0\">\n<tbody>\n<tr style=\"height: 48px;\">\n<td style=\"width: 21.7489%; height: 48px;\" width=\"102\" height=\"19\">TAMA\u00d1O<\/td>\n<td style=\"width: 26.9058%; height: 48px;\" width=\"148\">LI\/SS<\/td>\n<td style=\"width: 27.5785%; height: 48px;\" width=\"148\">RANGO DE TAMA\u00d1O<\/td>\n<td style=\"width: 74.8201%; height: 48px;\" width=\"112\">PARED LATERAL<\/td>\n<\/tr>\n<tr style=\"height: 24px;\">\n<td style=\"width: 21.7489%; height: 24px;\" height=\"19\">165\/70R13<\/td>\n<td style=\"width: 26.9058%; height: 24px;\">79T<\/td>\n<td style=\"width: 27.5785%; height: 24px;\">NEUM\u00c1TICO DE NIEVE<\/td>\n<td style=\"width: 74.8201%; height: 24px;\">NEGRO<\/td>\n<\/tr>\n<tr style=\"height: 24px;\">\n<td style=\"width: 21.7489%; height: 24px;\" height=\"19\">175\/70R13<\/td>\n<td style=\"width: 26.9058%; height: 24px;\">82T<\/td>\n<td style=\"width: 27.5785%; height: 24px;\">NEUM\u00c1TICO DE NIEVE<\/td>\n<td style=\"width: 74.8201%; height: 24px;\">NEGRO<\/td>\n<\/tr>\n<tr style=\"height: 24px;\">\n<td style=\"width: 21.7489%; height: 24px;\" height=\"19\">175\/70R14<\/td>\n<td style=\"width: 26.9058%; height: 24px;\">84T<\/td>\n<td style=\"width: 27.5785%; height: 24px;\">NEUM\u00c1TICO DE NIEVE<\/td>\n<td style=\"width: 74.8201%; height: 24px;\">NEGRO<\/td>\n<\/tr>\n<tr style=\"height: 24px;\">\n<td style=\"width: 21.7489%; height: 24px;\" height=\"19\">175\/65R14<\/td>\n<td style=\"width: 26.9058%; height: 24px;\">82H<\/td>\n<td style=\"width: 27.5785%; height: 24px;\">NEUM\u00c1TICO DE NIEVE<\/td>\n<td style=\"width: 74.8201%; height: 24px;\">NEGRO<\/td>\n<\/tr>\n<tr style=\"height: 24px;\">\n<td style=\"width: 21.7489%; height: 24px;\" height=\"19\">185\/60R14<\/td>\n<td style=\"width: 26.9058%; height: 24px;\">82H<\/td>\n<td style=\"width: 27.5785%; height: 24px;\">NEUM\u00c1TICO DE NIEVE<\/td>\n<td style=\"width: 74.8201%; height: 24px;\">NEGRO<\/td>\n<\/tr>\n<tr style=\"height: 24px;\">\n<td style=\"width: 21.7489%; height: 24px;\" height=\"19\">185\/65R14<\/td>\n<td style=\"width: 26.9058%; height: 24px;\">86H<\/td>\n<td style=\"width: 27.5785%; height: 24px;\">NEUM\u00c1TICO DE NIEVE<\/td>\n<td style=\"width: 74.8201%; height: 24px;\">NEGRO<\/td>\n<\/tr>\n<tr style=\"height: 24px;\">\n<td style=\"width: 21.7489%; height: 24px;\" height=\"19\">195\/55R15<\/td>\n<td style=\"width: 26.9058%; height: 24px;\">89HXL<\/td>\n<td style=\"width: 27.5785%; height: 24px;\">NEUM\u00c1TICO DE NIEVE<\/td>\n<td style=\"width: 74.8201%; height: 24px;\">NEGRO<\/td>\n<\/tr>\n<tr style=\"height: 24px;\">\n<td style=\"width: 21.7489%; height: 24px;\" height=\"19\">195\/60R15<\/td>\n<td style=\"width: 26.9058%; height: 24px;\">88H<\/td>\n<td style=\"width: 27.5785%; height: 24px;\">NEUM\u00c1TICO DE NIEVE<\/td>\n<td style=\"width: 74.8201%; height: 24px;\">NEGRO<\/td>\n<\/tr>\n<tr style=\"height: 24px;\">\n<td style=\"width: 21.7489%; height: 24px;\" height=\"19\">185\/60R15<\/td>\n<td style=\"width: 26.9058%; height: 24px;\">88TXL<\/td>\n<td style=\"width: 27.5785%; height: 24px;\">NEUM\u00c1TICO DE NIEVE<\/td>\n<td style=\"width: 74.8201%; height: 24px;\">NEGRO<\/td>\n<\/tr>\n<tr style=\"height: 24px;\">\n<td style=\"width: 21.7489%; height: 24px;\" height=\"19\">185\/65R15<\/td>\n<td style=\"width: 26.9058%; height: 24px;\">92TXL<\/td>\n<td style=\"width: 27.5785%; height: 24px;\">NEUM\u00c1TICO DE NIEVE<\/td>\n<td style=\"width: 74.8201%; height: 24px;\">NEGRO<\/td>\n<\/tr>\n<tr style=\"height: 24px;\">\n<td style=\"width: 21.7489%; height: 24px;\" height=\"19\">195\/65R15<\/td>\n<td style=\"width: 26.9058%; height: 24px;\">91H<\/td>\n<td style=\"width: 27.5785%; height: 24px;\">NEUM\u00c1TICO DE NIEVE<\/td>\n<td style=\"width: 74.8201%; height: 24px;\">NEGRO<\/td>\n<\/tr>\n<tr style=\"height: 24px;\">\n<td style=\"width: 21.7489%; height: 24px;\" height=\"19\">205\/65R15<\/td>\n<td style=\"width: 26.9058%; height: 24px;\">94H<\/td>\n<td style=\"width: 27.5785%; height: 24px;\">NEUM\u00c1TICO DE NIEVE<\/td>\n<td style=\"width: 74.8201%; height: 24px;\">NEGRO<\/td>\n<\/tr>\n<tr style=\"height: 24px;\">\n<td style=\"width: 21.7489%; height: 24px;\" height=\"19\">215\/75R15<\/td>\n<td style=\"width: 26.9058%; height: 24px;\">100T<\/td>\n<td style=\"width: 27.5785%; height: 24px;\">NEUM\u00c1TICO DE NIEVE<\/td>\n<td style=\"width: 74.8201%; height: 24px;\">NEGRO<\/td>\n<\/tr>\n<tr style=\"height: 24px;\">\n<td style=\"width: 21.7489%; height: 24px;\" height=\"19\">195\/55R16<\/td>\n<td style=\"width: 26.9058%; height: 24px;\">91HXL<\/td>\n<td style=\"width: 27.5785%; height: 24px;\">NEUM\u00c1TICO DE NIEVE<\/td>\n<td style=\"width: 74.8201%; height: 24px;\">NEGRO<\/td>\n<\/tr>\n<tr style=\"height: 24px;\">\n<td style=\"width: 21.7489%; height: 24px;\" height=\"19\">205\/55R16<\/td>\n<td style=\"width: 26.9058%; height: 24px;\">94HXL<\/td>\n<td style=\"width: 27.5785%; height: 24px;\">NEUM\u00c1TICO DE NIEVE<\/td>\n<td style=\"width: 74.8201%; height: 24px;\">NEGRO<\/td>\n<\/tr>\n<tr style=\"height: 24px;\">\n<td style=\"width: 21.7489%; height: 24px;\" height=\"19\">215\/55R16<\/td>\n<td style=\"width: 26.9058%; height: 24px;\">97VXL<\/td>\n<td style=\"width: 27.5785%; height: 24px;\">NEUM\u00c1TICO DE NIEVE<\/td>\n<td style=\"width: 74.8201%; height: 24px;\">NEGRO<\/td>\n<\/tr>\n<tr style=\"height: 24px;\">\n<td style=\"width: 21.7489%; height: 24px;\" height=\"19\">205\/60R16<\/td>\n<td style=\"width: 26.9058%; height: 24px;\">96HXL<\/td>\n<td style=\"width: 27.5785%; height: 24px;\">NEUM\u00c1TICO DE NIEVE<\/td>\n<td style=\"width: 74.8201%; height: 24px;\">NEGRO<\/td>\n<\/tr>\n<tr style=\"height: 24px;\">\n<td style=\"width: 21.7489%; height: 24px;\" height=\"19\">215\/60R16<\/td>\n<td style=\"width: 26.9058%; height: 24px;\">99HXL<\/td>\n<td style=\"width: 27.5785%; height: 24px;\">NEUM\u00c1TICO DE NIEVE<\/td>\n<td style=\"width: 74.8201%; height: 24px;\">NEGRO<\/td>\n<\/tr>\n<tr style=\"height: 24px;\">\n<td style=\"width: 21.7489%; height: 24px;\" height=\"19\">235\/60R16<\/td>\n<td style=\"width: 26.9058%; height: 24px;\">104HXL<\/td>\n<td style=\"width: 27.5785%; height: 24px;\">NEUM\u00c1TICO DE NIEVE<\/td>\n<td style=\"width: 74.8201%; height: 24px;\">NEGRO<\/td>\n<\/tr>\n<tr style=\"height: 24px;\">\n<td style=\"width: 21.7489%; height: 24px;\" height=\"19\">215\/65R16<\/td>\n<td style=\"width: 26.9058%; height: 24px;\">102HXL<\/td>\n<td style=\"width: 27.5785%; height: 24px;\">NEUM\u00c1TICO DE NIEVE<\/td>\n<td style=\"width: 74.8201%; height: 24px;\">NEGRO<\/td>\n<\/tr>\n<tr style=\"height: 24px;\">\n<td style=\"width: 21.7489%; height: 24px;\" height=\"19\">235\/70R16<\/td>\n<td style=\"width: 26.9058%; height: 24px;\">109TXL<\/td>\n<td style=\"width: 27.5785%; height: 24px;\">NEUM\u00c1TICO DE NIEVE<\/td>\n<td style=\"width: 74.8201%; height: 24px;\">NEGRO<\/td>\n<\/tr>\n<tr style=\"height: 24px;\">\n<td style=\"width: 21.7489%; height: 24px;\" height=\"19\">225\/45R17<\/td>\n<td style=\"width: 26.9058%; height: 24px;\">94VXL<\/td>\n<td style=\"width: 27.5785%; height: 24px;\">NEUM\u00c1TICO DE NIEVE<\/td>\n<td style=\"width: 74.8201%; height: 24px;\">NEGRO<\/td>\n<\/tr>\n<tr style=\"height: 24px;\">\n<td style=\"width: 21.7489%; height: 24px;\" height=\"19\">235\/45R17<\/td>\n<td style=\"width: 26.9058%; height: 24px;\">97VXL<\/td>\n<td style=\"width: 27.5785%; height: 24px;\">NEUM\u00c1TICO DE NIEVE<\/td>\n<td style=\"width: 74.8201%; height: 24px;\">NEGRO<\/td>\n<\/tr>\n<tr style=\"height: 24px;\">\n<td style=\"width: 21.7489%; height: 24px;\" height=\"19\">205\/50R17<\/td>\n<td style=\"width: 26.9058%; height: 24px;\">93VXL<\/td>\n<td style=\"width: 27.5785%; height: 24px;\">NEUM\u00c1TICO DE NIEVE<\/td>\n<td style=\"width: 74.8201%; height: 24px;\">NEGRO<\/td>\n<\/tr>\n<tr style=\"height: 24px;\">\n<td style=\"width: 21.7489%; height: 24px;\" height=\"19\">215\/50R17<\/td>\n<td style=\"width: 26.9058%; height: 24px;\">95VXL<\/td>\n<td style=\"width: 27.5785%; height: 24px;\">NEUM\u00c1TICO DE NIEVE<\/td>\n<td style=\"width: 74.8201%; height: 24px;\">NEGRO<\/td>\n<\/tr>\n<tr style=\"height: 24px;\">\n<td style=\"width: 21.7489%; height: 24px;\" height=\"19\">225\/50R17<\/td>\n<td style=\"width: 26.9058%; height: 24px;\">98VXL<\/td>\n<td style=\"width: 27.5785%; height: 24px;\">NEUM\u00c1TICO DE NIEVE<\/td>\n<td style=\"width: 74.8201%; height: 24px;\">NEGRO<\/td>\n<\/tr>\n<tr style=\"height: 24px;\">\n<td style=\"width: 21.7489%; height: 24px;\" height=\"19\">215\/55R17<\/td>\n<td style=\"width: 26.9058%; height: 24px;\">98VXL<\/td>\n<td style=\"width: 27.5785%; height: 24px;\">NEUM\u00c1TICO DE NIEVE<\/td>\n<td style=\"width: 74.8201%; height: 24px;\">NEGRO<\/td>\n<\/tr>\n<tr style=\"height: 24px;\">\n<td style=\"width: 21.7489%; height: 24px;\" height=\"19\">225\/55R17<\/td>\n<td style=\"width: 26.9058%; height: 24px;\">101VXL<\/td>\n<td style=\"width: 27.5785%; height: 24px;\">NEUM\u00c1TICO DE NIEVE<\/td>\n<td style=\"width: 74.8201%; height: 24px;\">NEGRO<\/td>\n<\/tr>\n<tr style=\"height: 24px;\">\n<td style=\"width: 21.7489%; height: 24px;\" height=\"19\">235\/55R17<\/td>\n<td style=\"width: 26.9058%; height: 24px;\">103VXL<\/td>\n<td style=\"width: 27.5785%; height: 24px;\">NEUM\u00c1TICO DE NIEVE<\/td>\n<td style=\"width: 74.8201%; height: 24px;\">NEGRO<\/td>\n<\/tr>\n<tr style=\"height: 24px;\">\n<td style=\"width: 21.7489%; height: 24px;\" height=\"19\">215\/60R17<\/td>\n<td style=\"width: 26.9058%; height: 24px;\">100HXL<\/td>\n<td style=\"width: 27.5785%; height: 24px;\">NEUM\u00c1TICO DE NIEVE<\/td>\n<td style=\"width: 74.8201%; height: 24px;\">NEGRO<\/td>\n<\/tr>\n<tr style=\"height: 24px;\">\n<td style=\"width: 21.7489%; height: 24px;\" height=\"19\">225\/60R17<\/td>\n<td style=\"width: 26.9058%; height: 24px;\">99H<\/td>\n<td style=\"width: 27.5785%; height: 24px;\">NEUM\u00c1TICO DE NIEVE<\/td>\n<td style=\"width: 74.8201%; height: 24px;\">NEGRO<\/td>\n<\/tr>\n<tr style=\"height: 24px;\">\n<td style=\"width: 21.7489%; height: 24px;\" height=\"19\">225\/65R17<\/td>\n<td style=\"width: 26.9058%; height: 24px;\">102H<\/td>\n<td style=\"width: 27.5785%; height: 24px;\">NEUM\u00c1TICO DE NIEVE<\/td>\n<td style=\"width: 74.8201%; height: 24px;\">NEGRO<\/td>\n<\/tr>\n<tr style=\"height: 24px;\">\n<td style=\"width: 21.7489%; height: 24px;\" height=\"19\">235\/65R17<\/td>\n<td style=\"width: 26.9058%; height: 24px;\">108HXL<\/td>\n<td style=\"width: 27.5785%; height: 24px;\">NEUM\u00c1TICO DE NIEVE<\/td>\n<td style=\"width: 74.8201%; height: 24px;\">NEGRO<\/td>\n<\/tr>\n<tr style=\"height: 24px;\">\n<td style=\"width: 21.7489%; height: 24px;\" height=\"19\">265\/65R17<\/td>\n<td style=\"width: 26.9058%; height: 24px;\">112H<\/td>\n<td style=\"width: 27.5785%; height: 24px;\">NEUM\u00c1TICO DE NIEVE<\/td>\n<td style=\"width: 74.8201%; height: 24px;\">NEGRO<\/td>\n<\/tr>\n<tr style=\"height: 24px;\">\n<td style=\"width: 21.7489%; height: 24px;\" height=\"19\">225\/40R18<\/td>\n<td style=\"width: 26.9058%; height: 24px;\">92VXL<\/td>\n<td style=\"width: 27.5785%; height: 24px;\">NEUM\u00c1TICO DE NIEVE<\/td>\n<td style=\"width: 74.8201%; height: 24px;\">NEGRO<\/td>\n<\/tr>\n<tr style=\"height: 24px;\">\n<td style=\"width: 21.7489%; height: 24px;\" height=\"19\">245\/40R18<\/td>\n<td style=\"width: 26.9058%; height: 24px;\">97VXL<\/td>\n<td style=\"width: 27.5785%; height: 24px;\">NEUM\u00c1TICO DE NIEVE<\/td>\n<td style=\"width: 74.8201%; height: 24px;\">NEGRO<\/td>\n<\/tr>\n<tr style=\"height: 24px;\">\n<td style=\"width: 21.7489%; height: 24px;\" height=\"19\">255\/40R18<\/td>\n<td style=\"width: 26.9058%; height: 24px;\">99VXL<\/td>\n<td style=\"width: 27.5785%; height: 24px;\">NEUM\u00c1TICO DE NIEVE<\/td>\n<td style=\"width: 74.8201%; height: 24px;\">NEGRO<\/td>\n<\/tr>\n<tr style=\"height: 24px;\">\n<td style=\"width: 21.7489%; height: 24px;\" height=\"19\">225\/45R18<\/td>\n<td style=\"width: 26.9058%; height: 24px;\">95VXL<\/td>\n<td style=\"width: 27.5785%; height: 24px;\">NEUM\u00c1TICO DE NIEVE<\/td>\n<td style=\"width: 74.8201%; height: 24px;\">NEGRO<\/td>\n<\/tr>\n<tr style=\"height: 24px;\">\n<td style=\"width: 21.7489%; height: 24px;\" height=\"19\">235\/45R18<\/td>\n<td style=\"width: 26.9058%; height: 24px;\">98VXL<\/td>\n<td style=\"width: 27.5785%; height: 24px;\">NEUM\u00c1TICO DE NIEVE<\/td>\n<td style=\"width: 74.8201%; height: 24px;\">NEGRO<\/td>\n<\/tr>\n<tr style=\"height: 24px;\">\n<td style=\"width: 21.7489%; height: 24px;\" height=\"19\">245\/45R18<\/td>\n<td style=\"width: 26.9058%; height: 24px;\">100VXL<\/td>\n<td style=\"width: 27.5785%; height: 24px;\">NEUM\u00c1TICO DE NIEVE<\/td>\n<td style=\"width: 74.8201%; height: 24px;\">NEGRO<\/td>\n<\/tr>\n<tr style=\"height: 24px;\">\n<td style=\"width: 21.7489%; height: 24px;\" height=\"19\">235\/50R18<\/td>\n<td style=\"width: 26.9058%; height: 24px;\">101VXL<\/td>\n<td style=\"width: 27.5785%; height: 24px;\">NEUM\u00c1TICO DE NIEVE<\/td>\n<td style=\"width: 74.8201%; height: 24px;\">NEGRO<\/td>\n<\/tr>\n<tr style=\"height: 24px;\">\n<td style=\"width: 21.7489%; height: 24px;\" height=\"19\">245\/50R18<\/td>\n<td style=\"width: 26.9058%; height: 24px;\">104VXL<\/td>\n<td style=\"width: 27.5785%; height: 24px;\">NEUM\u00c1TICO DE NIEVE<\/td>\n<td style=\"width: 74.8201%; height: 24px;\">NEGRO<\/td>\n<\/tr>\n<tr style=\"height: 24px;\">\n<td style=\"width: 21.7489%; height: 24px;\" height=\"19\">215\/55R18<\/td>\n<td style=\"width: 26.9058%; height: 24px;\">99VXL<\/td>\n<td style=\"width: 27.5785%; height: 24px;\">NEUM\u00c1TICO DE NIEVE<\/td>\n<td style=\"width: 74.8201%; height: 24px;\">NEGRO<\/td>\n<\/tr>\n<tr style=\"height: 24px;\">\n<td style=\"width: 21.7489%; height: 24px;\" height=\"19\">225\/55R18<\/td>\n<td style=\"width: 26.9058%; height: 24px;\">98V<\/td>\n<td style=\"width: 27.5785%; height: 24px;\">NEUM\u00c1TICO DE NIEVE<\/td>\n<td style=\"width: 74.8201%; height: 24px;\">NEGRO<\/td>\n<\/tr>\n<tr style=\"height: 24px;\">\n<td style=\"width: 21.7489%; height: 24px;\" height=\"19\">235\/55R18<\/td>\n<td style=\"width: 26.9058%; height: 24px;\">104VXL<\/td>\n<td style=\"width: 27.5785%; height: 24px;\">NEUM\u00c1TICO DE NIEVE<\/td>\n<td style=\"width: 74.8201%; height: 24px;\">NEGRO<\/td>\n<\/tr>\n<tr style=\"height: 24px;\">\n<td style=\"width: 21.7489%; height: 24px;\" height=\"19\">255\/55R18<\/td>\n<td style=\"width: 26.9058%; height: 24px;\">109VXL<\/td>\n<td style=\"width: 27.5785%; height: 24px;\">NEUM\u00c1TICO DE NIEVE<\/td>\n<td style=\"width: 74.8201%; height: 24px;\">NEGRO<\/td>\n<\/tr>\n<tr style=\"height: 24px;\">\n<td style=\"width: 21.7489%; height: 24px;\" height=\"19\">225\/60R18<\/td>\n<td style=\"width: 26.9058%; height: 24px;\">104HXL<\/td>\n<td style=\"width: 27.5785%; height: 24px;\">NEUM\u00c1TICO DE NIEVE<\/td>\n<td style=\"width: 74.8201%; height: 24px;\">NEGRO<\/td>\n<\/tr>\n<tr style=\"height: 24px;\">\n<td style=\"width: 21.7489%; height: 24px;\" height=\"19\">235\/60R18<\/td>\n<td style=\"width: 26.9058%; height: 24px;\">107HXL<\/td>\n<td style=\"width: 27.5785%; height: 24px;\">NEUM\u00c1TICO DE NIEVE<\/td>\n<td style=\"width: 74.8201%; height: 24px;\">NEGRO<\/td>\n<\/tr>\n<tr style=\"height: 24px;\">\n<td style=\"width: 21.7489%; height: 24px;\" height=\"19\">275\/40R19<\/td>\n<td style=\"width: 26.9058%; height: 24px;\">101V<\/td>\n<td style=\"width: 27.5785%; height: 24px;\">NEUM\u00c1TICO DE NIEVE<\/td>\n<td style=\"width: 74.8201%; height: 24px;\">NEGRO<\/td>\n<\/tr>\n<tr style=\"height: 24px;\">\n<td style=\"width: 21.7489%; height: 24px;\" height=\"19\">225\/45R19<\/td>\n<td style=\"width: 26.9058%; height: 24px;\">96VXL<\/td>\n<td style=\"width: 27.5785%; height: 24px;\">NEUM\u00c1TICO DE NIEVE<\/td>\n<td style=\"width: 74.8201%; height: 24px;\">NEGRO<\/td>\n<\/tr>\n<tr style=\"height: 24px;\">\n<td style=\"width: 21.7489%; height: 24px;\" height=\"19\">245\/45R19<\/td>\n<td style=\"width: 26.9058%; height: 24px;\">98V<\/td>\n<td style=\"width: 27.5785%; height: 24px;\">NEUM\u00c1TICO DE NIEVE<\/td>\n<td style=\"width: 74.8201%; height: 24px;\">NEGRO<\/td>\n<\/tr>\n<tr style=\"height: 24px;\">\n<td style=\"width: 21.7489%; height: 24px;\" height=\"19\">245\/50R19<\/td>\n<td style=\"width: 26.9058%; height: 24px;\">105VXL<\/td>\n<td style=\"width: 27.5785%; height: 24px;\">NEUM\u00c1TICO DE NIEVE<\/td>\n<td style=\"width: 74.8201%; height: 24px;\">NEGRO<\/td>\n<\/tr>\n<tr style=\"height: 24px;\">\n<td style=\"width: 21.7489%; height: 24px;\" height=\"19\">255\/50R19<\/td>\n<td style=\"width: 26.9058%; height: 24px;\">107VXL<\/td>\n<td style=\"width: 27.5785%; height: 24px;\">NEUM\u00c1TICO DE NIEVE<\/td>\n<td style=\"width: 74.8201%; height: 24px;\">NEGRO<\/td>\n<\/tr>\n<tr style=\"height: 24px;\">\n<td style=\"width: 21.7489%; height: 24px;\" height=\"19\">235\/55R19<\/td>\n<td style=\"width: 26.9058%; height: 24px;\">105VXL<\/td>\n<td style=\"width: 27.5785%; height: 24px;\">NEUM\u00c1TICO DE NIEVE<\/td>\n<td style=\"width: 74.8201%; height: 24px;\">NEGRO<\/td>\n<\/tr>\n<tr style=\"height: 24px;\">\n<td style=\"width: 21.7489%; height: 24px;\" height=\"19\">245\/55R19<\/td>\n<td style=\"width: 26.9058%; height: 24px;\">103V<\/td>\n<td style=\"width: 27.5785%; height: 24px;\">NEUM\u00c1TICO DE NIEVE<\/td>\n<td style=\"width: 74.8201%; height: 24px;\">NEGRO<\/td>\n<\/tr>\n<tr style=\"height: 24px;\">\n<td style=\"width: 21.7489%; height: 24px;\" height=\"19\">255\/40R20<\/td>\n<td style=\"width: 26.9058%; height: 24px;\">101VXL<\/td>\n<td style=\"width: 27.5785%; height: 24px;\">NEUM\u00c1TICO DE NIEVE<\/td>\n<td style=\"width: 74.8201%; height: 24px;\">NEGRO<\/td>\n<\/tr>\n<tr style=\"height: 24px;\">\n<td style=\"width: 21.7489%; height: 24px;\" height=\"19\">245\/45R20<\/td>\n<td style=\"width: 26.9058%; height: 24px;\">103VXL<\/td>\n<td style=\"width: 27.5785%; height: 24px;\">NEUM\u00c1TICO DE NIEVE<\/td>\n<td style=\"width: 74.8201%; height: 24px;\">NEGRO<\/td>\n<\/tr>\n<tr style=\"height: 24px;\">\n<td style=\"width: 21.7489%; height: 24px;\" height=\"19\">275\/45R20<\/td>\n<td style=\"width: 26.9058%; height: 24px;\">110VXL<\/td>\n<td style=\"width: 27.5785%; height: 24px;\">NEUM\u00c1TICO DE NIEVE<\/td>\n<td style=\"width: 74.8201%; height: 24px;\">NEGRO<\/td>\n<\/tr>\n<tr style=\"height: 24px;\">\n<td style=\"width: 21.7489%; height: 24px;\" height=\"19\">175\/70R14<\/td>\n<td style=\"width: 26.9058%; height: 24px;\">88TXL<\/td>\n<td style=\"width: 27.5785%; height: 24px;\">NEUM\u00c1TICO DE NIEVE<\/td>\n<td style=\"width: 74.8201%; height: 24px;\">NEGRO<\/td>\n<\/tr>\n<tr style=\"height: 24px;\">\n<td style=\"width: 21.7489%; height: 24px;\" height=\"19\">195\/65R15<\/td>\n<td style=\"width: 26.9058%; height: 24px;\">91H<\/td>\n<td style=\"width: 27.5785%; height: 24px;\">NEUM\u00c1TICO DE NIEVE<\/td>\n<td style=\"width: 74.8201%; height: 24px;\">NEGRO<\/td>\n<\/tr>\n<tr style=\"height: 24px;\">\n<td style=\"width: 21.7489%; height: 24px;\" height=\"19\">195\/60R15<\/td>\n<td style=\"width: 26.9058%; height: 24px;\">88H<\/td>\n<td style=\"width: 27.5785%; height: 24px;\">NEUM\u00c1TICO DE NIEVE<\/td>\n<td style=\"width: 74.8201%; height: 24px;\">NEGRO<\/td>\n<\/tr>\n<\/tbody>\n<\/table>\n","protected":false},"excerpt":{"rendered":"<ul>\n<li>El dise\u00f1o de 4 ranuras principales anchas con \u00e1ngulo optimizado asegura el rendimiento a alta velocidad, mejora el rendimiento de arrastre, antideslizante y el rendimiento de frenado en carreteras con hielo y nieve.<\/li>\n<li>Dise\u00f1o con bloque de patr\u00f3n medio, disminuye la deformaci\u00f3n del bloque en el frenado y mejora la vida \u00fatil del neum\u00e1tico y el rendimiento de manejo.<\/li>\n<li>Dise\u00f1o con dentado en hombro, mejora el agarre, el rendimiento de frenado y seguridad y en carretera con hielo y nieve.<\/li>\n<li>El dise\u00f1o especial del compuesto de s\u00edlice garantiza la maleabilidad del neum\u00e1tico a baja temperatura. Esto ayuda a aumentar la fricci\u00f3n con la carretera.<\/li>\n<\/ul>\n","protected":false},"featured_media":1424,"template":"","meta":[],"product_cat":[41],"product_tag":[],"class_list":["post-1383","product","type-product","status-publish","has-post-thumbnail","hentry","product_cat-snow-tyre"],"acf":[],"_links":{"self":[{"href":"https:\/\/es.wzutechtires.com\/index.php\/wp-json\/wp\/v2\/product\/1383","targetHints":{"allow":["GET"]}}],"collection":[{"href":"https:\/\/es.wzutechtires.com\/index.php\/wp-json\/wp\/v2\/product"}],"about":[{"href":"https:\/\/es.wzutechtires.com\/index.php\/wp-json\/wp\/v2\/types\/product"}],"wp:featuredmedia":[{"embeddable":true,"href":"https:\/\/es.wzutechtires.com\/index.php\/wp-json\/wp\/v2\/media\/1424"}],"wp:attachment":[{"href":"https:\/\/es.wzutechtires.com\/index.php\/wp-json\/wp\/v2\/media?parent=1383"}],"wp:term":[{"taxonomy":"product_cat","embeddable":true,"href":"https:\/\/es.wzutechtires.com\/index.php\/wp-json\/wp\/v2\/product_cat?post=1383"},{"taxonomy":"product_tag","embeddable":true,"href":"https:\/\/es.wzutechtires.com\/index.php\/wp-json\/wp\/v2\/product_tag?post=1383"}],"curies":[{"name":"wp","href":"https:\/\/api.w.org\/{rel}","templated":true}]}}