{"id":1389,"date":"2023-02-24T11:12:29","date_gmt":"2023-02-24T03:12:29","guid":{"rendered":"https:\/\/es.wzutechtires.com\/?post_type=product&#038;p=1389"},"modified":"2023-03-22T11:06:09","modified_gmt":"2023-03-22T03:06:09","slug":"atr201","status":"publish","type":"product","link":"https:\/\/es.wzutechtires.com\/index.php\/product\/atr201\/","title":{"rendered":"ATR201"},"content":{"rendered":"<table style=\"width: 100%; height: 96px;\" width=\"100%\">\n<tbody>\n<tr style=\"height: 76px;\">\n<td style=\"width: 10.1871%; height: 128px;\" rowspan=\"2\" width=\"126\"><span style=\"font-size: 10pt;\">TAMA\u00d1O<\/span><\/td>\n<td style=\"width: 6.86071%; height: 128px;\" rowspan=\"2\" width=\"88\"><span style=\"font-size: 10pt;\">CLASIFICACI\u00d3N DE CAPAS<\/span><\/td>\n<td style=\"width: 10.2911%; height: 128px;\" rowspan=\"2\" width=\"103\"><span style=\"font-size: 10pt;\">PROFUNDIDAD DE LA BANDA (mm)<\/span><\/td>\n<td style=\"width: 9.56341%; height: 128px;\" rowspan=\"2\" width=\"124\"><span style=\"font-size: 10pt;\">LLANTA EST\u00c1NDAR<\/span><\/td>\n<td style=\"width: 11.9543%; height: 128px;\" rowspan=\"2\" width=\"200\"><span style=\"font-size: 10pt;\">\u00cdNDICE DE CARGA\/GRADO DE VELOCIDAD<\/span><\/td>\n<td style=\"width: 10.499%; height: 128px;\" rowspan=\"2\" width=\"106\"><span style=\"font-size: 10pt;\">ANCHO DE LA SECCI\u00d3N (mm)<\/span><\/td>\n<td style=\"width: 13.5135%; height: 128px;\" rowspan=\"2\" width=\"112\"><span style=\"font-size: 10pt;\">DI\u00c1METRO EXTERIOR (mm)<\/span><\/td>\n<td style=\"width: 12.7859%; height: 76px;\" colspan=\"2\" width=\"144\"><span style=\"font-size: 10pt;\">PRESI\u00d3N DE INFLACI\u00d3N (kpa)<\/span><\/td>\n<td style=\"width: 11.5385%; height: 76px;\" colspan=\"2\" width=\"159\"><span style=\"font-size: 10pt;\">CAPACIDAD DE CARGA (kg)<\/span><\/td>\n<\/tr>\n<tr style=\"height: 52px;\">\n<td style=\"width: 7.27651%; height: 52px;\"><span style=\"font-size: 10pt;\">SOLTERO<\/span><\/td>\n<td style=\"width: 5.50936%; height: 52px;\"><span style=\"font-size: 10pt;\">DOBLE<\/span><\/td>\n<td style=\"width: 6.54886%; height: 52px;\"><span style=\"font-size: 10pt;\">SOLTERO<\/span><\/td>\n<td style=\"width: 4.9896%; height: 52px;\"><span style=\"font-size: 10pt;\">DOBLE<\/span><\/td>\n<\/tr>\n<tr style=\"height: 24px;\">\n<td style=\"width: 10.1871%; height: 24px;\"><span style=\"font-size: 10pt;\">385\/65R22.5<\/span><\/td>\n<td style=\"width: 6.86071%; height: 24px;\"><span style=\"font-size: 10pt;\">20PR<\/span><\/td>\n<td style=\"width: 10.2911%; height: 24px;\"><span style=\"font-size: 10pt;\">15.5<\/span><\/td>\n<td style=\"width: 9.56341%; height: 24px;\"><span style=\"font-size: 10pt;\">11.75<\/span><\/td>\n<td style=\"width: 11.9543%; height: 24px;\"><span style=\"font-size: 10pt;\">160L<\/span><\/td>\n<td style=\"width: 10.499%; height: 24px;\"><span style=\"font-size: 10pt;\">389<\/span><\/td>\n<td style=\"width: 13.5135%; height: 24px;\"><span style=\"font-size: 10pt;\">1072<\/span><\/td>\n<td style=\"width: 7.27651%; height: 24px;\"><span style=\"font-size: 10pt;\">900<\/span><\/td>\n<td style=\"width: 5.50936%; height: 24px;\"><span style=\"font-size: 10pt;\">\/<\/span><\/td>\n<td style=\"width: 6.54886%; height: 24px;\"><span style=\"font-size: 10pt;\">4500<\/span><\/td>\n<td style=\"width: 4.9896%; height: 24px;\"><span style=\"font-size: 10pt;\">\/<\/span><\/td>\n<\/tr>\n<\/tbody>\n<\/table>\n","protected":false},"excerpt":{"rendered":"<ul>\n<li>Superficie de rodadura m\u00e1s amplia con superresistencia al desgaste, puede proporcionar una mejor estabilidad a alta velocidad.<\/li>\n<li>El dise\u00f1o de patr\u00f3n de cinco trincheras mejora el rendimiento de detenci\u00f3n y el deslizamiento sobre mojado.<\/li>\n<li>Dise\u00f1o de formulaci\u00f3n especial, con baja resistencia a la rodadura, buena resistencia a la abrasi\u00f3n y eficiencia de combustible.<\/li>\n<\/ul>\n","protected":false},"featured_media":1410,"template":"","meta":[],"product_cat":[28],"product_tag":[],"class_list":["post-1389","product","type-product","status-publish","has-post-thumbnail","hentry","product_cat-long-haulregional"],"acf":[],"_links":{"self":[{"href":"https:\/\/es.wzutechtires.com\/index.php\/wp-json\/wp\/v2\/product\/1389","targetHints":{"allow":["GET"]}}],"collection":[{"href":"https:\/\/es.wzutechtires.com\/index.php\/wp-json\/wp\/v2\/product"}],"about":[{"href":"https:\/\/es.wzutechtires.com\/index.php\/wp-json\/wp\/v2\/types\/product"}],"wp:featuredmedia":[{"embeddable":true,"href":"https:\/\/es.wzutechtires.com\/index.php\/wp-json\/wp\/v2\/media\/1410"}],"wp:attachment":[{"href":"https:\/\/es.wzutechtires.com\/index.php\/wp-json\/wp\/v2\/media?parent=1389"}],"wp:term":[{"taxonomy":"product_cat","embeddable":true,"href":"https:\/\/es.wzutechtires.com\/index.php\/wp-json\/wp\/v2\/product_cat?post=1389"},{"taxonomy":"product_tag","embeddable":true,"href":"https:\/\/es.wzutechtires.com\/index.php\/wp-json\/wp\/v2\/product_tag?post=1389"}],"curies":[{"name":"wp","href":"https:\/\/api.w.org\/{rel}","templated":true}]}}