{"id":1392,"date":"2023-02-24T11:24:29","date_gmt":"2023-02-24T03:24:29","guid":{"rendered":"https:\/\/es.wzutechtires.com\/?post_type=product&#038;p=1392"},"modified":"2023-03-22T11:01:10","modified_gmt":"2023-03-22T03:01:10","slug":"atr217","status":"publish","type":"product","link":"https:\/\/es.wzutechtires.com\/index.php\/product\/atr217\/","title":{"rendered":"ATR217"},"content":{"rendered":"<table style=\"width:100%; height:96px;\" width=\"100%\">\n<tbody>\n<tr style=\"height: 76px;\">\n<td style=\"width: 7.59878%; height: 128px;\" rowspan=\"2\" width=\"126\"><span style=\"font-size: 10pt;\">TAMA\u00d1O<\/span><\/td>\n<td style=\"width: 12.8673%; height: 128px;\" rowspan=\"2\" width=\"88\"><span style=\"font-size: 10pt;\">CLASIFICACI\u00d3N DE CAPAS<\/span><\/td>\n<td style=\"width: 12.5633%; height: 128px;\" rowspan=\"2\" width=\"103\"><span style=\"font-size: 10pt;\">PROFUNDIDAD DE LA BANDA (mm)<\/span><\/td>\n<td style=\"width: 9.21986%; height: 128px;\" rowspan=\"2\" width=\"124\"><span style=\"font-size: 10pt;\">LLANTA EST\u00c1NDAR<\/span><\/td>\n<td style=\"width: 12.6646%; height: 128px;\" rowspan=\"2\" width=\"200\"><span style=\"font-size: 10pt;\">\u00cdNDICE DE CARGA\/GRADO DE VELOCIDAD<\/span><\/td>\n<td style=\"width: 7.59878%; height: 128px;\" rowspan=\"2\" width=\"106\"><span style=\"font-size: 10pt;\">ANCHO DE LA SECCI\u00d3N (mm)<\/span><\/td>\n<td style=\"width: 9.32118%; height: 128px;\" rowspan=\"2\" width=\"112\"><span style=\"font-size: 10pt;\">DI\u00c1METRO EXTERIOR (mm)<\/span><\/td>\n<td style=\"width: 12.766%; height: 76px;\" colspan=\"2\" width=\"144\"><span style=\"font-size: 10pt;\">PRESI\u00d3N DE INFLACI\u00d3N (kpa)<\/span><\/td>\n<td style=\"width: 12.766%; height: 76px;\" colspan=\"2\" width=\"159\"><span style=\"font-size: 10pt;\">CAPACIDAD DE CARGA (kg)<\/span><\/td>\n<\/tr>\n<tr style=\"height: 52px;\">\n<td style=\"width: 7.90274%; height: 52px;\"><span style=\"font-size: 10pt;\">SOLTERO<\/span><\/td>\n<td style=\"width: 4.86322%; height: 52px;\"><span style=\"font-size: 10pt;\">DOBLE<\/span><\/td>\n<td style=\"width: 7.90274%; height: 52px;\"><span style=\"font-size: 10pt;\">SOLTERO<\/span><\/td>\n<td style=\"width: 4.86322%; height: 52px;\"><span style=\"font-size: 10pt;\">DOBLE<\/span><\/td>\n<\/tr>\n<tr style=\"height: 24px;\">\n<td style=\"width: 7.59878%; height: 24px;\"><span style=\"font-size: 10pt;\">11R22.5<\/span><\/td>\n<td style=\"width: 12.8673%; height: 24px;\"><span style=\"font-size: 10pt;\">16PR<\/span><\/td>\n<td style=\"width: 12.5633%; height: 24px;\"><span style=\"font-size: 10pt;\">15.0<\/span><\/td>\n<td style=\"width: 9.21986%; height: 24px;\"><span style=\"font-size: 10pt;\">8.25<\/span><\/td>\n<td style=\"width: 12.6646%; height: 24px;\"><span style=\"font-size: 10pt;\">146\/143L<\/span><\/td>\n<td style=\"width: 7.59878%; height: 24px;\"><span style=\"font-size: 10pt;\">279<\/span><\/td>\n<td style=\"width: 9.32118%; height: 24px;\"><span style=\"font-size: 10pt;\">1065<\/span><\/td>\n<td style=\"width: 7.90274%; height: 24px;\"><span style=\"font-size: 10pt;\">850<\/span><\/td>\n<td style=\"width: 4.86322%; height: 24px;\"><span style=\"font-size: 10pt;\">850<\/span><\/td>\n<td style=\"width: 7.90274%; height: 24px;\"><span style=\"font-size: 10pt;\">3000<\/span><\/td>\n<td style=\"width: 4.86322%; height: 24px;\"><span style=\"font-size: 10pt;\">2725<\/span><\/td>\n<\/tr>\n<\/tbody>\n<\/table>\n","protected":false},"excerpt":{"rendered":"<ul>\n<li>El dise\u00f1o de patr\u00f3n de cuatro l\u00edneas de trinchera puede proporcionar un buen control y garantizar un rendimiento de seguridad.<\/li>\n<li>Una nueva f\u00f3rmula de goma de banda de rodadura de baja fiebre, con mayor kilometraje de uso.<\/li>\n<li>Optimizaci\u00f3n del dise\u00f1o del hombro del neum\u00e1tico, con fuerte resistencia al calor.<\/li>\n<\/ul>\n","protected":false},"featured_media":1411,"template":"","meta":[],"product_cat":[28],"product_tag":[],"class_list":["post-1392","product","type-product","status-publish","has-post-thumbnail","hentry","product_cat-long-haulregional"],"acf":[],"_links":{"self":[{"href":"https:\/\/es.wzutechtires.com\/index.php\/wp-json\/wp\/v2\/product\/1392","targetHints":{"allow":["GET"]}}],"collection":[{"href":"https:\/\/es.wzutechtires.com\/index.php\/wp-json\/wp\/v2\/product"}],"about":[{"href":"https:\/\/es.wzutechtires.com\/index.php\/wp-json\/wp\/v2\/types\/product"}],"wp:featuredmedia":[{"embeddable":true,"href":"https:\/\/es.wzutechtires.com\/index.php\/wp-json\/wp\/v2\/media\/1411"}],"wp:attachment":[{"href":"https:\/\/es.wzutechtires.com\/index.php\/wp-json\/wp\/v2\/media?parent=1392"}],"wp:term":[{"taxonomy":"product_cat","embeddable":true,"href":"https:\/\/es.wzutechtires.com\/index.php\/wp-json\/wp\/v2\/product_cat?post=1392"},{"taxonomy":"product_tag","embeddable":true,"href":"https:\/\/es.wzutechtires.com\/index.php\/wp-json\/wp\/v2\/product_tag?post=1392"}],"curies":[{"name":"wp","href":"https:\/\/api.w.org\/{rel}","templated":true}]}}