{"id":1394,"date":"2023-02-24T11:35:38","date_gmt":"2023-02-24T03:35:38","guid":{"rendered":"https:\/\/es.wzutechtires.com\/?post_type=product&#038;p=1394"},"modified":"2023-07-21T11:52:23","modified_gmt":"2023-07-21T03:52:23","slug":"atr207","status":"publish","type":"product","link":"https:\/\/es.wzutechtires.com\/index.php\/product\/atr207\/","title":{"rendered":"ATR207"},"content":{"rendered":"<table style=\"border-collapse: collapse; width: 100.148%; height: 214px;\" border=\"0\" width=\"1647\" cellspacing=\"0\" cellpadding=\"0\">\n<tbody>\n<tr style=\"height: 14.25pt;\">\n<td class=\"et3\" style=\"height: 28.5pt; width: 5.82166%; text-align: left;\" rowspan=\"2\" width=\"230\" height=\"38\"><span class=\"font1\">TAMA\u00d1O<\/span><\/td>\n<td class=\"et3\" style=\"width: 15.9173%; text-align: left;\" rowspan=\"2\" width=\"401\"><span class=\"font1\">CLASIFICACI\u00d3N DE CAPAS<\/span><\/td>\n<td class=\"et3\" style=\"width: 12.4538%; text-align: left;\" rowspan=\"2\" width=\"135\"><span class=\"font1\">PROFUNDIDAD DE LA BANDA (mm)<\/span><\/td>\n<td class=\"et3\" style=\"width: 12.6015%; text-align: left;\" rowspan=\"2\" width=\"206\"><span class=\"font1\">LLANTA EST\u00c1NDAR<\/span><\/td>\n<td class=\"et3\" style=\"width: 11.7908%; text-align: left;\" rowspan=\"2\" width=\"243\"><span class=\"font1\">\u00cdNDICE DE CARGA\/GRADO DE VELOCIDAD<\/span><\/td>\n<td class=\"et3\" style=\"width: 9.06414%; text-align: left;\" rowspan=\"2\" width=\"72\"><span class=\"font1\">ANCHO DE LA SECCI\u00d3N (mm)<\/span><\/td>\n<td class=\"et3\" style=\"width: 9.4326%; text-align: left;\" rowspan=\"2\" width=\"72\"><span class=\"font1\">DI\u00c1METRO EXTERIOR (mm)<\/span><\/td>\n<td class=\"et3\" style=\"width: 11.496%; text-align: left;\" colspan=\"2\" width=\"144\"><span class=\"font1\">PRESI\u00d3N DE INFLACI\u00d3N (kpa)<\/span><\/td>\n<td class=\"et3\" style=\"width: 11.2012%; text-align: left;\" colspan=\"2\" width=\"144\"><span class=\"font1\">CAPACIDAD DE CARGA (kg)<\/span><\/td>\n<\/tr>\n<tr style=\"height: 14.25pt;\">\n<td class=\"et3\" style=\"width: 6.41121%; text-align: left;\" width=\"72\"><span class=\"font1\">SOLTERO<\/span><\/td>\n<td class=\"et3\" style=\"width: 5.08474%; text-align: left;\" width=\"72\"><span class=\"font1\">DOBLE<\/span><\/td>\n<td class=\"et3\" style=\"width: 5.96906%; text-align: left;\" width=\"72\"><span class=\"font1\">SOLTERO<\/span><\/td>\n<td class=\"et3\" style=\"width: 5.23213%; text-align: left;\" width=\"72\"><span class=\"font1\">DOBLE<\/span><\/td>\n<\/tr>\n<tr style=\"height: 14.25pt;\">\n<td class=\"et3\" style=\"height: 14.25pt; width: 5.82166%; text-align: left;\" width=\"230\" height=\"19\"><span class=\"font1\">11R24.5<\/span><\/td>\n<td class=\"et3\" style=\"width: 15.9173%; text-align: left;\" width=\"401\"><span class=\"font1\">16PR<\/span><\/td>\n<td class=\"et3\" style=\"width: 12.4538%; text-align: left;\" align=\"right\" width=\"135\">15<\/td>\n<td class=\"et3\" style=\"width: 12.6015%; text-align: left;\" align=\"right\" width=\"206\">8.25<\/td>\n<td class=\"et3\" style=\"width: 11.7908%; text-align: left;\" width=\"243\"><span class=\"font1\">149\/146M<\/span><\/td>\n<td class=\"et3\" style=\"width: 9.06414%; text-align: left;\" align=\"right\" width=\"72\">279<\/td>\n<td class=\"et3\" style=\"width: 9.4326%; text-align: left;\" align=\"right\" width=\"72\">1116<\/td>\n<td class=\"et3\" style=\"width: 6.41121%; text-align: left;\" align=\"right\" width=\"72\">830<\/td>\n<td class=\"et3\" style=\"width: 5.08474%; text-align: left;\" align=\"right\" width=\"72\">830<\/td>\n<td class=\"et3\" style=\"width: 5.96906%; text-align: left;\" align=\"right\" width=\"72\">3250<\/td>\n<td class=\"et3\" style=\"width: 5.23213%; text-align: left;\" align=\"right\" width=\"72\">3000<\/td>\n<\/tr>\n<\/tbody>\n<\/table>\n","protected":false},"excerpt":{"rendered":"<ul>\n<li>Buena resistencia al deslizamiento y resistencia a la humedad.<\/li>\n<li>La formulaci\u00f3n \u00fanica de la banda de rodadura y el dise\u00f1o de cuatro cinturones mejoran la resistencia a la abrasi\u00f3n y mejoran el kilometraje.<\/li>\n<li>Baja resistencia a la rodadura, bajo nivel de ruido, buena estabilidad y alta durabilidad.<\/li>\n<\/ul>\n","protected":false},"featured_media":1585,"template":"","meta":[],"product_cat":[28],"product_tag":[],"class_list":["post-1394","product","type-product","status-publish","has-post-thumbnail","hentry","product_cat-long-haulregional"],"acf":[],"_links":{"self":[{"href":"https:\/\/es.wzutechtires.com\/index.php\/wp-json\/wp\/v2\/product\/1394","targetHints":{"allow":["GET"]}}],"collection":[{"href":"https:\/\/es.wzutechtires.com\/index.php\/wp-json\/wp\/v2\/product"}],"about":[{"href":"https:\/\/es.wzutechtires.com\/index.php\/wp-json\/wp\/v2\/types\/product"}],"wp:featuredmedia":[{"embeddable":true,"href":"https:\/\/es.wzutechtires.com\/index.php\/wp-json\/wp\/v2\/media\/1585"}],"wp:attachment":[{"href":"https:\/\/es.wzutechtires.com\/index.php\/wp-json\/wp\/v2\/media?parent=1394"}],"wp:term":[{"taxonomy":"product_cat","embeddable":true,"href":"https:\/\/es.wzutechtires.com\/index.php\/wp-json\/wp\/v2\/product_cat?post=1394"},{"taxonomy":"product_tag","embeddable":true,"href":"https:\/\/es.wzutechtires.com\/index.php\/wp-json\/wp\/v2\/product_tag?post=1394"}],"curies":[{"name":"wp","href":"https:\/\/api.w.org\/{rel}","templated":true}]}}