{"id":1396,"date":"2023-02-24T11:44:00","date_gmt":"2023-02-24T03:44:00","guid":{"rendered":"https:\/\/es.wzutechtires.com\/?post_type=product&#038;p=1396"},"modified":"2023-03-22T10:45:52","modified_gmt":"2023-03-22T02:45:52","slug":"atr205","status":"publish","type":"product","link":"https:\/\/es.wzutechtires.com\/index.php\/product\/atr205\/","title":{"rendered":"ATR205"},"content":{"rendered":"<table style=\"width:100%; height: 96px;\" width=\"100%\">\n<tbody>\n<tr style=\"height: 48px;\">\n<td style=\"width: 9.3046%; height: 72px;\" rowspan=\"2\" width=\"126\"><span style=\"font-size: 10pt;\">TAMA\u00d1O<\/span><\/td>\n<td style=\"width: 12.4388%; height: 72px;\" rowspan=\"2\" width=\"88\"><span style=\"font-size: 10pt;\">CLASIFICACI\u00d3N DE CAPAS<\/span><\/td>\n<td style=\"width: 9.69638%; height: 72px;\" rowspan=\"2\" width=\"127\"><span style=\"font-size: 10pt;\">PROFUNDIDAD DE LA BANDA (mm)<\/span><\/td>\n<td style=\"width: 9.01077%; height: 72px;\" rowspan=\"2\" width=\"109\"><span style=\"font-size: 10pt;\">LLANTA EST\u00c1NDAR<\/span><\/td>\n<td style=\"width: 11.2635%; height: 72px;\" rowspan=\"2\" width=\"192\"><span style=\"font-size: 10pt;\">\u00cdNDICE DE CARGA\/GRADO DE VELOCIDAD<\/span><\/td>\n<td style=\"width: 9.89226%; height: 72px;\" rowspan=\"2\" width=\"99\"><span style=\"font-size: 10pt;\">ANCHO DE LA SECCI\u00d3N (mm)<\/span><\/td>\n<td style=\"width: 12.7326%; height: 72px;\" rowspan=\"2\" width=\"112\"><span style=\"font-size: 10pt;\">DI\u00c1METRO EXTERIOR (mm)<\/span><\/td>\n<td style=\"width: 12.047%; height: 48px;\" colspan=\"2\" width=\"144\"><span style=\"font-size: 10pt;\">PRESI\u00d3N DE INFLACI\u00d3N (kpa)<\/span><\/td>\n<td style=\"width: 10.8717%; height: 48px;\" colspan=\"2\" width=\"159\"><span style=\"font-size: 10pt;\">CAPACIDAD DE CARGA (kg)<\/span><\/td>\n<\/tr>\n<tr style=\"height: 24px;\">\n<td style=\"width: 6.85602%; height: 24px;\"><span style=\"font-size: 10pt;\">SOLTERO<\/span><\/td>\n<td style=\"width: 5.19099%; height: 24px;\"><span style=\"font-size: 10pt;\">DOBLE<\/span><\/td>\n<td style=\"width: 6.17042%; height: 24px;\"><span style=\"font-size: 10pt;\">SOLTERO<\/span><\/td>\n<td style=\"width: 4.70127%; height: 24px;\"><span style=\"font-size: 10pt;\">DOBLE<\/span><\/td>\n<\/tr>\n<tr style=\"height: 24px;\">\n<td style=\"width: 9.3046%; height: 24px;\"><span style=\"font-size: 10pt;\">315\/70R22.5<\/span><\/td>\n<td style=\"width: 12.4388%; height: 24px;\"><span style=\"font-size: 10pt;\">20PR<\/span><\/td>\n<td style=\"width: 9.69638%; height: 24px;\"><span style=\"font-size: 10pt;\">15.0<\/span><\/td>\n<td style=\"width: 9.01077%; height: 24px;\"><span style=\"font-size: 10pt;\">9.00<\/span><\/td>\n<td style=\"width: 11.2635%; height: 24px;\"><span style=\"font-size: 10pt;\">156\/153M<\/span><\/td>\n<td style=\"width: 9.89226%; height: 24px;\"><span style=\"font-size: 10pt;\">312<\/span><\/td>\n<td style=\"width: 12.7326%; height: 24px;\"><span style=\"font-size: 10pt;\">1020<\/span><\/td>\n<td style=\"width: 6.85602%; height: 24px;\"><span style=\"font-size: 10pt;\">900<\/span><\/td>\n<td style=\"width: 5.19099%; height: 24px;\"><span style=\"font-size: 10pt;\">900<\/span><\/td>\n<td style=\"width: 6.17042%; height: 24px;\"><span style=\"font-size: 10pt;\">3750<\/span><\/td>\n<td style=\"width: 4.70127%; height: 24px;\"><span style=\"font-size: 10pt;\">3350<\/span><\/td>\n<\/tr>\n<\/tbody>\n<\/table>\n","protected":false},"excerpt":{"rendered":"<ul>\n<li>Buena resistencia al deslizamiento y resistencia a la humedad.<\/li>\n<li>La formulaci\u00f3n \u00fanica de la banda de rodadura y el dise\u00f1o de cuatro cinturones mejoran la resistencia a la abrasi\u00f3n y mejoran el kilometraje.<\/li>\n<li>Baja resistencia a la rodadura, bajo nivel de ruido, buena estabilidad y alta durabilidad.<\/li>\n<\/ul>\n","protected":false},"featured_media":1443,"template":"","meta":[],"product_cat":[28],"product_tag":[],"class_list":["post-1396","product","type-product","status-publish","has-post-thumbnail","hentry","product_cat-long-haulregional"],"acf":[],"_links":{"self":[{"href":"https:\/\/es.wzutechtires.com\/index.php\/wp-json\/wp\/v2\/product\/1396","targetHints":{"allow":["GET"]}}],"collection":[{"href":"https:\/\/es.wzutechtires.com\/index.php\/wp-json\/wp\/v2\/product"}],"about":[{"href":"https:\/\/es.wzutechtires.com\/index.php\/wp-json\/wp\/v2\/types\/product"}],"wp:featuredmedia":[{"embeddable":true,"href":"https:\/\/es.wzutechtires.com\/index.php\/wp-json\/wp\/v2\/media\/1443"}],"wp:attachment":[{"href":"https:\/\/es.wzutechtires.com\/index.php\/wp-json\/wp\/v2\/media?parent=1396"}],"wp:term":[{"taxonomy":"product_cat","embeddable":true,"href":"https:\/\/es.wzutechtires.com\/index.php\/wp-json\/wp\/v2\/product_cat?post=1396"},{"taxonomy":"product_tag","embeddable":true,"href":"https:\/\/es.wzutechtires.com\/index.php\/wp-json\/wp\/v2\/product_tag?post=1396"}],"curies":[{"name":"wp","href":"https:\/\/api.w.org\/{rel}","templated":true}]}}