{"id":1406,"date":"2023-02-24T13:39:24","date_gmt":"2023-02-24T05:39:24","guid":{"rendered":"https:\/\/es.wzutechtires.com\/?post_type=product&#038;p=1406"},"modified":"2023-07-21T11:53:08","modified_gmt":"2023-07-21T03:53:08","slug":"agr313","status":"publish","type":"product","link":"https:\/\/es.wzutechtires.com\/index.php\/product\/agr313\/","title":{"rendered":"AGR313"},"content":{"rendered":"<table style=\"width: 100%; height: 96px;\" width=\"1111\">\n<tbody>\n<tr style=\"height: 48px;\">\n<td style=\"height: 72px; width: 8.44749%;\" rowspan=\"2\" width=\"102\"><span style=\"font-size: 10pt;\">TAMA\u00d1O<\/span><\/td>\n<td style=\"height: 72px; width: 14.4977%;\" rowspan=\"2\" width=\"88\"><span style=\"font-size: 10pt;\">CLASIFICACI\u00d3N DE CAPAS<\/span><\/td>\n<td style=\"height: 72px; width: 9.47489%;\" rowspan=\"2\" width=\"127\"><span style=\"font-size: 10pt;\">PROFUNDIDAD DE LA BANDA (mm)<\/span><\/td>\n<td style=\"height: 72px; width: 7.46154%;\" rowspan=\"2\" width=\"109\"><span style=\"font-size: 10pt;\">LLANTA EST\u00c1NDAR<\/span><\/td>\n<td style=\"height: 72px; width: 11.3869%;\" rowspan=\"2\" width=\"194\"><span style=\"font-size: 10pt;\">\u00cdNDICE DE CARGA\/GRADO DE VELOCIDAD<\/span><\/td>\n<td style=\"height: 72px; width: 9.27368%;\" rowspan=\"2\" width=\"99\"><span style=\"font-size: 10pt;\">ANCHO DE LA SECCI\u00d3N (mm)<\/span><\/td>\n<td style=\"height: 72px; width: 13.887%;\" rowspan=\"2\" width=\"106\"><span style=\"font-size: 10pt;\">DI\u00c1METRO EXTERIOR (mm)<\/span><\/td>\n<td style=\"height: 48px; width: 11.758%;\" colspan=\"2\" width=\"124\"><span style=\"font-size: 10pt;\">PRESI\u00d3N DE INFLADO (kpa)<\/span><\/td>\n<td style=\"height: 48px; width: 10.7306%;\" colspan=\"2\" width=\"159\"><span style=\"font-size: 10pt;\">CAPACIDAD DE CARGA (kg)<\/span><\/td>\n<\/tr>\n<tr style=\"height: 24px;\">\n<td style=\"height: 24px; width: 6.621%;\"><span style=\"font-size: 10pt;\">SOLTERO<\/span><\/td>\n<td style=\"height: 24px; width: 5.13699%;\"><span style=\"font-size: 10pt;\">DOBLE<\/span><\/td>\n<td style=\"height: 24px; width: 6.05023%;\"><span style=\"font-size: 10pt;\">SOLTERO<\/span><\/td>\n<td style=\"height: 24px; width: 4.68037%;\"><span style=\"font-size: 10pt;\">DOBLE<\/span><\/td>\n<\/tr>\n<tr style=\"height: 24px;\">\n<td style=\"height: 24px; width: 8.44749%;\"><span style=\"font-size: 10pt;\">12R22.5<\/span><\/td>\n<td style=\"height: 24px; width: 14.4977%;\"><span style=\"font-size: 10pt;\">18PR<\/span><\/td>\n<td style=\"height: 24px; width: 9.47489%;\"><span style=\"font-size: 10pt;\">16.5<\/span><\/td>\n<td style=\"height: 24px; width: 7.46154%;\"><span style=\"font-size: 10pt;\">9.00<\/span><\/td>\n<td style=\"height: 24px; width: 11.3869%;\"><span style=\"font-size: 10pt;\">152\/149L<\/span><\/td>\n<td style=\"height: 24px; width: 9.27368%;\"><span style=\"font-size: 10pt;\">300<\/span><\/td>\n<td style=\"height: 24px; width: 13.887%;\"><span style=\"font-size: 10pt;\">1096<\/span><\/td>\n<td style=\"height: 24px; width: 6.621%;\"><span style=\"font-size: 10pt;\">830<\/span><\/td>\n<td style=\"height: 24px; width: 5.13699%;\"><span style=\"font-size: 10pt;\">830<\/span><\/td>\n<td style=\"height: 24px; width: 6.05023%;\"><span style=\"font-size: 10pt;\">3550<\/span><\/td>\n<td style=\"height: 24px; width: 4.68037%;\"><span style=\"font-size: 10pt;\">3075<\/span><\/td>\n<\/tr>\n<\/tbody>\n<\/table>\n","protected":false},"excerpt":{"rendered":"<ul>\n<li>El dise\u00f1o de patr\u00f3n de l\u00ednea de tres ranuras proporciona una excelente comodidad y estabilidad de manejo, reduce la resistencia a la conducci\u00f3n, ahorra combustible y econom\u00eda.<\/li>\n<li>Las ranuras onduladas entre los bloques del patr\u00f3n hacen que tengan un buen rendimiento de disipaci\u00f3n de calor y reducen efectivamente el desgaste irregular de los neum\u00e1ticos.<\/li>\n<li>El dise\u00f1o de protuberancia especial en la parte inferior de la ranura del patr\u00f3n puede evitar que las piedras tengan una buena capacidad de autolimpieza.<\/li>\n<\/ul>\n","protected":false},"featured_media":1409,"template":"","meta":[],"product_cat":[28],"product_tag":[],"class_list":["post-1406","product","type-product","status-publish","has-post-thumbnail","hentry","product_cat-long-haulregional"],"acf":[],"_links":{"self":[{"href":"https:\/\/es.wzutechtires.com\/index.php\/wp-json\/wp\/v2\/product\/1406","targetHints":{"allow":["GET"]}}],"collection":[{"href":"https:\/\/es.wzutechtires.com\/index.php\/wp-json\/wp\/v2\/product"}],"about":[{"href":"https:\/\/es.wzutechtires.com\/index.php\/wp-json\/wp\/v2\/types\/product"}],"wp:featuredmedia":[{"embeddable":true,"href":"https:\/\/es.wzutechtires.com\/index.php\/wp-json\/wp\/v2\/media\/1409"}],"wp:attachment":[{"href":"https:\/\/es.wzutechtires.com\/index.php\/wp-json\/wp\/v2\/media?parent=1406"}],"wp:term":[{"taxonomy":"product_cat","embeddable":true,"href":"https:\/\/es.wzutechtires.com\/index.php\/wp-json\/wp\/v2\/product_cat?post=1406"},{"taxonomy":"product_tag","embeddable":true,"href":"https:\/\/es.wzutechtires.com\/index.php\/wp-json\/wp\/v2\/product_tag?post=1406"}],"curies":[{"name":"wp","href":"https:\/\/api.w.org\/{rel}","templated":true}]}}