{"id":1444,"date":"2023-02-24T16:26:51","date_gmt":"2023-02-24T08:26:51","guid":{"rendered":"https:\/\/es.wzutechtires.com\/?post_type=product&#038;p=1444"},"modified":"2023-03-22T10:12:27","modified_gmt":"2023-03-22T02:12:27","slug":"adr695","status":"publish","type":"product","link":"https:\/\/es.wzutechtires.com\/index.php\/product\/adr695\/","title":{"rendered":"ADR695"},"content":{"rendered":"<table style=\"width: 100%;\" width=\"100%\">\n<tbody>\n<tr>\n<td style=\"width: 8.44749%;\" rowspan=\"2\" width=\"126\"><span style=\"font-size: 10pt;\">TAMA\u00d1O<\/span><\/td>\n<td style=\"width: 14.4977%;\" rowspan=\"2\" width=\"88\"><span style=\"font-size: 10pt;\">CLASIFICACI\u00d3N DE CAPAS<\/span><\/td>\n<td style=\"width: 9.47489%;\" rowspan=\"2\" width=\"127\"><span style=\"font-size: 10pt;\">PROFUNDIDAD DE LA BANDA (mm)<\/span><\/td>\n<td style=\"width: 11.8007%;\" rowspan=\"2\" width=\"109\"><span style=\"font-size: 10pt;\">LLANTA EST\u00c1NDAR<\/span><\/td>\n<td style=\"width: 8.06235%;\" rowspan=\"2\" width=\"192\"><span style=\"font-size: 10pt;\">\u00cdNDICE DE CARGA\/GRADO DE VELOCIDAD<\/span><\/td>\n<td style=\"width: 9.7032%;\" rowspan=\"2\" width=\"106\"><span style=\"font-size: 10pt;\">ANCHO DE LA SECCI\u00d3N (mm)<\/span><\/td>\n<td style=\"width: 12.4429%;\" rowspan=\"2\" width=\"112\"><span style=\"font-size: 10pt;\">DI\u00c1METRO EXTERIOR (mm)<\/span><\/td>\n<td style=\"width: 11.758%;\" colspan=\"2\" width=\"144\"><span style=\"font-size: 10pt;\">PRESI\u00d3N DE INFLACI\u00d3N (kpa)<\/span><\/td>\n<td style=\"width: 10.7306%;\" colspan=\"2\" width=\"159\"><span style=\"font-size: 10pt;\">CAPACIDAD DE CARGA (kg)<\/span><\/td>\n<\/tr>\n<tr>\n<td style=\"width: 6.621%;\"><span style=\"font-size: 10pt;\">SOLTERO<\/span><\/td>\n<td style=\"width: 5.13699%;\"><span style=\"font-size: 10pt;\">DOBLE<\/span><\/td>\n<td style=\"width: 6.05023%;\"><span style=\"font-size: 10pt;\">SOLTERO<\/span><\/td>\n<td style=\"width: 4.68037%;\"><span style=\"font-size: 10pt;\">DOBLE<\/span><\/td>\n<\/tr>\n<tr>\n<td style=\"width: 8.44749%;\"><span style=\"font-size: 10pt;\">12R22.5<\/span><\/td>\n<td style=\"width: 14.4977%;\"><span style=\"font-size: 10pt;\">18PR<\/span><\/td>\n<td style=\"width: 9.47489%;\"><span style=\"font-size: 10pt;\">21<\/span><\/td>\n<td style=\"width: 11.8007%;\"><span style=\"font-size: 10pt;\">9.00<\/span><\/td>\n<td style=\"width: 8.06235%;\"><span style=\"font-size: 10pt;\">152\/149L<\/span><\/td>\n<td style=\"width: 9.7032%;\"><span style=\"font-size: 10pt;\">300<\/span><\/td>\n<td style=\"width: 12.4429%;\"><span style=\"font-size: 10pt;\">1096<\/span><\/td>\n<td style=\"width: 6.621%;\"><span style=\"font-size: 10pt;\">930<\/span><\/td>\n<td style=\"width: 5.13699%;\"><span style=\"font-size: 10pt;\">930<\/span><\/td>\n<td style=\"width: 6.05023%;\"><span style=\"font-size: 10pt;\">3550<\/span><\/td>\n<td style=\"width: 4.68037%;\"><span style=\"font-size: 10pt;\">3250<\/span><\/td>\n<\/tr>\n<\/tbody>\n<\/table>\n","protected":false},"excerpt":{"rendered":"<ul>\n<li>Dise\u00f1o de patr\u00f3n de gu\u00eda \u00fanica, puede reducir significativamente el consumo de combustible.<\/li>\n<li>El dise\u00f1o optimizado de la presi\u00f3n sobre el suelo con una nueva f\u00f3rmula hace que el desgaste sea m\u00e1s uniforme y prolongue la vida \u00fatil.<\/li>\n<li>El mejor patr\u00f3n lateral proporciona una tracci\u00f3n superior en cualquier clima.<\/li>\n<\/ul>\n","protected":false},"featured_media":1445,"template":"","meta":[],"product_cat":[28],"product_tag":[],"class_list":["post-1444","product","type-product","status-publish","has-post-thumbnail","hentry","product_cat-long-haulregional"],"acf":[],"_links":{"self":[{"href":"https:\/\/es.wzutechtires.com\/index.php\/wp-json\/wp\/v2\/product\/1444","targetHints":{"allow":["GET"]}}],"collection":[{"href":"https:\/\/es.wzutechtires.com\/index.php\/wp-json\/wp\/v2\/product"}],"about":[{"href":"https:\/\/es.wzutechtires.com\/index.php\/wp-json\/wp\/v2\/types\/product"}],"wp:featuredmedia":[{"embeddable":true,"href":"https:\/\/es.wzutechtires.com\/index.php\/wp-json\/wp\/v2\/media\/1445"}],"wp:attachment":[{"href":"https:\/\/es.wzutechtires.com\/index.php\/wp-json\/wp\/v2\/media?parent=1444"}],"wp:term":[{"taxonomy":"product_cat","embeddable":true,"href":"https:\/\/es.wzutechtires.com\/index.php\/wp-json\/wp\/v2\/product_cat?post=1444"},{"taxonomy":"product_tag","embeddable":true,"href":"https:\/\/es.wzutechtires.com\/index.php\/wp-json\/wp\/v2\/product_tag?post=1444"}],"curies":[{"name":"wp","href":"https:\/\/api.w.org\/{rel}","templated":true}]}}