{"id":1450,"date":"2023-02-24T17:07:58","date_gmt":"2023-02-24T09:07:58","guid":{"rendered":"https:\/\/es.wzutechtires.com\/?post_type=product&#038;p=1450"},"modified":"2023-03-22T09:57:19","modified_gmt":"2023-03-22T01:57:19","slug":"adc719","status":"publish","type":"product","link":"https:\/\/es.wzutechtires.com\/index.php\/product\/adc719\/","title":{"rendered":"ADC719"},"content":{"rendered":"<table style=\"width: 100%; height:96px;\" width=\"100%\">\n<tbody>\n<tr style=\"height: 47px;\">\n<td style=\"height: 71px;\" rowspan=\"2\" width=\"126\"><span style=\"font-size: 10pt;\">TAMA\u00d1O<\/span><\/td>\n<td style=\"height: 71px;\" rowspan=\"2\" width=\"88\"><span style=\"font-size: 10pt;\">CLASIFICACI\u00d3N DE CAPA<\/span><\/td>\n<td style=\"height: 71px;\" rowspan=\"2\" width=\"103\"><span style=\"font-size: 10pt;\">PROFUNDIDAD DE LA BANDA (mm)<\/span><\/td>\n<td style=\"height: 71px;\" rowspan=\"2\" width=\"124\"><span style=\"font-size: 10pt;\">LLANTA EST\u00c1NDAR<\/span><\/td>\n<td style=\"height: 71px;\" rowspan=\"2\" width=\"200\"><span style=\"font-size: 10pt;\">\u00cdNDICE DE CARGA\/GRADO DE VELOCIDAD<\/span><\/td>\n<td style=\"height: 71px;\" rowspan=\"2\" width=\"106\"><span style=\"font-size: 10pt;\">ANCHO DE LA SECCI\u00d3N (mm)<\/span><\/td>\n<td style=\"height: 71px;\" rowspan=\"2\" width=\"112\"><span style=\"font-size: 10pt;\">DI\u00c1METRO EXTERIOR (mm)<\/span><\/td>\n<td style=\"height: 47px;\" colspan=\"2\" width=\"144\"><span style=\"font-size: 10pt;\">PRESI\u00d3N DE INFLACI\u00d3N (kpa)<\/span><\/td>\n<td style=\"height: 47px;\" colspan=\"2\" width=\"159\"><span style=\"font-size: 10pt;\">CAPACIDAD DE CARGA (kg)<\/span><\/td>\n<\/tr>\n<tr style=\"height: 24px;\">\n<td style=\"height: 24px;\"><span style=\"font-size: 10pt;\">SOLTERO<\/span><\/td>\n<td style=\"height: 24px;\"><span style=\"font-size: 10pt;\">DOBLE<\/span><\/td>\n<td style=\"height: 24px;\"><span style=\"font-size: 10pt;\">SOLTERO<\/span><\/td>\n<td style=\"height: 24px;\"><span style=\"font-size: 10pt;\">DOBLE<\/span><\/td>\n<\/tr>\n<tr style=\"height: 24px;\">\n<td style=\"height: 24px;\"><span style=\"font-size: 10pt;\">11.00R20<\/span><\/td>\n<td style=\"height: 24px;\"><span style=\"font-size: 10pt;\">18PR<\/span><\/td>\n<td style=\"height: 24px;\"><span style=\"font-size: 10pt;\">18.0<\/span><\/td>\n<td style=\"height: 24px;\"><span style=\"font-size: 10pt;\">8.00<\/span><\/td>\n<td style=\"height: 24px;\"><span style=\"font-size: 10pt;\">152\/149K<\/span><\/td>\n<td style=\"height: 24px;\"><span style=\"font-size: 10pt;\">293<\/span><\/td>\n<td style=\"height: 24px;\"><span style=\"font-size: 10pt;\">1096<\/span><\/td>\n<td style=\"height: 24px;\"><span style=\"font-size: 10pt;\">930<\/span><\/td>\n<td style=\"height: 24px;\"><span style=\"font-size: 10pt;\">930<\/span><\/td>\n<td style=\"height: 24px;\"><span style=\"font-size: 10pt;\">3550<\/span><\/td>\n<td style=\"height: 24px;\"><span style=\"font-size: 10pt;\">3250<\/span><\/td>\n<\/tr>\n<tr style=\"height: 24px;\">\n<td style=\"height: 24px;\"><span style=\"font-size: 10pt;\">12.00R20<\/span><\/td>\n<td style=\"height: 24px;\"><span style=\"font-size: 10pt;\">20PR<\/span><\/td>\n<td style=\"height: 24px;\"><span style=\"font-size: 10pt;\">21.0<\/span><\/td>\n<td style=\"height: 24px;\"><span style=\"font-size: 10pt;\">8.50<\/span><\/td>\n<td style=\"height: 24px;\"><span style=\"font-size: 10pt;\">156\/153K<\/span><\/td>\n<td style=\"height: 24px;\"><span style=\"font-size: 10pt;\">315<\/span><\/td>\n<td style=\"height: 24px;\"><span style=\"font-size: 10pt;\">1136<\/span><\/td>\n<td style=\"height: 24px;\"><span style=\"font-size: 10pt;\">900<\/span><\/td>\n<td style=\"height: 24px;\"><span style=\"font-size: 10pt;\">900<\/span><\/td>\n<td style=\"height: 24px;\"><span style=\"font-size: 10pt;\">4000<\/span><\/td>\n<td style=\"height: 24px;\"><span style=\"font-size: 10pt;\">3650<\/span><\/td>\n<\/tr>\n<\/tbody>\n<\/table>\n","protected":false},"excerpt":{"rendered":"<ul>\n<li>El fuerte patr\u00f3n de bloques del hombro del neum\u00e1tico, el patr\u00f3n de surcos intermedios y el excelente patr\u00f3n de surcos laterales proporcionan una buena resistencia al desgarro y al corte, y un rendimiento de tracci\u00f3n excepcional en carreteras en mal estado.<\/li>\n<li>El dise\u00f1o superior de la carcasa y el tal\u00f3n puede mejorar en gran medida la capacidad de carga.<\/li>\n<li>Puede adaptarse al uso general y al mal uso de la carretera en el transporte de cargas cortas y pesadas.<\/li>\n<\/ul>\n","protected":false},"featured_media":1451,"template":"","meta":[],"product_cat":[30],"product_tag":[],"class_list":["post-1450","product","type-product","status-publish","has-post-thumbnail","hentry","product_cat-regionalmixed-road"],"acf":[],"_links":{"self":[{"href":"https:\/\/es.wzutechtires.com\/index.php\/wp-json\/wp\/v2\/product\/1450","targetHints":{"allow":["GET"]}}],"collection":[{"href":"https:\/\/es.wzutechtires.com\/index.php\/wp-json\/wp\/v2\/product"}],"about":[{"href":"https:\/\/es.wzutechtires.com\/index.php\/wp-json\/wp\/v2\/types\/product"}],"wp:featuredmedia":[{"embeddable":true,"href":"https:\/\/es.wzutechtires.com\/index.php\/wp-json\/wp\/v2\/media\/1451"}],"wp:attachment":[{"href":"https:\/\/es.wzutechtires.com\/index.php\/wp-json\/wp\/v2\/media?parent=1450"}],"wp:term":[{"taxonomy":"product_cat","embeddable":true,"href":"https:\/\/es.wzutechtires.com\/index.php\/wp-json\/wp\/v2\/product_cat?post=1450"},{"taxonomy":"product_tag","embeddable":true,"href":"https:\/\/es.wzutechtires.com\/index.php\/wp-json\/wp\/v2\/product_tag?post=1450"}],"curies":[{"name":"wp","href":"https:\/\/api.w.org\/{rel}","templated":true}]}}