{"id":1452,"date":"2023-02-24T17:14:00","date_gmt":"2023-02-24T09:14:00","guid":{"rendered":"https:\/\/es.wzutechtires.com\/?post_type=product&#038;p=1452"},"modified":"2023-03-22T09:55:59","modified_gmt":"2023-03-22T01:55:59","slug":"adc757","status":"publish","type":"product","link":"https:\/\/es.wzutechtires.com\/index.php\/product\/adc757\/","title":{"rendered":"ADC757"},"content":{"rendered":"<table style=\"width: 100%; height: 96px;\" width=\"100%\">\n<tbody>\n<tr style=\"height: 48px;\">\n<td style=\"height: 72px;\" rowspan=\"2\" width=\"126\"><span style=\"font-size: 10pt;\">TAMA\u00d1O<\/span><\/td>\n<td style=\"height: 72px;\" rowspan=\"2\" width=\"88\"><span style=\"font-size: 10pt;\">CLASIFICACI\u00d3N DE CAPA<\/span><\/td>\n<td style=\"height: 72px;\" rowspan=\"2\" width=\"127\"><span style=\"font-size: 10pt;\">PROFUNDIDAD DE LA BANDA (mm)<\/span><\/td>\n<td style=\"height: 72px;\" rowspan=\"2\" width=\"109\"><span style=\"font-size: 10pt;\">LLANTA EST\u00c1NDAR<\/span><\/td>\n<td style=\"height: 72px;\" rowspan=\"2\" width=\"192\"><span style=\"font-size: 10pt;\">\u00cdNDICE DE CARGA\/GRADO DE VELOCIDAD<\/span><\/td>\n<td style=\"height: 72px;\" rowspan=\"2\" width=\"106\"><span style=\"font-size: 10pt;\">ANCHO DE LA SECCI\u00d3N (mm)<\/span><\/td>\n<td style=\"height: 72px;\" rowspan=\"2\" width=\"112\"><span style=\"font-size: 10pt;\">DI\u00c1METRO EXTERIOR (mm)<\/span><\/td>\n<td style=\"height: 48px;\" colspan=\"2\" width=\"144\"><span style=\"font-size: 10pt;\">PRESI\u00d3N DE INFLACI\u00d3N (kpa)<\/span><\/td>\n<td style=\"height: 48px;\" colspan=\"2\" width=\"159\"><span style=\"font-size: 10pt;\">CAPACIDAD DE CARGA (kg)<\/span><\/td>\n<\/tr>\n<tr style=\"height: 24px;\">\n<td style=\"height: 24px;\"><span style=\"font-size: 10pt;\">SOLTERO<\/span><\/td>\n<td style=\"height: 24px;\"><span style=\"font-size: 10pt;\">DOBLE<\/span><\/td>\n<td style=\"height: 24px;\"><span style=\"font-size: 10pt;\">SOLTERO<\/span><\/td>\n<td style=\"height: 24px;\"><span style=\"font-size: 10pt;\">DOBLE<\/span><\/td>\n<\/tr>\n<tr style=\"height: 24px;\">\n<td style=\"height: 24px;\"><span style=\"font-size: 10pt;\">315\/80R22.5<\/span><\/td>\n<td style=\"height: 24px;\"><span style=\"font-size: 10pt;\">20PR<\/span><\/td>\n<td style=\"height: 24px;\"><span style=\"font-size: 10pt;\">23<\/span><\/td>\n<td style=\"height: 24px;\"><span style=\"font-size: 10pt;\">9.00<\/span><\/td>\n<td style=\"height: 24px;\"><span style=\"font-size: 10pt;\">156\/153L<\/span><\/td>\n<td style=\"height: 24px;\"><span style=\"font-size: 10pt;\">312<\/span><\/td>\n<td style=\"height: 24px;\"><span style=\"font-size: 10pt;\">1082<\/span><\/td>\n<td style=\"height: 24px;\"><span style=\"font-size: 10pt;\">850<\/span><\/td>\n<td style=\"height: 24px;\"><span style=\"font-size: 10pt;\">850<\/span><\/td>\n<td style=\"height: 24px;\"><span style=\"font-size: 10pt;\">4000<\/span><\/td>\n<td style=\"height: 24px;\"><span style=\"font-size: 10pt;\">3650<\/span><\/td>\n<\/tr>\n<\/tbody>\n<\/table>\n","protected":false},"excerpt":{"rendered":"<ul>\n<li>El dise\u00f1o de patr\u00f3n grande lateral proporciona un buen rendimiento de tracci\u00f3n.<\/li>\n<li>El patr\u00f3n ultraprofundo y la amplia superficie de rodadura brindan una mejor resistencia al desgaste y un mayor kilometraje.<\/li>\n<li>El dise\u00f1o especial del patr\u00f3n del hombro proporciona una mejor disipaci\u00f3n del calor.<\/li>\n<\/ul>\n","protected":false},"featured_media":1453,"template":"","meta":[],"product_cat":[30],"product_tag":[],"class_list":["post-1452","product","type-product","status-publish","has-post-thumbnail","hentry","product_cat-regionalmixed-road"],"acf":[],"_links":{"self":[{"href":"https:\/\/es.wzutechtires.com\/index.php\/wp-json\/wp\/v2\/product\/1452","targetHints":{"allow":["GET"]}}],"collection":[{"href":"https:\/\/es.wzutechtires.com\/index.php\/wp-json\/wp\/v2\/product"}],"about":[{"href":"https:\/\/es.wzutechtires.com\/index.php\/wp-json\/wp\/v2\/types\/product"}],"wp:featuredmedia":[{"embeddable":true,"href":"https:\/\/es.wzutechtires.com\/index.php\/wp-json\/wp\/v2\/media\/1453"}],"wp:attachment":[{"href":"https:\/\/es.wzutechtires.com\/index.php\/wp-json\/wp\/v2\/media?parent=1452"}],"wp:term":[{"taxonomy":"product_cat","embeddable":true,"href":"https:\/\/es.wzutechtires.com\/index.php\/wp-json\/wp\/v2\/product_cat?post=1452"},{"taxonomy":"product_tag","embeddable":true,"href":"https:\/\/es.wzutechtires.com\/index.php\/wp-json\/wp\/v2\/product_tag?post=1452"}],"curies":[{"name":"wp","href":"https:\/\/api.w.org\/{rel}","templated":true}]}}