{"id":1458,"date":"2023-02-24T17:29:15","date_gmt":"2023-02-24T09:29:15","guid":{"rendered":"https:\/\/es.wzutechtires.com\/?post_type=product&#038;p=1458"},"modified":"2023-03-22T09:48:31","modified_gmt":"2023-03-22T01:48:31","slug":"tdc705","status":"publish","type":"product","link":"https:\/\/es.wzutechtires.com\/index.php\/product\/tdc705\/","title":{"rendered":"TDC705"},"content":{"rendered":"<table style=\"width: 100%; height: 96px;\" width=\"900\">\n<tbody>\n<tr style=\"height: 72px;\">\n<td style=\"height: 96px; width: 7.48231%;\" rowspan=\"2\" width=\"126\"><span style=\"font-size: 10pt;\">TAMA\u00d1O<\/span><\/td>\n<td style=\"height: 96px; width: 12.8413%;\" rowspan=\"2\" width=\"88\"><span style=\"font-size: 10pt;\">CLASIFICACI\u00d3N DE CAPA<\/span><\/td>\n<td style=\"height: 96px; width: 12.5379%;\" rowspan=\"2\" width=\"103\"><span style=\"font-size: 10pt;\">PROFUNDIDAD DE LA BANDA (mm)<\/span><\/td>\n<td style=\"height: 96px; width: 9.1001%;\" rowspan=\"2\" width=\"124\"><span style=\"font-size: 10pt;\">LLANTA EST\u00c1NDAR<\/span><\/td>\n<td style=\"height: 96px; width: 12.5379%;\" rowspan=\"2\" width=\"200\"><span style=\"font-size: 10pt;\">\u00cdNDICE DE CARGA\/GRADO DE VELOCIDAD<\/span><\/td>\n<td style=\"height: 96px; width: 7.48231%;\" rowspan=\"2\" width=\"106\"><span style=\"font-size: 10pt;\">ANCHO DE LA SECCI\u00d3N (mm)<\/span><\/td>\n<td style=\"height: 96px; width: 9.20121%;\" rowspan=\"2\" width=\"112\"><span style=\"font-size: 10pt;\">DI\u00c1METRO EXTERIOR (mm)<\/span><\/td>\n<td style=\"height: 72px; width: 16.0768%;\" colspan=\"2\" width=\"144\"><span style=\"font-size: 10pt;\">PRESI\u00d3N DE INFLACI\u00d3N (kpa)<\/span><\/td>\n<td style=\"height: 72px; width: 9.909%;\" colspan=\"2\" width=\"159\"><span style=\"font-size: 10pt;\">CAPACIDAD DE CARGA (kg)<\/span><\/td>\n<\/tr>\n<tr style=\"height: 24px;\">\n<td style=\"height: 24px; width: 7.88675%;\"><span style=\"font-size: 10pt;\">SOLTERO<\/span><\/td>\n<td style=\"height: 24px; width: 8.19009%;\"><span style=\"font-size: 10pt;\">DOBLE<\/span><\/td>\n<td style=\"height: 24px; width: 4.04449%;\"><span style=\"font-size: 10pt;\">SOLTERO<\/span><\/td>\n<td style=\"height: 24px; width: 5.86451%;\"><span style=\"font-size: 10pt;\">DOBLE<\/span><\/td>\n<\/tr>\n<tr style=\"height: 24px;\">\n<td style=\"height: 24px; width: 7.48231%;\"><span style=\"font-size: 10pt;\">12R22.5<\/span><\/td>\n<td style=\"height: 24px; width: 12.8413%;\"><span style=\"font-size: 10pt;\">18PR<\/span><\/td>\n<td style=\"height: 24px; width: 12.5379%;\"><span style=\"font-size: 10pt;\">21.5<\/span><\/td>\n<td style=\"height: 24px; width: 9.1001%;\"><span style=\"font-size: 10pt;\">9.00<\/span><\/td>\n<td style=\"height: 24px; width: 12.5379%;\"><span style=\"font-size: 10pt;\">152\/149L<\/span><\/td>\n<td style=\"height: 24px; width: 7.48231%;\"><span style=\"font-size: 10pt;\">300<\/span><\/td>\n<td style=\"height: 24px; width: 9.20121%;\"><span style=\"font-size: 10pt;\">1096<\/span><\/td>\n<td style=\"height: 24px; width: 7.88675%;\"><span style=\"font-size: 10pt;\">930<\/span><\/td>\n<td style=\"height: 24px; width: 8.19009%;\"><span style=\"font-size: 10pt;\">930<\/span><\/td>\n<td style=\"height: 24px; width: 4.04449%;\"><span style=\"font-size: 10pt;\">3550<\/span><\/td>\n<td style=\"height: 24px; width: 5.86451%;\"><span style=\"font-size: 10pt;\">3250<\/span><\/td>\n<\/tr>\n<\/tbody>\n<\/table>\n","protected":false},"excerpt":{"rendered":"<ul>\n<li>El dise\u00f1o de patr\u00f3n de l\u00ednea patentado puede proporcionar un excelente rendimiento de frenado de conducci\u00f3n.<\/li>\n<li>Optimizaci\u00f3n del dise\u00f1o del hombro del neum\u00e1tico, con capacidad de rectificado.<\/li>\n<li>Buena capacidad de resistencia al impacto.<\/li>\n<\/ul>\n","protected":false},"featured_media":1459,"template":"","meta":[],"product_cat":[30],"product_tag":[],"class_list":["post-1458","product","type-product","status-publish","has-post-thumbnail","hentry","product_cat-regionalmixed-road"],"acf":[],"_links":{"self":[{"href":"https:\/\/es.wzutechtires.com\/index.php\/wp-json\/wp\/v2\/product\/1458","targetHints":{"allow":["GET"]}}],"collection":[{"href":"https:\/\/es.wzutechtires.com\/index.php\/wp-json\/wp\/v2\/product"}],"about":[{"href":"https:\/\/es.wzutechtires.com\/index.php\/wp-json\/wp\/v2\/types\/product"}],"wp:featuredmedia":[{"embeddable":true,"href":"https:\/\/es.wzutechtires.com\/index.php\/wp-json\/wp\/v2\/media\/1459"}],"wp:attachment":[{"href":"https:\/\/es.wzutechtires.com\/index.php\/wp-json\/wp\/v2\/media?parent=1458"}],"wp:term":[{"taxonomy":"product_cat","embeddable":true,"href":"https:\/\/es.wzutechtires.com\/index.php\/wp-json\/wp\/v2\/product_cat?post=1458"},{"taxonomy":"product_tag","embeddable":true,"href":"https:\/\/es.wzutechtires.com\/index.php\/wp-json\/wp\/v2\/product_tag?post=1458"}],"curies":[{"name":"wp","href":"https:\/\/api.w.org\/{rel}","templated":true}]}}