{"id":1472,"date":"2023-02-24T18:31:30","date_gmt":"2023-02-24T10:31:30","guid":{"rendered":"https:\/\/es.wzutechtires.com\/?post_type=product&#038;p=1472"},"modified":"2023-08-02T11:59:59","modified_gmt":"2023-08-02T03:59:59","slug":"raleigh-r06-runflat","status":"publish","type":"product","link":"https:\/\/es.wzutechtires.com\/index.php\/product\/raleigh-r06-runflat\/","title":{"rendered":"RALEIGH R06 RUNFLAT"},"content":{"rendered":"<table style=\"width: 99.4421%;\" width=\"506\">\n<tbody>\n<tr>\n<td style=\"width: 25.5489%;\" width=\"134\">TAMA\u00d1O<\/td>\n<td style=\"width: 23.1537%;\" width=\"134\">LI\/SS<\/td>\n<td style=\"width: 19.7605%;\" width=\"98\">RANGO DE TAMANO<\/td>\n<td style=\"width: 15.1697%;\" width=\"70\">PARED LATERAL<\/td>\n<td style=\"width: 184.83%;\" width=\"70\">UTQG<\/td>\n<\/tr>\n<tr>\n<td style=\"width: 25.5489%;\">235\/50ZRF18<\/td>\n<td style=\"width: 23.1537%;\">101WXL<\/td>\n<td style=\"width: 19.7605%;\">RUEDA PINCHADA<\/td>\n<td style=\"width: 15.1697%;\">NEGRO<\/td>\n<td style=\"width: 184.83%;\">380AA<\/td>\n<\/tr>\n<tr>\n<td style=\"width: 25.5489%;\">235\/55RF18<\/td>\n<td style=\"width: 23.1537%;\">100V<\/td>\n<td style=\"width: 19.7605%;\">RUEDA PINCHADA<\/td>\n<td style=\"width: 15.1697%;\">NEGRO<\/td>\n<td style=\"width: 184.83%;\">380AA<\/td>\n<\/tr>\n<tr>\n<td style=\"width: 25.5489%;\">235\/55RF19<\/td>\n<td style=\"width: 23.1537%;\">101V<\/td>\n<td style=\"width: 19.7605%;\">RUEDA PINCHADA<\/td>\n<td style=\"width: 15.1697%;\">NEGRO<\/td>\n<td style=\"width: 184.83%;\">440AA<\/td>\n<\/tr>\n<tr>\n<td style=\"width: 25.5489%;\">255\/50ZRF19<\/td>\n<td style=\"width: 23.1537%;\">103W<\/td>\n<td style=\"width: 19.7605%;\">RUEDA PINCHADA<\/td>\n<td style=\"width: 15.1697%;\">NEGRO<\/td>\n<td style=\"width: 184.83%;\">440AA<\/td>\n<\/tr>\n<tr>\n<td style=\"width: 25.5489%;\">255\/55RF18<\/td>\n<td style=\"width: 23.1537%;\">105V<\/td>\n<td style=\"width: 19.7605%;\">RUEDA PINCHADA<\/td>\n<td style=\"width: 15.1697%;\">NEGRO<\/td>\n<td style=\"width: 184.83%;\">440AA<\/td>\n<\/tr>\n<tr>\n<td style=\"width: 25.5489%;\">245\/45ZRF20<\/td>\n<td style=\"width: 23.1537%;\">99W<\/td>\n<td style=\"width: 19.7605%;\">RUEDA PINCHADA<\/td>\n<td style=\"width: 15.1697%;\">NEGRO<\/td>\n<td style=\"width: 184.83%;\">440AA<\/td>\n<\/tr>\n<tr>\n<td style=\"width: 25.5489%;\">275\/40ZRF20<\/td>\n<td style=\"width: 23.1537%;\">102W<\/td>\n<td style=\"width: 19.7605%;\">RUEDA PINCHADA<\/td>\n<td style=\"width: 15.1697%;\">NEGRO<\/td>\n<td style=\"width: 184.83%;\">440AA<\/td>\n<\/tr>\n<tr>\n<td style=\"width: 25.5489%;\">315\/35ZRF20<\/td>\n<td style=\"width: 23.1537%;\">106W<\/td>\n<td style=\"width: 19.7605%;\">RUEDA PINCHADA<\/td>\n<td style=\"width: 15.1697%;\">NEGRO<\/td>\n<td style=\"width: 184.83%;\">440AA<\/td>\n<\/tr>\n<\/tbody>\n<\/table>\n","protected":false},"excerpt":{"rendered":"<ul>\n<li>El caucho de refuerzo en la pared lateral es un elemento importante en el neum\u00e1tico RUN-FLAT. El car\u00e1cter suave puede ofrecer una conducci\u00f3n c\u00f3moda en tiempos normales. Pero en las fugas de aire, se vuelve dif\u00edcil.<\/li>\n<li>El uso de caucho de bajo poder calor\u00edfico aumenta la durabilidad al reducir el calor en presi\u00f3n cero.<\/li>\n<li>Evite que el neum\u00e1tico se separe de la rueda en condiciones de fugas de aire. El tal\u00f3n del neum\u00e1tico es m\u00e1s ancho que los comunes.<\/li>\n<\/ul>\n","protected":false},"featured_media":1473,"template":"","meta":[],"product_cat":[40],"product_tag":[],"class_list":["post-1472","product","type-product","status-publish","has-post-thumbnail","hentry","product_cat-runflat"],"acf":[],"_links":{"self":[{"href":"https:\/\/es.wzutechtires.com\/index.php\/wp-json\/wp\/v2\/product\/1472","targetHints":{"allow":["GET"]}}],"collection":[{"href":"https:\/\/es.wzutechtires.com\/index.php\/wp-json\/wp\/v2\/product"}],"about":[{"href":"https:\/\/es.wzutechtires.com\/index.php\/wp-json\/wp\/v2\/types\/product"}],"wp:featuredmedia":[{"embeddable":true,"href":"https:\/\/es.wzutechtires.com\/index.php\/wp-json\/wp\/v2\/media\/1473"}],"wp:attachment":[{"href":"https:\/\/es.wzutechtires.com\/index.php\/wp-json\/wp\/v2\/media?parent=1472"}],"wp:term":[{"taxonomy":"product_cat","embeddable":true,"href":"https:\/\/es.wzutechtires.com\/index.php\/wp-json\/wp\/v2\/product_cat?post=1472"},{"taxonomy":"product_tag","embeddable":true,"href":"https:\/\/es.wzutechtires.com\/index.php\/wp-json\/wp\/v2\/product_tag?post=1472"}],"curies":[{"name":"wp","href":"https:\/\/api.w.org\/{rel}","templated":true}]}}