{"id":1563,"date":"2023-02-27T18:51:25","date_gmt":"2023-02-27T10:51:25","guid":{"rendered":"https:\/\/es.wzutechtires.com\/?post_type=product&#038;p=1563"},"modified":"2023-07-21T10:45:59","modified_gmt":"2023-07-21T02:45:59","slug":"roadster-r02s-2","status":"publish","type":"product","link":"https:\/\/es.wzutechtires.com\/index.php\/product\/roadster-r02s-2\/","title":{"rendered":"ROADSTERR02S"},"content":{"rendered":"<table style=\"width: 100.591%; height: 624px;\" border=\"0\" width=\"480\" cellspacing=\"0\" cellpadding=\"0\">\n<tbody>\n<tr style=\"height: 48px;\">\n<td style=\"height: 48px; width: 28.9926%;\" height=\"19\">TAMA\u00d1O<\/td>\n<td style=\"height: 48px; width: 15.602%;\">LI\/SS<\/td>\n<td style=\"height: 48px; width: 24.8157%;\">RANGO DE TAMA\u00d1O<\/td>\n<td style=\"height: 48px; width: 15.3563%;\">PARED LATERAL<\/td>\n<td style=\"height: 48px; width: 82.4324%;\">UTQG<\/td>\n<\/tr>\n<tr style=\"height: 24px;\">\n<td style=\"height: 24px; width: 28.9926%;\" height=\"19\">265\/35ZR18<\/td>\n<td style=\"height: 24px; width: 15.602%;\">97WXL<\/td>\n<td style=\"height: 24px; width: 24.8157%;\">UHP<\/td>\n<td style=\"height: 24px; width: 15.3563%;\">NEGRO<\/td>\n<td style=\"height: 24px; width: 82.4324%;\">380AA<\/td>\n<\/tr>\n<tr style=\"height: 24px;\">\n<td style=\"height: 24px; width: 28.9926%;\" height=\"19\">275\/45ZR18<\/td>\n<td style=\"height: 24px; width: 15.602%;\">103Y<\/td>\n<td style=\"height: 24px; width: 24.8157%;\">UHP<\/td>\n<td style=\"height: 24px; width: 15.3563%;\">NEGRO<\/td>\n<td style=\"height: 24px; width: 82.4324%;\">380AA<\/td>\n<\/tr>\n<tr style=\"height: 24px;\">\n<td style=\"height: 24px; width: 28.9926%;\" height=\"19\">265\/30ZR19<\/td>\n<td style=\"height: 24px; width: 15.602%;\">93WXL<\/td>\n<td style=\"height: 24px; width: 24.8157%;\">UHP<\/td>\n<td style=\"height: 24px; width: 15.3563%;\">NEGRO<\/td>\n<td style=\"height: 24px; width: 82.4324%;\">380AA<\/td>\n<\/tr>\n<tr style=\"height: 24px;\">\n<td style=\"height: 24px; width: 28.9926%;\" height=\"19\">245\/45ZR19<\/td>\n<td style=\"height: 24px; width: 15.602%;\">98W<\/td>\n<td style=\"height: 24px; width: 24.8157%;\">UHP<\/td>\n<td style=\"height: 24px; width: 15.3563%;\">NEGRO<\/td>\n<td style=\"height: 24px; width: 82.4324%;\">380AA<\/td>\n<\/tr>\n<tr style=\"height: 24px;\">\n<td style=\"height: 24px; width: 28.9926%;\" height=\"19\">255\/40ZR19<\/td>\n<td style=\"height: 24px; width: 15.602%;\">100YXL<\/td>\n<td style=\"height: 24px; width: 24.8157%;\">UHP<\/td>\n<td style=\"height: 24px; width: 15.3563%;\">NEGRO<\/td>\n<td style=\"height: 24px; width: 82.4324%;\">380AA<\/td>\n<\/tr>\n<tr style=\"height: 24px;\">\n<td style=\"height: 24px; width: 28.9926%;\" height=\"19\">275\/30ZR19<\/td>\n<td style=\"height: 24px; width: 15.602%;\">96WXL<\/td>\n<td style=\"height: 24px; width: 24.8157%;\">UHP<\/td>\n<td style=\"height: 24px; width: 15.3563%;\">NEGRO<\/td>\n<td style=\"height: 24px; width: 82.4324%;\">380AA<\/td>\n<\/tr>\n<tr style=\"height: 24px;\">\n<td style=\"height: 24px; width: 28.9926%;\" height=\"19\">275\/35ZR19<\/td>\n<td style=\"height: 24px; width: 15.602%;\">96Y<\/td>\n<td style=\"height: 24px; width: 24.8157%;\">UHP<\/td>\n<td style=\"height: 24px; width: 15.3563%;\">NEGRO<\/td>\n<td style=\"height: 24px; width: 82.4324%;\">380AA<\/td>\n<\/tr>\n<tr style=\"height: 24px;\">\n<td style=\"height: 24px; width: 28.9926%;\" height=\"19\">275\/40ZR19<\/td>\n<td style=\"height: 24px; width: 15.602%;\">101Y<\/td>\n<td style=\"height: 24px; width: 24.8157%;\">UHP<\/td>\n<td style=\"height: 24px; width: 15.3563%;\">NEGRO<\/td>\n<td style=\"height: 24px; width: 82.4324%;\">380AA<\/td>\n<\/tr>\n<tr style=\"height: 24px;\">\n<td style=\"height: 24px; width: 28.9926%;\" height=\"19\">275\/45ZR19<\/td>\n<td style=\"height: 24px; width: 15.602%;\">108WXL<\/td>\n<td style=\"height: 24px; width: 24.8157%;\">UHP<\/td>\n<td style=\"height: 24px; width: 15.3563%;\">NEGRO<\/td>\n<td style=\"height: 24px; width: 82.4324%;\">380AA<\/td>\n<\/tr>\n<tr style=\"height: 24px;\">\n<td style=\"height: 24px; width: 28.9926%;\" height=\"19\">285\/30ZR19<\/td>\n<td style=\"height: 24px; width: 15.602%;\">98YXL<\/td>\n<td style=\"height: 24px; width: 24.8157%;\">UHP<\/td>\n<td style=\"height: 24px; width: 15.3563%;\">NEGRO<\/td>\n<td style=\"height: 24px; width: 82.4324%;\">380AA<\/td>\n<\/tr>\n<tr style=\"height: 24px;\">\n<td style=\"height: 24px; width: 28.9926%;\" height=\"19\">275\/30ZR20<\/td>\n<td style=\"height: 24px; width: 15.602%;\">97WXL<\/td>\n<td style=\"height: 24px; width: 24.8157%;\">UHP<\/td>\n<td style=\"height: 24px; width: 15.3563%;\">NEGRO<\/td>\n<td style=\"height: 24px; width: 82.4324%;\">380AA<\/td>\n<\/tr>\n<tr style=\"height: 24px;\">\n<td style=\"height: 24px; width: 28.9926%;\" height=\"19\">275\/55R20<\/td>\n<td style=\"height: 24px; width: 15.602%;\">117VXL<\/td>\n<td style=\"height: 24px; width: 24.8157%;\">UHP<\/td>\n<td style=\"height: 24px; width: 15.3563%;\">NEGRO<\/td>\n<td style=\"height: 24px; width: 82.4324%;\">380AA<\/td>\n<\/tr>\n<tr style=\"height: 24px;\">\n<td style=\"height: 24px; width: 28.9926%;\" height=\"19\">235\/30ZR22<\/td>\n<td style=\"height: 24px; width: 15.602%;\">90WXL<\/td>\n<td style=\"height: 24px; width: 24.8157%;\">UHP<\/td>\n<td style=\"height: 24px; width: 15.3563%;\">NEGRO<\/td>\n<td style=\"height: 24px; width: 82.4324%;\">380AA<\/td>\n<\/tr>\n<tr style=\"height: 24px;\">\n<td style=\"height: 24px; width: 28.9926%;\" height=\"19\">245\/30ZR22<\/td>\n<td style=\"height: 24px; width: 15.602%;\">92WXL<\/td>\n<td style=\"height: 24px; width: 24.8157%;\">UHP<\/td>\n<td style=\"height: 24px; width: 15.3563%;\">NEGRO<\/td>\n<td style=\"height: 24px; width: 82.4324%;\">380AA<\/td>\n<\/tr>\n<tr style=\"height: 24px;\">\n<td style=\"height: 24px; width: 28.9926%;\" height=\"19\">255\/30ZR22<\/td>\n<td style=\"height: 24px; width: 15.602%;\">95WXL<\/td>\n<td style=\"height: 24px; width: 24.8157%;\">UHP<\/td>\n<td style=\"height: 24px; width: 15.3563%;\">NEGRO<\/td>\n<td style=\"height: 24px; width: 82.4324%;\">380AA<\/td>\n<\/tr>\n<tr style=\"height: 24px;\">\n<td style=\"height: 24px; width: 28.9926%;\" height=\"19\">265\/35ZR22<\/td>\n<td style=\"height: 24px; width: 15.602%;\">102WXL<\/td>\n<td style=\"height: 24px; width: 24.8157%;\">UHP<\/td>\n<td style=\"height: 24px; width: 15.3563%;\">NEGRO<\/td>\n<td style=\"height: 24px; width: 82.4324%;\">380AA<\/td>\n<\/tr>\n<tr style=\"height: 24px;\">\n<td style=\"height: 24px; width: 28.9926%;\" height=\"19\">265\/40ZR22<\/td>\n<td style=\"height: 24px; width: 15.602%;\">106WXL<\/td>\n<td style=\"height: 24px; width: 24.8157%;\">UHP<\/td>\n<td style=\"height: 24px; width: 15.3563%;\">NEGRO<\/td>\n<td style=\"height: 24px; width: 82.4324%;\">380AA<\/td>\n<\/tr>\n<tr style=\"height: 24px;\">\n<td style=\"height: 24px; width: 28.9926%;\" height=\"19\">275\/45R22<\/td>\n<td style=\"height: 24px; width: 15.602%;\">112VXL<\/td>\n<td style=\"height: 24px; width: 24.8157%;\">UHP<\/td>\n<td style=\"height: 24px; width: 15.3563%;\">NEGRO<\/td>\n<td style=\"height: 24px; width: 82.4324%;\">380AA<\/td>\n<\/tr>\n<tr style=\"height: 24px;\">\n<td style=\"height: 24px; width: 28.9926%;\" height=\"19\">285\/30ZR22<\/td>\n<td style=\"height: 24px; width: 15.602%;\">101WXL<\/td>\n<td style=\"height: 24px; width: 24.8157%;\">UHP<\/td>\n<td style=\"height: 24px; width: 15.3563%;\">NEGRO<\/td>\n<td style=\"height: 24px; width: 82.4324%;\">380AA<\/td>\n<\/tr>\n<tr style=\"height: 24px;\">\n<td style=\"height: 24px; width: 28.9926%;\" height=\"19\">285\/35ZR22<\/td>\n<td style=\"height: 24px; width: 15.602%;\">106WXL<\/td>\n<td style=\"height: 24px; width: 24.8157%;\">UHP<\/td>\n<td style=\"height: 24px; width: 15.3563%;\">NEGRO<\/td>\n<td style=\"height: 24px; width: 82.4324%;\">380AA<\/td>\n<\/tr>\n<tr style=\"height: 24px;\">\n<td style=\"height: 24px; width: 28.9926%;\" height=\"19\">285\/45R22<\/td>\n<td style=\"height: 24px; width: 15.602%;\">114VXL<\/td>\n<td style=\"height: 24px; width: 24.8157%;\">UHP<\/td>\n<td style=\"height: 24px; width: 15.3563%;\">NEGRO<\/td>\n<td style=\"height: 24px; width: 82.4324%;\">380AA<\/td>\n<\/tr>\n<tr style=\"height: 24px;\">\n<td style=\"height: 24px; width: 28.9926%;\" height=\"19\">295\/30ZR22<\/td>\n<td style=\"height: 24px; width: 15.602%;\">103WXL<\/td>\n<td style=\"height: 24px; width: 24.8157%;\">UHP<\/td>\n<td style=\"height: 24px; width: 15.3563%;\">NEGRO<\/td>\n<td style=\"height: 24px; width: 82.4324%;\">380AA<\/td>\n<\/tr>\n<tr style=\"height: 24px;\">\n<td style=\"height: 24px; width: 28.9926%;\" height=\"19\">305\/45R22<\/td>\n<td style=\"height: 24px; width: 15.602%;\">118VXL<\/td>\n<td style=\"height: 24px; width: 24.8157%;\">UHP<\/td>\n<td style=\"height: 24px; width: 15.3563%;\">NEGRO<\/td>\n<td style=\"height: 24px; width: 82.4324%;\">380AA<\/td>\n<\/tr>\n<tr style=\"height: 24px;\">\n<td style=\"height: 24px; width: 28.9926%;\" height=\"19\">305\/40R22<\/td>\n<td style=\"height: 24px; width: 15.602%;\">114VXL<\/td>\n<td style=\"height: 24px; width: 24.8157%;\">UHP<\/td>\n<td style=\"height: 24px; width: 15.3563%;\">NEGRO<\/td>\n<td style=\"height: 24px; width: 82.4324%;\">380AA<\/td>\n<\/tr>\n<\/tbody>\n<\/table>\n","protected":false},"excerpt":{"rendered":"<ul>\n<li>El patr\u00f3n de bloques fuera de borda mejora el agarre. La combinaci\u00f3n de ranura y disco de acero reduce el ruido del neum\u00e1tico.<\/li>\n<li>La fuerte nervadura central mejora efectivamente el rendimiento de conducci\u00f3n en l\u00ednea recta.<\/li>\n<li>Patr\u00f3n interior escalonado y drenaje suave, reduce el ruido de la banda de rodadura, equilibra la fuerza de ambos lados y garantiza un desgaste uniforme de la banda de rodadura.<\/li>\n<\/ul>\n","protected":false},"featured_media":1564,"template":"","meta":[],"product_cat":[35,15],"product_tag":[],"class_list":["post-1563","product","type-product","status-publish","has-post-thumbnail","hentry","product_cat-uhp","product_cat-passenger-car-tyre"],"acf":[],"_links":{"self":[{"href":"https:\/\/es.wzutechtires.com\/index.php\/wp-json\/wp\/v2\/product\/1563","targetHints":{"allow":["GET"]}}],"collection":[{"href":"https:\/\/es.wzutechtires.com\/index.php\/wp-json\/wp\/v2\/product"}],"about":[{"href":"https:\/\/es.wzutechtires.com\/index.php\/wp-json\/wp\/v2\/types\/product"}],"wp:featuredmedia":[{"embeddable":true,"href":"https:\/\/es.wzutechtires.com\/index.php\/wp-json\/wp\/v2\/media\/1564"}],"wp:attachment":[{"href":"https:\/\/es.wzutechtires.com\/index.php\/wp-json\/wp\/v2\/media?parent=1563"}],"wp:term":[{"taxonomy":"product_cat","embeddable":true,"href":"https:\/\/es.wzutechtires.com\/index.php\/wp-json\/wp\/v2\/product_cat?post=1563"},{"taxonomy":"product_tag","embeddable":true,"href":"https:\/\/es.wzutechtires.com\/index.php\/wp-json\/wp\/v2\/product_tag?post=1563"}],"curies":[{"name":"wp","href":"https:\/\/api.w.org\/{rel}","templated":true}]}}