{"id":1566,"date":"2023-02-28T11:25:09","date_gmt":"2023-02-28T03:25:09","guid":{"rendered":"https:\/\/es.wzutechtires.com\/?post_type=product&#038;p=1566"},"modified":"2023-03-22T17:29:30","modified_gmt":"2023-03-22T09:29:30","slug":"atr202","status":"publish","type":"product","link":"https:\/\/es.wzutechtires.com\/index.php\/product\/atr202\/","title":{"rendered":"ATR202"},"content":{"rendered":"<table style=\"width: 100%; height: 96px;\" width=\"900\">\n<tbody>\n<tr style=\"height: 48px;\">\n<td style=\"height: 72px; width: 8.69567%;\" rowspan=\"2\" width=\"126\"><span style=\"font-size: 8pt;\">TAMA\u00d1O<\/span><\/td>\n<td style=\"height: 72px; width: 10.9121%;\" rowspan=\"2\" width=\"88\"><span style=\"font-size: 8pt;\">CLASIFICACI\u00d3N DE CAPA<\/span><\/td>\n<td style=\"height: 72px; width: 10.3155%;\" rowspan=\"2\" width=\"127\"><span style=\"font-size: 8pt;\">PROFUNDIDAD DE LA BANDA (mm)<\/span><\/td>\n<td style=\"height: 72px; width: 7.92838%;\" rowspan=\"2\" width=\"109\"><span style=\"font-size: 8pt;\">LLANTA EST\u00c1NDAR<\/span><\/td>\n<td style=\"height: 72px; width: 11.0827%;\" rowspan=\"2\" width=\"192\"><span style=\"font-size: 8pt;\">\u00cdNDICE DE CARGA\/GRADO DE VELOCIDAD<\/span><\/td>\n<td style=\"height: 72px; width: 10.4006%;\" rowspan=\"2\" width=\"106\"><span style=\"font-size: 8pt;\">ANCHO DE LA SECCI\u00d3N (mm)<\/span><\/td>\n<td style=\"height: 72px; width: 7.41696%;\" rowspan=\"2\" width=\"112\"><span style=\"font-size: 8pt;\">DI\u00c1METRO EXTERIOR (mm)<\/span><\/td>\n<td style=\"height: 48px; width: 12.031%;\" colspan=\"2\" width=\"144\"><span style=\"font-size: 8pt;\">PRESI\u00d3N DE INFLACI\u00d3N (kpa)<\/span><\/td>\n<td style=\"height: 48px; width: 10.3783%;\" colspan=\"2\" width=\"159\"><span style=\"font-size: 8pt;\">CAPACIDAD DE CARGA (kg)<\/span><\/td>\n<\/tr>\n<tr style=\"height: 24px;\">\n<td style=\"height: 24px; width: 6.73485%;\"><span style=\"font-size: 8pt;\">SOLTERO<\/span><\/td>\n<td style=\"height: 24px; width: 5.29611%;\"><span style=\"font-size: 8pt;\">DOBLE<\/span><\/td>\n<td style=\"height: 24px; width: 9.45237%;\"><span style=\"font-size: 8pt;\">SOLTERO<\/span><\/td>\n<td style=\"height: 24px; width: 0.925926%;\"><span style=\"font-size: 8pt;\">DOBLE<\/span><\/td>\n<\/tr>\n<tr style=\"height: 24px;\">\n<td style=\"height: 24px; width: 8.69567%;\"><span style=\"font-size: 8pt;\">295\/80 r.kh<\/span><\/td>\n<td style=\"height: 24px; width: 10.9121%;\"><span style=\"font-size: 8pt;\">18PR<\/span><\/td>\n<td style=\"height: 24px; width: 10.3155%;\"><span style=\"font-size: 8pt;\">14.3<\/span><\/td>\n<td style=\"height: 24px; width: 7.92838%;\"><span style=\"font-size: 8pt;\">9.00<\/span><\/td>\n<td style=\"height: 24px; width: 11.0827%;\"><span style=\"font-size: 8pt;\">152\/149 litros<\/span><\/td>\n<td style=\"height: 24px; width: 10.4006%;\"><span style=\"font-size: 8pt;\">298<\/span><\/td>\n<td style=\"height: 24px; width: 7.41696%;\"><span style=\"font-size: 8pt;\">1050<\/span><\/td>\n<td style=\"height: 24px; width: 6.73485%;\"><span style=\"font-size: 8pt;\">900<\/span><\/td>\n<td style=\"height: 24px; width: 5.29611%;\"><span style=\"font-size: 8pt;\">900<\/span><\/td>\n<td style=\"height: 24px; width: 9.45237%;\"><span style=\"font-size: 8pt;\">3550<\/span><\/td>\n<td style=\"height: 24px; width: 0.925926%;\"><span style=\"font-size: 8pt;\">3250<\/span><\/td>\n<\/tr>\n<\/tbody>\n<\/table>\n<p>&nbsp;<\/p>\n","protected":false},"excerpt":{"rendered":"<ul>\n<li>Buena resistencia al deslizamiento y resistencia a la humedad.<\/li>\n<li>La formulaci\u00f3n \u00fanica de la banda de rodadura y el dise\u00f1o de cuatro cinturones mejoran la resistencia a la abrasi\u00f3n y mejoran el kilometraje.<\/li>\n<li>Baja resistencia a la rodadura, bajo nivel de ruido, buena estabilidad y alta durabilidad.<\/li>\n<\/ul>\n","protected":false},"featured_media":1569,"template":"","meta":[],"product_cat":[22,28],"product_tag":[],"class_list":["post-1566","product","type-product","status-publish","has-post-thumbnail","hentry","product_cat-truckbus-tyre","product_cat-long-haulregional"],"acf":[],"_links":{"self":[{"href":"https:\/\/es.wzutechtires.com\/index.php\/wp-json\/wp\/v2\/product\/1566","targetHints":{"allow":["GET"]}}],"collection":[{"href":"https:\/\/es.wzutechtires.com\/index.php\/wp-json\/wp\/v2\/product"}],"about":[{"href":"https:\/\/es.wzutechtires.com\/index.php\/wp-json\/wp\/v2\/types\/product"}],"wp:featuredmedia":[{"embeddable":true,"href":"https:\/\/es.wzutechtires.com\/index.php\/wp-json\/wp\/v2\/media\/1569"}],"wp:attachment":[{"href":"https:\/\/es.wzutechtires.com\/index.php\/wp-json\/wp\/v2\/media?parent=1566"}],"wp:term":[{"taxonomy":"product_cat","embeddable":true,"href":"https:\/\/es.wzutechtires.com\/index.php\/wp-json\/wp\/v2\/product_cat?post=1566"},{"taxonomy":"product_tag","embeddable":true,"href":"https:\/\/es.wzutechtires.com\/index.php\/wp-json\/wp\/v2\/product_tag?post=1566"}],"curies":[{"name":"wp","href":"https:\/\/api.w.org\/{rel}","templated":true}]}}