{"id":447,"date":"2022-12-07T16:53:50","date_gmt":"2022-12-07T08:53:50","guid":{"rendered":"http:\/\/es.wzutechtires.com\/?post_type=product&#038;p=447"},"modified":"2023-03-22T15:22:24","modified_gmt":"2023-03-22T07:22:24","slug":"adr617","status":"publish","type":"product","link":"https:\/\/es.wzutechtires.com\/index.php\/product\/adr617\/","title":{"rendered":"ADR617"},"content":{"rendered":"<table style=\"width: 100%; height: 161px;\" width=\"100%\">\n<tbody>\n<tr style=\"height: 58px;\">\n<td style=\"height: 89px; width: 9.375%;\" rowspan=\"2\" width=\"126\"><span style=\"font-size: 10pt;\">TAMA\u00d1O<\/span><\/td>\n<td style=\"height: 89px; width: 12.0265%;\" rowspan=\"2\" width=\"88\"><span style=\"font-size: 10pt;\">CLASIFICACI\u00d3N DE CAPAS<\/span><\/td>\n<td style=\"height: 89px; width: 11.7424%;\" rowspan=\"2\" width=\"127\"><span style=\"font-size: 10pt;\">PROFUNDIDAD DE LA BANDA (mm)<\/span><\/td>\n<td style=\"height: 89px; width: 8.52273%;\" rowspan=\"2\" width=\"109\"><span style=\"font-size: 10pt;\">LLANTA EST\u00c1NDAR<\/span><\/td>\n<td style=\"height: 89px; width: 11.7424%;\" rowspan=\"2\" width=\"192\"><span style=\"font-size: 10pt;\">\u00cdNDICE DE CARGA\/GRADO DE VELOCIDAD<\/span><\/td>\n<td style=\"height: 89px; width: 9.56439%;\" rowspan=\"2\" width=\"106\"><span style=\"font-size: 10pt;\">ANCHO DE LA SECCI\u00d3N (mm)<\/span><\/td>\n<td style=\"height: 89px; width: 12.3106%;\" rowspan=\"2\" width=\"112\"><span style=\"font-size: 10pt;\">DI\u00c1METRO EXTERIOR (mm)<\/span><\/td>\n<td style=\"height: 58px; width: 11.6477%;\" colspan=\"2\" width=\"144\"><span style=\"font-size: 10pt;\">PRESI\u00d3N DE INFLACI\u00d3N (kpa)<\/span><\/td>\n<td style=\"height: 58px; width: 10.5114%;\" colspan=\"2\" width=\"159\"><span style=\"font-size: 10pt;\">CAPACIDAD DE CARGA (kg)<\/span><\/td>\n<\/tr>\n<tr style=\"height: 31px;\">\n<td style=\"height: 31px; width: 6.62879%;\"><span style=\"font-size: 10pt;\">SOLTERO<\/span><\/td>\n<td style=\"height: 31px; width: 5.01894%;\"><span style=\"font-size: 10pt;\">DOBLE<\/span><\/td>\n<td style=\"height: 31px; width: 5.96591%;\"><span style=\"font-size: 10pt;\">SOLTERO<\/span><\/td>\n<td style=\"height: 31px; width: 4.54545%;\"><span style=\"font-size: 10pt;\">DOBLE<\/span><\/td>\n<\/tr>\n<tr style=\"height: 24px;\">\n<td style=\"height: 24px; width: 9.375%;\"><span style=\"font-size: 10pt;\">295\/80R22.5<\/span><\/td>\n<td style=\"height: 24px; width: 12.0265%;\"><span style=\"font-size: 10pt;\">18PR<\/span><\/td>\n<td style=\"height: 24px; width: 11.7424%;\"><span style=\"font-size: 10pt;\">20<\/span><\/td>\n<td style=\"height: 24px; width: 8.52273%;\"><span style=\"font-size: 10pt;\">9.00<\/span><\/td>\n<td style=\"height: 24px; width: 11.7424%;\"><span style=\"font-size: 10pt;\">152\/149L<\/span><\/td>\n<td style=\"height: 24px; width: 9.56439%;\"><span style=\"font-size: 10pt;\">298<\/span><\/td>\n<td style=\"height: 24px; width: 12.3106%;\"><span style=\"font-size: 10pt;\">1050<\/span><\/td>\n<td style=\"height: 24px; width: 6.62879%;\"><span style=\"font-size: 10pt;\">900<\/span><\/td>\n<td style=\"height: 24px; width: 5.01894%;\"><span style=\"font-size: 10pt;\">900<\/span><\/td>\n<td style=\"height: 24px; width: 5.96591%;\"><span style=\"font-size: 10pt;\">3550<\/span><\/td>\n<td style=\"height: 24px; width: 4.54545%;\"><span style=\"font-size: 10pt;\">3250<\/span><\/td>\n<\/tr>\n<tr style=\"height: 24px;\">\n<td style=\"height: 24px; width: 9.375%;\"><span style=\"font-size: 10pt;\">315\/80R22.5<\/span><\/td>\n<td style=\"height: 24px; width: 12.0265%;\"><span style=\"font-size: 10pt;\">20PR<\/span><\/td>\n<td style=\"height: 24px; width: 11.7424%;\"><span style=\"font-size: 10pt;\">20<\/span><\/td>\n<td style=\"height: 24px; width: 8.52273%;\"><span style=\"font-size: 10pt;\">9.00<\/span><\/td>\n<td style=\"height: 24px; width: 11.7424%;\"><span style=\"font-size: 10pt;\">157\/154L<\/span><\/td>\n<td style=\"height: 24px; width: 9.56439%;\"><span style=\"font-size: 10pt;\">312<\/span><\/td>\n<td style=\"height: 24px; width: 12.3106%;\"><span style=\"font-size: 10pt;\">1082<\/span><\/td>\n<td style=\"height: 24px; width: 6.62879%;\"><span style=\"font-size: 10pt;\">850<\/span><\/td>\n<td style=\"height: 24px; width: 5.01894%;\"><span style=\"font-size: 10pt;\">850<\/span><\/td>\n<td style=\"height: 24px; width: 5.96591%;\"><span style=\"font-size: 10pt;\">4000<\/span><\/td>\n<td style=\"height: 24px; width: 4.54545%;\"><span style=\"font-size: 10pt;\">3350<\/span><\/td>\n<\/tr>\n<tr style=\"height: 24px;\">\n<td style=\"height: 24px; width: 9.375%;\"><span style=\"font-size: 10pt;\">12R22.5<\/span><\/td>\n<td style=\"height: 24px; width: 12.0265%;\"><span style=\"font-size: 10pt;\">18PR<\/span><\/td>\n<td style=\"height: 24px; width: 11.7424%;\"><span style=\"font-size: 10pt;\">20<\/span><\/td>\n<td style=\"height: 24px; width: 8.52273%;\"><span style=\"font-size: 10pt;\">9.00<\/span><\/td>\n<td style=\"height: 24px; width: 11.7424%;\"><span style=\"font-size: 10pt;\">152\/149L<\/span><\/td>\n<td style=\"height: 24px; width: 9.56439%;\"><span style=\"font-size: 10pt;\">300<\/span><\/td>\n<td style=\"height: 24px; width: 12.3106%;\"><span style=\"font-size: 10pt;\">1096<\/span><\/td>\n<td style=\"height: 24px; width: 6.62879%;\"><span style=\"font-size: 10pt;\">930<\/span><\/td>\n<td style=\"height: 24px; width: 5.01894%;\"><span style=\"font-size: 10pt;\">930<\/span><\/td>\n<td style=\"height: 24px; width: 5.96591%;\"><span style=\"font-size: 10pt;\">3550<\/span><\/td>\n<td style=\"height: 24px; width: 4.54545%;\"><span style=\"font-size: 10pt;\">3250<\/span><\/td>\n<\/tr>\n<\/tbody>\n<\/table>\n","protected":false},"excerpt":{"rendered":"<ul>\n<li>Dise\u00f1o de perfil optimizado..<\/li>\n<li>F\u00f3rmula compuesta s\u00faper resistente al desgaste y al funcionamiento en fr\u00edo.<\/li>\n<li>Estructura de tapa fuerte.<\/li>\n<li>Carcasa y estructura de tal\u00f3n reforzadas.<\/li>\n<\/ul>\n","protected":false},"featured_media":1441,"template":"","meta":[],"product_cat":[28],"product_tag":[],"class_list":["post-447","product","type-product","status-publish","has-post-thumbnail","hentry","product_cat-long-haulregional"],"acf":[],"_links":{"self":[{"href":"https:\/\/es.wzutechtires.com\/index.php\/wp-json\/wp\/v2\/product\/447","targetHints":{"allow":["GET"]}}],"collection":[{"href":"https:\/\/es.wzutechtires.com\/index.php\/wp-json\/wp\/v2\/product"}],"about":[{"href":"https:\/\/es.wzutechtires.com\/index.php\/wp-json\/wp\/v2\/types\/product"}],"wp:featuredmedia":[{"embeddable":true,"href":"https:\/\/es.wzutechtires.com\/index.php\/wp-json\/wp\/v2\/media\/1441"}],"wp:attachment":[{"href":"https:\/\/es.wzutechtires.com\/index.php\/wp-json\/wp\/v2\/media?parent=447"}],"wp:term":[{"taxonomy":"product_cat","embeddable":true,"href":"https:\/\/es.wzutechtires.com\/index.php\/wp-json\/wp\/v2\/product_cat?post=447"},{"taxonomy":"product_tag","embeddable":true,"href":"https:\/\/es.wzutechtires.com\/index.php\/wp-json\/wp\/v2\/product_tag?post=447"}],"curies":[{"name":"wp","href":"https:\/\/api.w.org\/{rel}","templated":true}]}}