{"id":454,"date":"2022-12-08T13:54:03","date_gmt":"2022-12-08T05:54:03","guid":{"rendered":"http:\/\/es.wzutechtires.com\/?post_type=product&#038;p=454"},"modified":"2023-07-21T11:56:39","modified_gmt":"2023-07-21T03:56:39","slug":"atr228l","status":"publish","type":"product","link":"https:\/\/es.wzutechtires.com\/index.php\/product\/atr228l\/","title":{"rendered":"ATR228(L)"},"content":{"rendered":"<table style=\"width: 100%;\" width=\"100%\">\n<tbody>\n<tr>\n<td style=\"width: 9.62099%;\" rowspan=\"2\" width=\"126\"><span style=\"font-size: 10pt;\">TAMA\u00d1O<\/span><\/td>\n<td style=\"width: 12.3421%;\" rowspan=\"2\" width=\"88\"><span style=\"font-size: 10pt;\">CLASIFICACI\u00d3N DE CAPAS<\/span><\/td>\n<td style=\"width: 12.0505%;\" rowspan=\"2\" width=\"103\"><span style=\"font-size: 10pt;\">PROFUNDIDAD DE LA BANDA (mm)<\/span><\/td>\n<td style=\"width: 8.74636%;\" rowspan=\"2\" width=\"124\"><span style=\"font-size: 10pt;\">LLANTA EST\u00c1NDAR<\/span><\/td>\n<td style=\"width: 12.0505%;\" rowspan=\"2\" width=\"200\"><span style=\"font-size: 10pt;\">\u00cdNDICE DE CARGA\/GRADO DE VELOCIDAD<\/span><\/td>\n<td style=\"width: 9.0379%;\" rowspan=\"2\" width=\"106\"><span style=\"font-size: 10pt;\">ANCHO DE LA SECCI\u00d3N (mm)<\/span><\/td>\n<td style=\"width: 10.7872%;\" rowspan=\"2\" width=\"112\"><span style=\"font-size: 10pt;\">DI\u00c1METRO EXTERIOR (mm)<\/span><\/td>\n<td style=\"width: 11.9534%;\" colspan=\"2\" width=\"144\"><span style=\"font-size: 10pt;\">PRESI\u00d3N DE INFLACI\u00d3N (kpa)<\/span><\/td>\n<td style=\"width: 10.7872%;\" colspan=\"2\" width=\"159\"><span style=\"font-size: 10pt;\">CAPACIDAD DE CARGA (kg)<\/span><\/td>\n<\/tr>\n<tr>\n<td style=\"width: 6.80272%;\"><span style=\"font-size: 10pt;\">SOLTERO<\/span><\/td>\n<td style=\"width: 5.15063%;\"><span style=\"font-size: 10pt;\">DOBLE<\/span><\/td>\n<td style=\"width: 6.70611%;\"><span style=\"font-size: 10pt;\">SOLTERO<\/span><\/td>\n<td style=\"width: 4.08106%;\"><span style=\"font-size: 10pt;\">DOBLE<\/span><\/td>\n<\/tr>\n<tr>\n<td style=\"width: 9.62099%;\"><span style=\"font-size: 10pt;\">295\/80R22.5<\/span><\/td>\n<td style=\"width: 12.3421%;\"><span style=\"font-size: 10pt;\">18PR<\/span><\/td>\n<td style=\"width: 12.0505%;\"><span style=\"font-size: 10pt;\">15<\/span><\/td>\n<td style=\"width: 8.74636%;\"><span style=\"font-size: 10pt;\">9.00<\/span><\/td>\n<td style=\"width: 12.0505%;\"><span style=\"font-size: 10pt;\">152\/149L<\/span><\/td>\n<td style=\"width: 9.0379%;\"><span style=\"font-size: 10pt;\">298<\/span><\/td>\n<td style=\"width: 10.7872%;\"><span style=\"font-size: 10pt;\">1050<\/span><\/td>\n<td style=\"width: 6.80272%;\"><span style=\"font-size: 10pt;\">900<\/span><\/td>\n<td style=\"width: 5.15063%;\"><span style=\"font-size: 10pt;\">900<\/span><\/td>\n<td style=\"width: 6.70611%;\"><span style=\"font-size: 10pt;\">3550<\/span><\/td>\n<td style=\"width: 4.08106%;\"><span style=\"font-size: 10pt;\">3250<\/span><\/td>\n<\/tr>\n<tr>\n<td style=\"width: 9.62099%;\"><span style=\"font-size: 10pt;\">315\/80R22.5<\/span><\/td>\n<td style=\"width: 12.3421%;\"><span style=\"font-size: 10pt;\">20PR<\/span><\/td>\n<td style=\"width: 12.0505%;\"><span style=\"font-size: 10pt;\">15<\/span><\/td>\n<td style=\"width: 8.74636%;\"><span style=\"font-size: 10pt;\">9.00<\/span><\/td>\n<td style=\"width: 12.0505%;\"><span style=\"font-size: 10pt;\">156\/153L<\/span><\/td>\n<td style=\"width: 9.0379%;\"><span style=\"font-size: 10pt;\">312<\/span><\/td>\n<td style=\"width: 10.7872%;\"><span style=\"font-size: 10pt;\">1082<\/span><\/td>\n<td style=\"width: 6.80272%;\"><span style=\"font-size: 10pt;\">850<\/span><\/td>\n<td style=\"width: 5.15063%;\"><span style=\"font-size: 10pt;\">850<\/span><\/td>\n<td style=\"width: 6.70611%;\"><span style=\"font-size: 10pt;\">4000<\/span><\/td>\n<td style=\"width: 4.08106%;\"><span style=\"font-size: 10pt;\">3650<\/span><\/td>\n<\/tr>\n<tr>\n<td style=\"width: 9.62099%;\"><span style=\"font-size: 10pt;\">12R22.5<\/span><\/td>\n<td style=\"width: 12.3421%;\"><span style=\"font-size: 10pt;\">18PR<\/span><\/td>\n<td style=\"width: 12.0505%;\"><span style=\"font-size: 10pt;\">16.5<\/span><\/td>\n<td style=\"width: 8.74636%;\"><span style=\"font-size: 10pt;\">9.00<\/span><\/td>\n<td style=\"width: 12.0505%;\"><span style=\"font-size: 10pt;\">152\/149L<\/span><\/td>\n<td style=\"width: 9.0379%;\"><span style=\"font-size: 10pt;\">300<\/span><\/td>\n<td style=\"width: 10.7872%;\"><span style=\"font-size: 10pt;\">1096<\/span><\/td>\n<td style=\"width: 6.80272%;\"><span style=\"font-size: 10pt;\">930<\/span><\/td>\n<td style=\"width: 5.15063%;\"><span style=\"font-size: 10pt;\">930<\/span><\/td>\n<td style=\"width: 6.70611%;\"><span style=\"font-size: 10pt;\">3550<\/span><\/td>\n<td style=\"width: 4.08106%;\"><span style=\"font-size: 10pt;\">3250<\/span><\/td>\n<\/tr>\n<\/tbody>\n<\/table>\n","protected":false},"excerpt":{"rendered":"<ul>\n<li>Banda de rodadura ancha y ranuras profundas, lo que garantiza una mejor capacidad de conducci\u00f3n.<\/li>\n<li>La formulaci\u00f3n \u00fanica de la banda de rodadura y el dise\u00f1o de cuatro cinturones, mayor resistencia a la abrasi\u00f3n, mejoran el kilometraje largo.<\/li>\n<li>Ranura para evitar el dise\u00f1o de piedra, puede proteger eficazmente la banda de rodadura.<\/li>\n<\/ul>\n","protected":false},"featured_media":455,"template":"","meta":[],"product_cat":[28],"product_tag":[],"class_list":["post-454","product","type-product","status-publish","has-post-thumbnail","hentry","product_cat-long-haulregional"],"acf":[],"_links":{"self":[{"href":"https:\/\/es.wzutechtires.com\/index.php\/wp-json\/wp\/v2\/product\/454","targetHints":{"allow":["GET"]}}],"collection":[{"href":"https:\/\/es.wzutechtires.com\/index.php\/wp-json\/wp\/v2\/product"}],"about":[{"href":"https:\/\/es.wzutechtires.com\/index.php\/wp-json\/wp\/v2\/types\/product"}],"wp:featuredmedia":[{"embeddable":true,"href":"https:\/\/es.wzutechtires.com\/index.php\/wp-json\/wp\/v2\/media\/455"}],"wp:attachment":[{"href":"https:\/\/es.wzutechtires.com\/index.php\/wp-json\/wp\/v2\/media?parent=454"}],"wp:term":[{"taxonomy":"product_cat","embeddable":true,"href":"https:\/\/es.wzutechtires.com\/index.php\/wp-json\/wp\/v2\/product_cat?post=454"},{"taxonomy":"product_tag","embeddable":true,"href":"https:\/\/es.wzutechtires.com\/index.php\/wp-json\/wp\/v2\/product_tag?post=454"}],"curies":[{"name":"wp","href":"https:\/\/api.w.org\/{rel}","templated":true}]}}