{"id":456,"date":"2022-12-08T13:58:41","date_gmt":"2022-12-08T05:58:41","guid":{"rendered":"http:\/\/es.wzutechtires.com\/?post_type=product&#038;p=456"},"modified":"2023-03-22T15:08:11","modified_gmt":"2023-03-22T07:08:11","slug":"atr266","status":"publish","type":"product","link":"https:\/\/es.wzutechtires.com\/index.php\/product\/atr266\/","title":{"rendered":"ATR266"},"content":{"rendered":"<table style=\"width: 100%; height: 92px;\" width=\"100%\">\n<tbody>\n<tr style=\"height: 37px;\">\n<td style=\"height: 68px;\" rowspan=\"2\" width=\"126\"><span style=\"font-size: 10pt;\">TAMA\u00d1O<\/span><\/td>\n<td style=\"height: 68px;\" rowspan=\"2\" width=\"88\"><span style=\"font-size: 10pt;\">CLASIFICACI\u00d3N DE CAPAS<\/span><\/td>\n<td style=\"height: 68px;\" rowspan=\"2\" width=\"127\"><span style=\"font-size: 10pt;\">PROFUNDIDAD DE LA BANDA (mm)<\/span><\/td>\n<td style=\"height: 68px;\" rowspan=\"2\" width=\"109\"><span style=\"font-size: 10pt;\">LLANTA EST\u00c1NDAR<\/span><\/td>\n<td style=\"height: 68px;\" rowspan=\"2\" width=\"192\"><span style=\"font-size: 10pt;\">\u00cdNDICE DE CARGA\/GRADO DE VELOCIDAD<\/span><\/td>\n<td style=\"height: 68px;\" rowspan=\"2\" width=\"106\"><span style=\"font-size: 10pt;\">ANCHO DE LA SECCI\u00d3N (mm)<\/span><\/td>\n<td style=\"height: 68px;\" rowspan=\"2\" width=\"112\"><span style=\"font-size: 10pt;\">DI\u00c1METRO EXTERIOR (mm)<\/span><\/td>\n<td style=\"height: 37px;\" colspan=\"2\" width=\"144\"><span style=\"font-size: 10pt;\">PRESI\u00d3N DE INFLACI\u00d3N (kpa)<\/span><\/td>\n<td style=\"height: 37px;\" colspan=\"2\" width=\"159\"><span style=\"font-size: 10pt;\">CAPACIDAD DE CARGA (kg)<\/span><\/td>\n<\/tr>\n<tr style=\"height: 31px;\">\n<td style=\"height: 31px;\"><span style=\"font-size: 10pt;\">SOLTERO<\/span><\/td>\n<td style=\"height: 31px;\"><span style=\"font-size: 10pt;\">DOBLE<\/span><\/td>\n<td style=\"height: 31px;\"><span style=\"font-size: 10pt;\">SOLTERO<\/span><\/td>\n<td style=\"height: 31px;\"><span style=\"font-size: 10pt;\">DOBLE<\/span><\/td>\n<\/tr>\n<tr style=\"height: 24px;\">\n<td style=\"height: 24px;\"><span style=\"font-size: 10pt;\">315\/80R22.5<\/span><\/td>\n<td style=\"height: 24px;\"><span style=\"font-size: 10pt;\">20PR<\/span><\/td>\n<td style=\"height: 24px;\"><span style=\"font-size: 10pt;\">13.3<\/span><\/td>\n<td style=\"height: 24px;\"><span style=\"font-size: 10pt;\">9.00<\/span><\/td>\n<td style=\"height: 24px;\"><span style=\"font-size: 10pt;\">156\/150L<\/span><\/td>\n<td style=\"height: 24px;\"><span style=\"font-size: 10pt;\">312<\/span><\/td>\n<td style=\"height: 24px;\"><span style=\"font-size: 10pt;\">1082<\/span><\/td>\n<td style=\"height: 24px;\"><span style=\"font-size: 10pt;\">850<\/span><\/td>\n<td style=\"height: 24px;\"><span style=\"font-size: 10pt;\">850<\/span><\/td>\n<td style=\"height: 24px;\"><span style=\"font-size: 10pt;\">4000<\/span><\/td>\n<td style=\"height: 24px;\"><span style=\"font-size: 10pt;\">3350<\/span><\/td>\n<\/tr>\n<\/tbody>\n<\/table>\n","protected":false},"excerpt":{"rendered":"<ul>\n<li>Larga vida \u00fatil y gran estabilidad a alta velocidad.<\/li>\n<li>F\u00f3rmula compuesta s\u00faper resistente al desgaste y al funcionamiento en fr\u00edo.<\/li>\n<li>Pared lateral duradera y resistente al desgaste.<\/li>\n<li>Bajas emisiones de ruido y reducci\u00f3n de la retenci\u00f3n de piedras.<\/li>\n<\/ul>\n","protected":false},"featured_media":457,"template":"","meta":[],"product_cat":[28],"product_tag":[],"class_list":["post-456","product","type-product","status-publish","has-post-thumbnail","hentry","product_cat-long-haulregional"],"acf":[],"_links":{"self":[{"href":"https:\/\/es.wzutechtires.com\/index.php\/wp-json\/wp\/v2\/product\/456","targetHints":{"allow":["GET"]}}],"collection":[{"href":"https:\/\/es.wzutechtires.com\/index.php\/wp-json\/wp\/v2\/product"}],"about":[{"href":"https:\/\/es.wzutechtires.com\/index.php\/wp-json\/wp\/v2\/types\/product"}],"wp:featuredmedia":[{"embeddable":true,"href":"https:\/\/es.wzutechtires.com\/index.php\/wp-json\/wp\/v2\/media\/457"}],"wp:attachment":[{"href":"https:\/\/es.wzutechtires.com\/index.php\/wp-json\/wp\/v2\/media?parent=456"}],"wp:term":[{"taxonomy":"product_cat","embeddable":true,"href":"https:\/\/es.wzutechtires.com\/index.php\/wp-json\/wp\/v2\/product_cat?post=456"},{"taxonomy":"product_tag","embeddable":true,"href":"https:\/\/es.wzutechtires.com\/index.php\/wp-json\/wp\/v2\/product_tag?post=456"}],"curies":[{"name":"wp","href":"https:\/\/api.w.org\/{rel}","templated":true}]}}