{"id":458,"date":"2022-12-08T14:01:51","date_gmt":"2022-12-08T06:01:51","guid":{"rendered":"http:\/\/es.wzutechtires.com\/?post_type=product&#038;p=458"},"modified":"2023-03-22T14:56:20","modified_gmt":"2023-03-22T06:56:20","slug":"adc689","status":"publish","type":"product","link":"https:\/\/es.wzutechtires.com\/index.php\/product\/adc689\/","title":{"rendered":"ADC689"},"content":{"rendered":"<table style=\"width: 100%; height: 168px;\" width=\"100%\">\n<tbody>\n<tr style=\"height: 48px;\">\n<td style=\"height: 72px;\" rowspan=\"2\" width=\"126\"><span style=\"font-size: 10pt;\">TAMA\u00d1O<\/span><\/td>\n<td style=\"height: 72px;\" rowspan=\"2\" width=\"88\"><span style=\"font-size: 10pt;\">CLASIFICACI\u00d3N DE CAPAS<\/span><\/td>\n<td style=\"height: 72px;\" rowspan=\"2\" width=\"103\"><span style=\"font-size: 10pt;\">PROFUNDIDAD DE LA BANDA (mm)<\/span><\/td>\n<td style=\"height: 72px;\" rowspan=\"2\" width=\"124\"><span style=\"font-size: 10pt;\">LLANTA EST\u00c1NDAR<\/span><\/td>\n<td style=\"height: 72px;\" rowspan=\"2\" width=\"200\"><span style=\"font-size: 10pt;\">\u00cdNDICE DE CARGA\/GRADO DE VELOCIDAD<\/span><\/td>\n<td style=\"height: 72px;\" rowspan=\"2\" width=\"106\"><span style=\"font-size: 10pt;\">ANCHO DE LA SECCI\u00d3N (mm)<\/span><\/td>\n<td style=\"height: 72px;\" rowspan=\"2\" width=\"112\"><span style=\"font-size: 10pt;\">DI\u00c1METRO EXTERIOR (mm)<\/span><\/td>\n<td style=\"height: 48px;\" colspan=\"2\" width=\"144\"><span style=\"font-size: 10pt;\">PRESI\u00d3N DE INFLACI\u00d3N (kpa)<\/span><\/td>\n<td style=\"height: 48px;\" colspan=\"2\" width=\"159\"><span style=\"font-size: 10pt;\">CAPACIDAD DE CARGA (kg)<\/span><\/td>\n<\/tr>\n<tr style=\"height: 24px;\">\n<td style=\"height: 24px;\"><span style=\"font-size: 10pt;\">SOLTERO<\/span><\/td>\n<td style=\"height: 24px;\"><span style=\"font-size: 10pt;\">DOBLE<\/span><\/td>\n<td style=\"height: 24px;\"><span style=\"font-size: 10pt;\">SOLTERO<\/span><\/td>\n<td style=\"height: 24px;\"><span style=\"font-size: 10pt;\">DOBLE<\/span><\/td>\n<\/tr>\n<tr style=\"height: 24px;\">\n<td style=\"height: 24px;\"><span style=\"font-size: 10pt;\">8.25R16<\/span><\/td>\n<td style=\"height: 24px;\"><span style=\"font-size: 10pt;\">16PR<\/span><\/td>\n<td style=\"height: 24px;\"><span style=\"font-size: 10pt;\">12.0<\/span><\/td>\n<td style=\"height: 24px;\"><span style=\"font-size: 10pt;\">6.50H<\/span><\/td>\n<td style=\"height: 24px;\"><span style=\"font-size: 10pt;\">128\/124K<\/span><\/td>\n<td style=\"height: 24px;\"><span style=\"font-size: 10pt;\">235<\/span><\/td>\n<td style=\"height: 24px;\"><span style=\"font-size: 10pt;\">865<\/span><\/td>\n<td style=\"height: 24px;\"><span style=\"font-size: 10pt;\">770<\/span><\/td>\n<td style=\"height: 24px;\"><span style=\"font-size: 10pt;\">770<\/span><\/td>\n<td style=\"height: 24px;\"><span style=\"font-size: 10pt;\">1800<\/span><\/td>\n<td style=\"height: 24px;\"><span style=\"font-size: 10pt;\">1600<\/span><\/td>\n<\/tr>\n<tr style=\"height: 24px;\">\n<td style=\"height: 24px;\"><span style=\"font-size: 10pt;\">9.00R20<\/span><\/td>\n<td style=\"height: 24px;\"><span style=\"font-size: 10pt;\">16PR<\/span><\/td>\n<td style=\"height: 24px;\"><span style=\"font-size: 10pt;\">16.5<\/span><\/td>\n<td style=\"height: 24px;\"><span style=\"font-size: 10pt;\">7.00<\/span><\/td>\n<td style=\"height: 24px;\"><span style=\"font-size: 10pt;\">144\/142K<\/span><\/td>\n<td style=\"height: 24px;\"><span style=\"font-size: 10pt;\">259<\/span><\/td>\n<td style=\"height: 24px;\"><span style=\"font-size: 10pt;\">1030<\/span><\/td>\n<td style=\"height: 24px;\"><span style=\"font-size: 10pt;\">900<\/span><\/td>\n<td style=\"height: 24px;\"><span style=\"font-size: 10pt;\">900<\/span><\/td>\n<td style=\"height: 24px;\"><span style=\"font-size: 10pt;\">2800<\/span><\/td>\n<td style=\"height: 24px;\"><span style=\"font-size: 10pt;\">2650<\/span><\/td>\n<\/tr>\n<tr style=\"height: 24px;\">\n<td style=\"height: 24px;\"><span style=\"font-size: 10pt;\">11.00R20<\/span><\/td>\n<td style=\"height: 24px;\"><span style=\"font-size: 10pt;\">18PR<\/span><\/td>\n<td style=\"height: 24px;\"><span style=\"font-size: 10pt;\">15.5<\/span><\/td>\n<td style=\"height: 24px;\"><span style=\"font-size: 10pt;\">8.00<\/span><\/td>\n<td style=\"height: 24px;\"><span style=\"font-size: 10pt;\">152\/149K<\/span><\/td>\n<td style=\"height: 24px;\"><span style=\"font-size: 10pt;\">293<\/span><\/td>\n<td style=\"height: 24px;\"><span style=\"font-size: 10pt;\">1085<\/span><\/td>\n<td style=\"height: 24px;\"><span style=\"font-size: 10pt;\">930<\/span><\/td>\n<td style=\"height: 24px;\"><span style=\"font-size: 10pt;\">930<\/span><\/td>\n<td style=\"height: 24px;\"><span style=\"font-size: 10pt;\">3550<\/span><\/td>\n<td style=\"height: 24px;\"><span style=\"font-size: 10pt;\">3250<\/span><\/td>\n<\/tr>\n<tr style=\"height: 24px;\">\n<td style=\"height: 24px;\"><span style=\"font-size: 10pt;\">12.00R20<\/span><\/td>\n<td style=\"height: 24px;\"><span style=\"font-size: 10pt;\">20PR<\/span><\/td>\n<td style=\"height: 24px;\"><span style=\"font-size: 10pt;\">16.5<\/span><\/td>\n<td style=\"height: 24px;\"><span style=\"font-size: 10pt;\">8.50<\/span><\/td>\n<td style=\"height: 24px;\"><span style=\"font-size: 10pt;\">156\/153K<\/span><\/td>\n<td style=\"height: 24px;\"><span style=\"font-size: 10pt;\">315<\/span><\/td>\n<td style=\"height: 24px;\"><span style=\"font-size: 10pt;\">1136<\/span><\/td>\n<td style=\"height: 24px;\"><span style=\"font-size: 10pt;\">900<\/span><\/td>\n<td style=\"height: 24px;\"><span style=\"font-size: 10pt;\">900<\/span><\/td>\n<td style=\"height: 24px;\"><span style=\"font-size: 10pt;\">4000<\/span><\/td>\n<td style=\"height: 24px;\"><span style=\"font-size: 10pt;\">3650<\/span><\/td>\n<\/tr>\n<\/tbody>\n<\/table>\n","protected":false},"excerpt":{"rendered":"<ul>\n<li>Fuerte patr\u00f3n de bloques horizontales, dise\u00f1o de superficie de conducci\u00f3n ensanchada, que proporciona un excelente rendimiento de conducci\u00f3n y alta resistencia al desgaste.<\/li>\n<li>Dise\u00f1o de estructura de puerto secundario reforzado, estructura de anillo de acero especial, adecuada para una demanda de carga del 220%.<\/li>\n<li>El material de alambre de acero de alta resistencia mejora la resistencia a roturas y pinchazos.<\/li>\n<li>F\u00f3rmula especial de baja generaci\u00f3n de calor, la velocidad m\u00e1xima de conducci\u00f3n en condiciones de carga es de 60 km\/h y la distancia de conducci\u00f3n es inferior a 220 km.<\/li>\n<\/ul>\n","protected":false},"featured_media":459,"template":"","meta":[],"product_cat":[29],"product_tag":[],"class_list":["post-458","product","type-product","status-publish","has-post-thumbnail","hentry","product_cat-off-the-roadmining"],"acf":[],"_links":{"self":[{"href":"https:\/\/es.wzutechtires.com\/index.php\/wp-json\/wp\/v2\/product\/458","targetHints":{"allow":["GET"]}}],"collection":[{"href":"https:\/\/es.wzutechtires.com\/index.php\/wp-json\/wp\/v2\/product"}],"about":[{"href":"https:\/\/es.wzutechtires.com\/index.php\/wp-json\/wp\/v2\/types\/product"}],"wp:featuredmedia":[{"embeddable":true,"href":"https:\/\/es.wzutechtires.com\/index.php\/wp-json\/wp\/v2\/media\/459"}],"wp:attachment":[{"href":"https:\/\/es.wzutechtires.com\/index.php\/wp-json\/wp\/v2\/media?parent=458"}],"wp:term":[{"taxonomy":"product_cat","embeddable":true,"href":"https:\/\/es.wzutechtires.com\/index.php\/wp-json\/wp\/v2\/product_cat?post=458"},{"taxonomy":"product_tag","embeddable":true,"href":"https:\/\/es.wzutechtires.com\/index.php\/wp-json\/wp\/v2\/product_tag?post=458"}],"curies":[{"name":"wp","href":"https:\/\/api.w.org\/{rel}","templated":true}]}}